{"id":48352,"date":"2024-09-05T08:03:41","date_gmt":"2024-09-05T08:03:41","guid":{"rendered":"https:\/\/www.multifrigo.pl\/sklep\/produkt\/szafa-chlodnicza-640x830x2040-bolarus-gastro-inox-c500\/"},"modified":"2024-09-05T11:42:34","modified_gmt":"2024-09-05T11:42:34","slug":"szafa-chlodnicza-640x830x2040-bolarus-gastro-inox-c500","status":"publish","type":"product","link":"https:\/\/www.multifrigo.pl\/sklep\/produkt\/szafa-chlodnicza-640x830x2040-bolarus-gastro-inox-c500\/","title":{"rendered":"Szafa ch\u0142odnicza, 640x830x2040, Bolarus Gastro INOX C500"},"content":{"rendered":"<p>Szafy ch\u0142odnicze serii Gastro C Inox wykonane s\u0105 z najwy\u017cszej jako\u015bci stali nierdzewnej, kwasoodpornej Aisi 304 (H18). Ich wn\u0119trze dopasowane jest pod pojemniki GN 2\/1. Dostepne r\u00f3wnie\u017c z drzwiami szklanymi wraz z o\u015bwietleniem wn\u0119trza.<\/p>\n<p>Wyposa\u017cenie standardowe:<\/p>\n<p>Elektroniczny sterownik temperatury z wy\u015bwietlaczem<br \/>\nCh\u0142odzenie dynamiczne<br \/>\nAutomatyczne odszranianie<br \/>\nAutomatyczne odparowanie skroplin<br \/>\nDrzwi pe\u0142ne<br \/>\nSamodomykaj\u0105ce si\u0119 drzwi<br \/>\nRegulowane nogi<br \/>\nWn\u0119trze ze stali AISI 304<br \/>\nProwadnice p\u00f3\u0142ek<br \/>\nP\u00f3\u0142ki metalowe plastyfikowane<br \/>\nWn\u0119trze przystosowane do pojemnik\u00f3w GN<br \/>\nKorpus zewn\u0119trzny ze stali AISI 304<br \/>\nWersja tropik (n\/d drzwi szklane)<br \/>\nZamek drzwi mechaniczny<br \/>\nAutomatyczna praca wentylatora<br \/>\nCh\u0142odzenie dynamiczne za pomoc\u0105 monobloku<br \/>\nMagnetyczna uszczelka drzwi<\/p>\n<p>Wyposa\u017cenie dost\u0119pne opcjonalnie w niekt\u00f3rych modelach<\/p>\n<p>System ochrony \u017cywno\u015bci TiO2<br \/>\nPeda\u0142 do otwierania drzwi nog\u0105<br \/>\nRegulowane nogi INOX<br \/>\nKomplet k\u00f3\u0142ek<br \/>\nProwadnice p\u00f3\u0142ek<br \/>\nP\u00f3\u0142ki inox<br \/>\nHaki na wyroby mi\u0119sne<br \/>\nGrza\u0142ka odszraniania parownika<br \/>\nRejestrator temperatury<br \/>\nAlarm d\u017awi\u0119kowy<br \/>\nCzynnik ch\u0142odniczy R-134a\/R-404a<br \/>\nNowy design obudowyP\u00f3\u0142ka metalowa plastyfikowana<br \/>\nWn\u0119trze przystosowane do tac piekarniczych 600&#215;400<br \/>\nO\u015bwietlenie &#8211; barwa neutralna<br \/>\nWtyczka angielska<br \/>\nDrzwi szklane<\/p>\n","protected":false},"excerpt":{"rendered":"<p>Szafy ch\u0142odnicze serii Gastro C Inox wykonane s\u0105 z najwy\u017cszej jako\u015bci stali nierdzewnej, kwasoodpornej Aisi 304 (H18). Ich wn\u0119trze dopasowane jest pod pojemniki GN 2\/1. Dostepne r\u00f3wnie\u017c z drzwiami szklanymi wraz z o\u015bwietleniem wn\u0119trza. Wyposa\u017cenie standardowe: Elektroniczny sterownik temperatury z wy\u015bwietlaczem Ch\u0142odzenie dynamiczne Automatyczne odszranianie Automatyczne odparowanie skroplin Drzwi pe\u0142ne Samodomykaj\u0105ce si\u0119 drzwi Regulowane nogi [&hellip;]<\/p>\n","protected":false},"featured_media":48587,"template":"","meta":{"_et_pb_use_builder":"","_et_pb_old_content":"","_et_gb_content_width":""},"pwb-brand":[1570],"product_brand":[],"product_cat":[518],"product_tag":[],"class_list":{"0":"post-48352","1":"product","2":"type-product","3":"status-publish","4":"has-post-thumbnail","6":"pwb-brand-bolarus","7":"product_cat-szafy-chlodnicze","9":"first","10":"instock","11":"taxable","12":"shipping-taxable","13":"purchasable","14":"product-type-simple"},"brands":[{"id":1570,"name":"Bolarus","slug":"bolarus"}],"_links":{"self":[{"href":"https:\/\/www.multifrigo.pl\/sklep\/wp-json\/wp\/v2\/product\/48352","targetHints":{"allow":["GET"]}}],"collection":[{"href":"https:\/\/www.multifrigo.pl\/sklep\/wp-json\/wp\/v2\/product"}],"about":[{"href":"https:\/\/www.multifrigo.pl\/sklep\/wp-json\/wp\/v2\/types\/product"}],"wp:featuredmedia":[{"embeddable":true,"href":"https:\/\/www.multifrigo.pl\/sklep\/wp-json\/wp\/v2\/media\/48587"}],"wp:attachment":[{"href":"https:\/\/www.multifrigo.pl\/sklep\/wp-json\/wp\/v2\/media?parent=48352"}],"wp:term":[{"taxonomy":"pwb-brand","embeddable":true,"href":"https:\/\/www.multifrigo.pl\/sklep\/wp-json\/wp\/v2\/pwb-brand?post=48352"},{"taxonomy":"product_brand","embeddable":true,"href":"https:\/\/www.multifrigo.pl\/sklep\/wp-json\/wp\/v2\/product_brand?post=48352"},{"taxonomy":"product_cat","embeddable":true,"href":"https:\/\/www.multifrigo.pl\/sklep\/wp-json\/wp\/v2\/product_cat?post=48352"},{"taxonomy":"product_tag","embeddable":true,"href":"https:\/\/www.multifrigo.pl\/sklep\/wp-json\/wp\/v2\/product_tag?post=48352"}],"curies":[{"name":"wp","href":"https:\/\/api.w.org\/{rel}","templated":true}]}}