{"id":48364,"date":"2024-09-05T08:04:15","date_gmt":"2024-09-05T08:04:15","guid":{"rendered":"https:\/\/www.multifrigo.pl\/sklep\/produkt\/szafa-do-sezonowania-miesa-740x825x2040-bolarus-pro-seasoning-700\/"},"modified":"2024-09-05T11:44:47","modified_gmt":"2024-09-05T11:44:47","slug":"szafa-do-sezonowania-miesa-740x825x2040-bolarus-pro-seasoning-700","status":"publish","type":"product","link":"https:\/\/www.multifrigo.pl\/sklep\/produkt\/szafa-do-sezonowania-miesa-740x825x2040-bolarus-pro-seasoning-700\/","title":{"rendered":"Szafa do sezonowania mi\u0119sa, 740\u00d7825\u00d72040, Bolarus Pro Seasoning 700"},"content":{"rendered":"<p>Szafa do sezonowania mi\u0119sa, 740\u00d7825\u00d72040, Bolarus Pro Seasoning 700<br \/>\nSzafa do sezonowania wo\u0142owiny Pro Seasoning jest odpowiedzi\u0105 na wci\u0105\u017c rosn\u0105ce wymogi restauracji, hoteli oraz profesjonalnych delikates\u00f3w z \u017cywno\u015bci\u0105. \u0141\u0105czy cechy urz\u0105dzenia ch\u0142odniczego wraz z funkcj\u0105 specjalistyczn\u0105, kt\u00f3ra pozwala na prawid\u0142owe dojrzewanie ekskluzywnych mi\u0119s w odpowiednich warunkach termicznych przy w\u0142a\u015bciwej wilgotno\u015bci. Poddana procesowi dry aging\u2019u (czyli sezonowania w suchym , ch\u0142odnym powietrzu) wo\u0142owina, zamieni si\u0119 w kruchy i aromatyczny stek, a w\u0119dlina nabierze niepowtarzalnego, intensywnego smaku. Rozwi\u0105zania zastosowane w Pro Seasoning umo\u017cliwiaj\u0105 precyzyjne sterowanie temperatur\u0105 i wilgotno\u015bci\u0105 w zale\u017cno\u015bci od wymaga\u0144 produktu i szefa kuchni, a innowacyjny system ochrony \u017cywno\u015bci TiO2 sprawia, \u017ce wn\u0119trze poddane jest ci\u0105g\u0142ej sterylizacji.<\/p>\n<p>Ca\u0142o\u015b\u0107 wykonana jest z eleganckich materia\u0142\u00f3w najwy\u017cszej jako\u015bci o nietuzinkowym designie. Urz\u0105dzenie jest energooszcz\u0119dne, do ch\u0142odzenia u\u017cywany jest ekologiczny czynnik ch\u0142odniczy R290.<\/p>\n<p>Wyposa\u017cenie standardowe:<\/p>\n<p>System ochrony \u017cywno\u015bci TiO2<br \/>\nDotykowy panel sterowania<br \/>\nElektroniczny sterownik temperatury z wy\u015bwietlaczem<br \/>\nAutomatyczne odszranianie<br \/>\nAutomatyczne odparowanie skroplin<br \/>\nRegulator wilgotno\u015bci<br \/>\nSamodomykaj\u0105ce si\u0119 drzwi<br \/>\nSzklane drzwi<br \/>\nPeda\u0142 do otwierania drzwi nog\u0105Regulowane nogi INOX<br \/>\nWn\u0119trze ze stali AISI 304<br \/>\nP\u00f3\u0142ki inox<br \/>\nHaki na wyroby mi\u0119sne<br \/>\nKorpus zewn\u0119trzny lakierowany proszkowo na kolor RAL<br \/>\nAlarm d\u017awi\u0119kowy<br \/>\nFunkcja programowanie<br \/>\nO\u015bwietlenie &#8211; barwa czerwona<br \/>\nAutomatyczna praca wentylatora<br \/>\nCh\u0142odzenie dynamiczne za pomoc\u0105 monobloku<br \/>\nZoptymalizowany obieg powietrza przez perforacje wewn\u0105trz urz\u0105dzenia<br \/>\nBlok soli himalajskiej<br \/>\nMagnetyczna uszczelka drzwi<br \/>\nFiltr w\u0119glowy<\/p>\n<p>Wyposa\u017cenie dost\u0119pne opcjonalnie w niekt\u00f3rych modelach<\/p>\n<p>Komplet k\u00f3\u0142ek<br \/>\nModu\u0142 bluetooth<br \/>\nWtyczka angielska<br \/>\nZamek drzwi mechaniczny<br \/>\nZamek drzwi elektroniczny<br \/>\nModu\u0142 wi-fi<\/p>\n","protected":false},"excerpt":{"rendered":"<p>Szafa do sezonowania mi\u0119sa, 740\u00d7825\u00d72040, Bolarus Pro Seasoning 700 Szafa do sezonowania wo\u0142owiny Pro Seasoning jest odpowiedzi\u0105 na wci\u0105\u017c rosn\u0105ce wymogi restauracji, hoteli oraz profesjonalnych delikates\u00f3w z \u017cywno\u015bci\u0105. \u0141\u0105czy cechy urz\u0105dzenia ch\u0142odniczego wraz z funkcj\u0105 specjalistyczn\u0105, kt\u00f3ra pozwala na prawid\u0142owe dojrzewanie ekskluzywnych mi\u0119s w odpowiednich warunkach termicznych przy w\u0142a\u015bciwej wilgotno\u015bci. Poddana procesowi dry aging\u2019u (czyli [&hellip;]<\/p>\n","protected":false},"featured_media":48593,"template":"","meta":{"_et_pb_use_builder":"","_et_pb_old_content":"","_et_gb_content_width":""},"pwb-brand":[1570],"product_brand":[],"product_cat":[1569],"product_tag":[],"class_list":{"0":"post-48364","1":"product","2":"type-product","3":"status-publish","4":"has-post-thumbnail","6":"pwb-brand-bolarus","7":"product_cat-szafy-do-sezonowania-miesa","9":"first","10":"instock","11":"taxable","12":"shipping-taxable","13":"purchasable","14":"product-type-simple"},"brands":[{"id":1570,"name":"Bolarus","slug":"bolarus"}],"_links":{"self":[{"href":"https:\/\/www.multifrigo.pl\/sklep\/wp-json\/wp\/v2\/product\/48364","targetHints":{"allow":["GET"]}}],"collection":[{"href":"https:\/\/www.multifrigo.pl\/sklep\/wp-json\/wp\/v2\/product"}],"about":[{"href":"https:\/\/www.multifrigo.pl\/sklep\/wp-json\/wp\/v2\/types\/product"}],"wp:featuredmedia":[{"embeddable":true,"href":"https:\/\/www.multifrigo.pl\/sklep\/wp-json\/wp\/v2\/media\/48593"}],"wp:attachment":[{"href":"https:\/\/www.multifrigo.pl\/sklep\/wp-json\/wp\/v2\/media?parent=48364"}],"wp:term":[{"taxonomy":"pwb-brand","embeddable":true,"href":"https:\/\/www.multifrigo.pl\/sklep\/wp-json\/wp\/v2\/pwb-brand?post=48364"},{"taxonomy":"product_brand","embeddable":true,"href":"https:\/\/www.multifrigo.pl\/sklep\/wp-json\/wp\/v2\/product_brand?post=48364"},{"taxonomy":"product_cat","embeddable":true,"href":"https:\/\/www.multifrigo.pl\/sklep\/wp-json\/wp\/v2\/product_cat?post=48364"},{"taxonomy":"product_tag","embeddable":true,"href":"https:\/\/www.multifrigo.pl\/sklep\/wp-json\/wp\/v2\/product_tag?post=48364"}],"curies":[{"name":"wp","href":"https:\/\/api.w.org\/{rel}","templated":true}]}}