{"id":48366,"date":"2024-09-05T08:04:19","date_gmt":"2024-09-05T08:04:19","guid":{"rendered":"https:\/\/www.multifrigo.pl\/sklep\/produkt\/szafa-pro-cheese-740x825x2040-bolarus-pro-cheese-700\/"},"modified":"2024-09-05T11:45:45","modified_gmt":"2024-09-05T11:45:45","slug":"szafa-pro-cheese-740x825x2040-bolarus-pro-cheese-700","status":"publish","type":"product","link":"https:\/\/www.multifrigo.pl\/sklep\/produkt\/szafa-pro-cheese-740x825x2040-bolarus-pro-cheese-700\/","title":{"rendered":"Szafa Pro Cheese, 740\u00d7825\u00d72040, Bolarus Pro Cheese 700"},"content":{"rendered":"<p>Szafa Pro Cheese, 740\u00d7825\u00d72040, Bolarus Pro Cheese 700<br \/>\nSzafa do przechowywania i ekspozycji ser\u00f3w PRO CHEESE<\/p>\n<p>Wyposa\u017cenie standardowe:<\/p>\n<p>System ochrony \u017cywno\u015bci TiO2<br \/>\nDotykowy panel sterowania<br \/>\nElektroniczny sterownik temperatury z wy\u015bwietlaczem<br \/>\nAutomatyczne odszranianie<br \/>\nRegulator wilgotno\u015bci<br \/>\nSamodomykaj\u0105ce si\u0119 drzwi<br \/>\nSzklane drzwi<br \/>\nMagnetyczna, \u0142atwo demontowalna uszczelka drzwi<br \/>\nZamek drzwi<br \/>\nPeda\u0142 do otwierania drzwi nog\u0105<br \/>\nRegulowane nogi<br \/>\nWn\u0119trze ze stali AISI 304<br \/>\nProwadnice p\u00f3\u0142ek<br \/>\nP\u00f3\u0142ki inox<br \/>\nO\u015bwietlenie g\u00f3rne<br \/>\nAutomatyczne odparowanie kondensatu<br \/>\nKorpus zewn\u0119trzny lakierowany proszkowo na kolor RAL<br \/>\nAlarm d\u017awi\u0119kowy<br \/>\nFunkcja programowanie<br \/>\nAutomatyczna praca wentylatora<br \/>\nCh\u0142odzenie dynamiczne za pomoc\u0105 monobloku<br \/>\nZoptymalizowany obieg powietrza przez perforacje wewn\u0105trz urz\u0105dzenia<\/p>\n<p>Wyposa\u017cenie dost\u0119pne opcjonalnie w niekt\u00f3rych modelach<\/p>\n<p>Komplet k\u00f3\u0142ek<br \/>\nModu\u0142 bluetooth<br \/>\nWtyczka angielska<br \/>\nZamek drzwi mechaniczny<br \/>\nZamek drzwi elektroniczny<br \/>\nModu\u0142 wi-fi<\/p>\n","protected":false},"excerpt":{"rendered":"<p>Szafa Pro Cheese, 740\u00d7825\u00d72040, Bolarus Pro Cheese 700 Szafa do przechowywania i ekspozycji ser\u00f3w PRO CHEESE Wyposa\u017cenie standardowe: System ochrony \u017cywno\u015bci TiO2 Dotykowy panel sterowania Elektroniczny sterownik temperatury z wy\u015bwietlaczem Automatyczne odszranianie Regulator wilgotno\u015bci Samodomykaj\u0105ce si\u0119 drzwi Szklane drzwi Magnetyczna, \u0142atwo demontowalna uszczelka drzwi Zamek drzwi Peda\u0142 do otwierania drzwi nog\u0105 Regulowane nogi Wn\u0119trze ze [&hellip;]<\/p>\n","protected":false},"featured_media":48417,"template":"","meta":{"_et_pb_use_builder":"","_et_pb_old_content":"","_et_gb_content_width":""},"pwb-brand":[1570],"product_brand":[],"product_cat":[518],"product_tag":[],"class_list":{"0":"post-48366","1":"product","2":"type-product","3":"status-publish","4":"has-post-thumbnail","6":"pwb-brand-bolarus","7":"product_cat-szafy-chlodnicze","9":"first","10":"instock","11":"taxable","12":"shipping-taxable","13":"purchasable","14":"product-type-simple"},"brands":[{"id":1570,"name":"Bolarus","slug":"bolarus"}],"_links":{"self":[{"href":"https:\/\/www.multifrigo.pl\/sklep\/wp-json\/wp\/v2\/product\/48366","targetHints":{"allow":["GET"]}}],"collection":[{"href":"https:\/\/www.multifrigo.pl\/sklep\/wp-json\/wp\/v2\/product"}],"about":[{"href":"https:\/\/www.multifrigo.pl\/sklep\/wp-json\/wp\/v2\/types\/product"}],"wp:featuredmedia":[{"embeddable":true,"href":"https:\/\/www.multifrigo.pl\/sklep\/wp-json\/wp\/v2\/media\/48417"}],"wp:attachment":[{"href":"https:\/\/www.multifrigo.pl\/sklep\/wp-json\/wp\/v2\/media?parent=48366"}],"wp:term":[{"taxonomy":"pwb-brand","embeddable":true,"href":"https:\/\/www.multifrigo.pl\/sklep\/wp-json\/wp\/v2\/pwb-brand?post=48366"},{"taxonomy":"product_brand","embeddable":true,"href":"https:\/\/www.multifrigo.pl\/sklep\/wp-json\/wp\/v2\/product_brand?post=48366"},{"taxonomy":"product_cat","embeddable":true,"href":"https:\/\/www.multifrigo.pl\/sklep\/wp-json\/wp\/v2\/product_cat?post=48366"},{"taxonomy":"product_tag","embeddable":true,"href":"https:\/\/www.multifrigo.pl\/sklep\/wp-json\/wp\/v2\/product_tag?post=48366"}],"curies":[{"name":"wp","href":"https:\/\/api.w.org\/{rel}","templated":true}]}}