{"id":48367,"date":"2024-09-05T08:04:21","date_gmt":"2024-09-05T08:04:21","guid":{"rendered":"https:\/\/www.multifrigo.pl\/sklep\/produkt\/szafa-pro-vine-740x825x2040-bolarus-pro-vine-700\/"},"modified":"2024-09-05T11:45:48","modified_gmt":"2024-09-05T11:45:48","slug":"szafa-pro-vine-740x825x2040-bolarus-pro-vine-700","status":"publish","type":"product","link":"https:\/\/www.multifrigo.pl\/sklep\/produkt\/szafa-pro-vine-740x825x2040-bolarus-pro-vine-700\/","title":{"rendered":"Szafa Pro Vine, 740\u00d7825\u00d72040, Bolarus Pro Vine 700"},"content":{"rendered":"<p>Szafa Pro Vine, 740\u00d7825\u00d72040, Bolarus Pro Vine 700<\/p>\n<p>Wyposa\u017cenie standardowe:<\/p>\n<p>Dotykowy panel sterowania<br \/>\nElektroniczny sterownik temperatury z wy\u015bwietlaczem<br \/>\nPodw\u00f3jny zakres temperatur<br \/>\nAutomatyczne odszranianie<br \/>\nAutomatyczne odparowanie skroplin<br \/>\nSamodomykaj\u0105ce si\u0119 drzwi<br \/>\nSzklane drzwi<br \/>\nZamek drzwi<br \/>\nPeda\u0142 do otwierania drzwi nog\u0105<br \/>\nRegulowane nogi<br \/>\nWn\u0119trze ze stali AISI 304<br \/>\nUchwyty na butelki<br \/>\nKorpus zewn\u0119trzny lakierowany proszkowo na kolor RAL<br \/>\nO\u015bwietlenie &#8211; barwa ciep\u0142a<br \/>\nAutomatyczna praca wentylatora<br \/>\nCh\u0142odzenie dynamiczne za pomoc\u0105 monobloku<br \/>\nZoptymalizowany obieg powietrza przez perforacje wewn\u0105trz urz\u0105dzenia<br \/>\nMagnetyczna uszczelka drzwi<\/p>\n<p>Wyposa\u017cenie dost\u0119pne opcjonalnie w niekt\u00f3rych modelach<\/p>\n<p>Zestaw k\u00f3\u0142ek<br \/>\nWtyczka angielska<br \/>\nZamek drzwi mechaniczny<br \/>\nZamek drzwi elektroniczny<\/p>\n","protected":false},"excerpt":{"rendered":"<p>Szafa Pro Vine, 740\u00d7825\u00d72040, Bolarus Pro Vine 700 Wyposa\u017cenie standardowe: Dotykowy panel sterowania Elektroniczny sterownik temperatury z wy\u015bwietlaczem Podw\u00f3jny zakres temperatur Automatyczne odszranianie Automatyczne odparowanie skroplin Samodomykaj\u0105ce si\u0119 drzwi Szklane drzwi Zamek drzwi Peda\u0142 do otwierania drzwi nog\u0105 Regulowane nogi Wn\u0119trze ze stali AISI 304 Uchwyty na butelki Korpus zewn\u0119trzny lakierowany proszkowo na kolor RAL [&hellip;]<\/p>\n","protected":false},"featured_media":48453,"template":"","meta":{"_et_pb_use_builder":"","_et_pb_old_content":"","_et_gb_content_width":""},"pwb-brand":[1570],"product_brand":[],"product_cat":[539],"product_tag":[],"class_list":{"0":"post-48367","1":"product","2":"type-product","3":"status-publish","4":"has-post-thumbnail","6":"pwb-brand-bolarus","7":"product_cat-szafy-chlodnicze-na-wino","9":"first","10":"instock","11":"taxable","12":"shipping-taxable","13":"purchasable","14":"product-type-simple"},"brands":[{"id":1570,"name":"Bolarus","slug":"bolarus"}],"_links":{"self":[{"href":"https:\/\/www.multifrigo.pl\/sklep\/wp-json\/wp\/v2\/product\/48367","targetHints":{"allow":["GET"]}}],"collection":[{"href":"https:\/\/www.multifrigo.pl\/sklep\/wp-json\/wp\/v2\/product"}],"about":[{"href":"https:\/\/www.multifrigo.pl\/sklep\/wp-json\/wp\/v2\/types\/product"}],"wp:featuredmedia":[{"embeddable":true,"href":"https:\/\/www.multifrigo.pl\/sklep\/wp-json\/wp\/v2\/media\/48453"}],"wp:attachment":[{"href":"https:\/\/www.multifrigo.pl\/sklep\/wp-json\/wp\/v2\/media?parent=48367"}],"wp:term":[{"taxonomy":"pwb-brand","embeddable":true,"href":"https:\/\/www.multifrigo.pl\/sklep\/wp-json\/wp\/v2\/pwb-brand?post=48367"},{"taxonomy":"product_brand","embeddable":true,"href":"https:\/\/www.multifrigo.pl\/sklep\/wp-json\/wp\/v2\/product_brand?post=48367"},{"taxonomy":"product_cat","embeddable":true,"href":"https:\/\/www.multifrigo.pl\/sklep\/wp-json\/wp\/v2\/product_cat?post=48367"},{"taxonomy":"product_tag","embeddable":true,"href":"https:\/\/www.multifrigo.pl\/sklep\/wp-json\/wp\/v2\/product_tag?post=48367"}],"curies":[{"name":"wp","href":"https:\/\/api.w.org\/{rel}","templated":true}]}}