{"id":48369,"date":"2024-09-05T08:04:24","date_gmt":"2024-09-05T08:04:24","guid":{"rendered":"https:\/\/www.multifrigo.pl\/sklep\/produkt\/lada-chlodnicza-1500x1180x1200-bolarus-futura-1-5\/"},"modified":"2024-09-05T11:48:36","modified_gmt":"2024-09-05T11:48:36","slug":"lada-chlodnicza-1500x1180x1200-bolarus-futura-1-5","status":"publish","type":"product","link":"https:\/\/www.multifrigo.pl\/sklep\/produkt\/lada-chlodnicza-1500x1180x1200-bolarus-futura-1-5\/","title":{"rendered":"Lada ch\u0142odnicza, 1500\u00d71180\u00d71200, Bolarus Futura 1.5"},"content":{"rendered":"<p>Lada ch\u0142odnicza, 1500\u00d71180\u00d71200, Bolarus Futura 1.5<\/p>\n<p>Wyposa\u017cenie standardowe:<br \/>\nAgregat wewn\u0119trzny<br \/>\nElektroniczny sterownik temperatury z wy\u015bwietlaczem<br \/>\nCh\u0142odzenie dynamiczne<br \/>\nAutomatyczne odszranianie<br \/>\nSzyba przednia prosta<br \/>\nRegulowane nogi<br \/>\nPrzys\u0142ony z pleksi<br \/>\nKorpus zewn\u0119trzny lakierowany proszkowo na kolor RAL<br \/>\nBlat ze stali AISI 304<br \/>\nEkspozycja ze stali AISI 304<br \/>\nO\u015bwietlenie &#8211; barwa neutralna<br \/>\nPrzestrze\u0144 magazynowa ze stali AISI 430<\/p>\n<p>Wyposa\u017cenie dost\u0119pne opcjonalnie w niekt\u00f3rych modelach<\/p>\n<p>Wersja pod agregat zewn\u0119trzny<br \/>\nSystem ochrony \u017cywno\u015bci TiO2<br \/>\nAutomatyczne odparowanie kondensatu<br \/>\nGrza\u0142ka odszraniania parownika<br \/>\nBlat granitowy<br \/>\nOdbojnik frontowy<br \/>\nPodnoszona przednia szyba<br \/>\nPrzestrze\u0144 magazynowa ze stali AISI 304<br \/>\nInteligentny system automatycznego czyszczenia skraplacza<br \/>\nBoki pe\u0142ne &#8211; komplet (2 szt.= 80 mm)<br \/>\nBok lewy pe\u0142ny<br \/>\nBok prawy pe\u0142ny<br \/>\nPrzegroda sta\u0142a niska<br \/>\nPrzegroda sta\u0142a wysoka<br \/>\nPrzegroda ruchoma niska<br \/>\nPrzegroda ruchoma wysoka<br \/>\nGniazdo elektryczne pojedyncze<br \/>\nGniazdo elektryczne podw\u00f3jne<br \/>\nO\u015bwietlenie &#8211; barwa czerwona<br \/>\nO\u015bwietlenie &#8211; barwa ciep\u0142a<br \/>\nP\u00f3\u0142ka frontowa<br \/>\nWtyczka angielska<br \/>\nPrzegroda komory przechowalniczej<br \/>\nNiska szyba frontowa<br \/>\nP\u00f3\u0142ka ekspozycyjna schodkowa (2 schodki)<br \/>\nP\u00f3\u0142ka ekspozycyjna schodkowa (3 schodki)<\/p>\n","protected":false},"excerpt":{"rendered":"<p>Lada ch\u0142odnicza, 1500\u00d71180\u00d71200, Bolarus Futura 1.5 Wyposa\u017cenie standardowe: Agregat wewn\u0119trzny Elektroniczny sterownik temperatury z wy\u015bwietlaczem Ch\u0142odzenie dynamiczne Automatyczne odszranianie Szyba przednia prosta Regulowane nogi Przys\u0142ony z pleksi Korpus zewn\u0119trzny lakierowany proszkowo na kolor RAL Blat ze stali AISI 304 Ekspozycja ze stali AISI 304 O\u015bwietlenie &#8211; barwa neutralna Przestrze\u0144 magazynowa ze stali AISI 430 Wyposa\u017cenie [&hellip;]<\/p>\n","protected":false},"featured_media":48600,"template":"","meta":{"_et_pb_use_builder":"","_et_pb_old_content":"","_et_gb_content_width":""},"pwb-brand":[1570],"product_brand":[],"product_cat":[1220],"product_tag":[],"class_list":{"0":"post-48369","1":"product","2":"type-product","3":"status-publish","4":"has-post-thumbnail","6":"pwb-brand-bolarus","7":"product_cat-lady-chlodnicze","9":"first","10":"instock","11":"taxable","12":"shipping-taxable","13":"purchasable","14":"product-type-simple"},"brands":[{"id":1570,"name":"Bolarus","slug":"bolarus"}],"_links":{"self":[{"href":"https:\/\/www.multifrigo.pl\/sklep\/wp-json\/wp\/v2\/product\/48369","targetHints":{"allow":["GET"]}}],"collection":[{"href":"https:\/\/www.multifrigo.pl\/sklep\/wp-json\/wp\/v2\/product"}],"about":[{"href":"https:\/\/www.multifrigo.pl\/sklep\/wp-json\/wp\/v2\/types\/product"}],"wp:featuredmedia":[{"embeddable":true,"href":"https:\/\/www.multifrigo.pl\/sklep\/wp-json\/wp\/v2\/media\/48600"}],"wp:attachment":[{"href":"https:\/\/www.multifrigo.pl\/sklep\/wp-json\/wp\/v2\/media?parent=48369"}],"wp:term":[{"taxonomy":"pwb-brand","embeddable":true,"href":"https:\/\/www.multifrigo.pl\/sklep\/wp-json\/wp\/v2\/pwb-brand?post=48369"},{"taxonomy":"product_brand","embeddable":true,"href":"https:\/\/www.multifrigo.pl\/sklep\/wp-json\/wp\/v2\/product_brand?post=48369"},{"taxonomy":"product_cat","embeddable":true,"href":"https:\/\/www.multifrigo.pl\/sklep\/wp-json\/wp\/v2\/product_cat?post=48369"},{"taxonomy":"product_tag","embeddable":true,"href":"https:\/\/www.multifrigo.pl\/sklep\/wp-json\/wp\/v2\/product_tag?post=48369"}],"curies":[{"name":"wp","href":"https:\/\/api.w.org\/{rel}","templated":true}]}}