{"id":48394,"date":"2024-09-05T08:05:43","date_gmt":"2024-09-05T08:05:43","guid":{"rendered":"https:\/\/www.multifrigo.pl\/sklep\/produkt\/regal-chlodniczy-3690x760x2045-bolarus-neo-3-75\/"},"modified":"2024-09-05T11:55:08","modified_gmt":"2024-09-05T11:55:08","slug":"regal-chlodniczy-3690x760x2045-bolarus-neo-3-75","status":"publish","type":"product","link":"https:\/\/www.multifrigo.pl\/sklep\/produkt\/regal-chlodniczy-3690x760x2045-bolarus-neo-3-75\/","title":{"rendered":"Rega\u0142 ch\u0142odniczy, 3690x760x2045, Bolarus Neo 3.75"},"content":{"rendered":"<p>Rega\u0142 ch\u0142odniczy, 3690x760x2045, Bolarus Neo 3.75<\/p>\n<p>Wyposa\u017cenie standardowe:<\/p>\n<p>Wersja pod agregat zewn\u0119trzny<br \/>\nElektroniczny sterownik temperatury z wy\u015bwietlaczem<br \/>\nCh\u0142odzenie dynamiczne<br \/>\nAutomatyczne odszranianie<br \/>\nRoleta nocna<br \/>\nWn\u0119trze lakierowane proszkowo na kolor RAL<br \/>\nP\u0142otki zabezpieczaj\u0105ce towar<br \/>\nListwy cenowe<br \/>\nKorpus zewn\u0119trzny lakierowany proszkowo na kolor RAL<br \/>\nO\u015bwietlenie &#8211; barwa neutralna<br \/>\nP\u00f3\u0142ki lakierowane<\/p>\n<p>Wyposa\u017cenie dost\u0119pne opcjonalnie w niekt\u00f3rych modelach<\/p>\n<p>Przesuwane szklane drzwi<br \/>\nWn\u0119trze ze stali AISI 304<br \/>\nG\u00f3rne lustro<br \/>\nKorpus zewn\u0119trzny ze stali AISI 304<br \/>\nBoki pe\u0142ne &#8211; komplet (2 szt.= 80 mm)<br \/>\nBok lewy pe\u0142ny<br \/>\nBok prawy pe\u0142ny<br \/>\nWtyczka angielska<br \/>\nO\u015bwietlenie p\u00f3\u0142ek<br \/>\nP\u00f3\u0142ki ze stali AISI 430<br \/>\nBoki szklane &#8211; komplet<br \/>\nBoki pe\u0142ne\/lustro &#8211; komplet<br \/>\nBok lewy szklany<br \/>\nBok prawy szklany<br \/>\nBok lewy pe\u0142ny\/lustro<br \/>\nBok prawy pe\u0142ny\/lustro<br \/>\nWn\u0119trze ze stali AISI 430<br \/>\nKorpus zewn\u0119trzny ze stali AISI 430<\/p>\n","protected":false},"excerpt":{"rendered":"<p>Rega\u0142 ch\u0142odniczy, 3690x760x2045, Bolarus Neo 3.75 Wyposa\u017cenie standardowe: Wersja pod agregat zewn\u0119trzny Elektroniczny sterownik temperatury z wy\u015bwietlaczem Ch\u0142odzenie dynamiczne Automatyczne odszranianie Roleta nocna Wn\u0119trze lakierowane proszkowo na kolor RAL P\u0142otki zabezpieczaj\u0105ce towar Listwy cenowe Korpus zewn\u0119trzny lakierowany proszkowo na kolor RAL O\u015bwietlenie &#8211; barwa neutralna P\u00f3\u0142ki lakierowane Wyposa\u017cenie dost\u0119pne opcjonalnie w niekt\u00f3rych modelach Przesuwane szklane [&hellip;]<\/p>\n","protected":false},"featured_media":48621,"template":"","meta":{"_et_pb_use_builder":"","_et_pb_old_content":"","_et_gb_content_width":""},"pwb-brand":[1570],"product_brand":[],"product_cat":[1290],"product_tag":[],"class_list":{"0":"post-48394","1":"product","2":"type-product","3":"status-publish","4":"has-post-thumbnail","6":"pwb-brand-bolarus","7":"product_cat-regaly-chlodnicze","9":"first","10":"instock","11":"taxable","12":"shipping-taxable","13":"purchasable","14":"product-type-simple"},"brands":[{"id":1570,"name":"Bolarus","slug":"bolarus"}],"_links":{"self":[{"href":"https:\/\/www.multifrigo.pl\/sklep\/wp-json\/wp\/v2\/product\/48394","targetHints":{"allow":["GET"]}}],"collection":[{"href":"https:\/\/www.multifrigo.pl\/sklep\/wp-json\/wp\/v2\/product"}],"about":[{"href":"https:\/\/www.multifrigo.pl\/sklep\/wp-json\/wp\/v2\/types\/product"}],"wp:featuredmedia":[{"embeddable":true,"href":"https:\/\/www.multifrigo.pl\/sklep\/wp-json\/wp\/v2\/media\/48621"}],"wp:attachment":[{"href":"https:\/\/www.multifrigo.pl\/sklep\/wp-json\/wp\/v2\/media?parent=48394"}],"wp:term":[{"taxonomy":"pwb-brand","embeddable":true,"href":"https:\/\/www.multifrigo.pl\/sklep\/wp-json\/wp\/v2\/pwb-brand?post=48394"},{"taxonomy":"product_brand","embeddable":true,"href":"https:\/\/www.multifrigo.pl\/sklep\/wp-json\/wp\/v2\/product_brand?post=48394"},{"taxonomy":"product_cat","embeddable":true,"href":"https:\/\/www.multifrigo.pl\/sklep\/wp-json\/wp\/v2\/product_cat?post=48394"},{"taxonomy":"product_tag","embeddable":true,"href":"https:\/\/www.multifrigo.pl\/sklep\/wp-json\/wp\/v2\/product_tag?post=48394"}],"curies":[{"name":"wp","href":"https:\/\/api.w.org\/{rel}","templated":true}]}}