{"id":48399,"date":"2024-09-05T08:05:51","date_gmt":"2024-09-05T08:05:51","guid":{"rendered":"https:\/\/www.multifrigo.pl\/sklep\/produkt\/szafa-chlodnicza-740x825x2040-bolarus-pro-food-c700\/"},"modified":"2024-09-05T11:56:33","modified_gmt":"2024-09-05T11:56:33","slug":"szafa-chlodnicza-740x825x2040-bolarus-pro-food-c700","status":"publish","type":"product","link":"https:\/\/www.multifrigo.pl\/sklep\/produkt\/szafa-chlodnicza-740x825x2040-bolarus-pro-food-c700\/","title":{"rendered":"Szafa ch\u0142odnicza, 740x825x2040, Bolarus Pro Food C700"},"content":{"rendered":"<p>Szafa ch\u0142odnicza, 740x825x2040, Bolarus Pro Food C700<\/p>\n<p>Wyposa\u017cenie standardowe:<\/p>\n<p>System ochrony \u017cywno\u015bci TiO2<br \/>\nDotykowy panel sterowania<br \/>\nAutomatyczne odszranianie<br \/>\nSamodomykaj\u0105ce si\u0119 drzwi<br \/>\nRegulowane nogi INOX<br \/>\nWn\u0119trze z t\u0142oczonym dnem i odp\u0142ywem<br \/>\nWn\u0119trze ze stali AISI 304<br \/>\nP\u00f3\u0142ki inox<br \/>\nWn\u0119trze przystosowane do pojemnik\u00f3w GN<br \/>\nAutomatyczne odparowanie kondensatu<br \/>\nKorpus zewn\u0119trzny lakierowany proszkowo na kolor RAL<br \/>\nO\u015bwietlenie &#8211; barwa ciep\u0142a<br \/>\nDrzwi szklane<br \/>\nCh\u0142odzenie dynamiczne za pomoc\u0105 monobloku<br \/>\nMagnetyczna uszczelka drzwi<\/p>\n<p>Wyposa\u017cenie dost\u0119pne opcjonalnie w niekt\u00f3rych modelach<\/p>\n<p>Komplet k\u00f3\u0142ek<br \/>\nWtyczka angielska<br \/>\nZamek drzwi mechaniczny<br \/>\nZamek drzwi elektroniczny<\/p>\n","protected":false},"excerpt":{"rendered":"<p>Szafa ch\u0142odnicza, 740x825x2040, Bolarus Pro Food C700 Wyposa\u017cenie standardowe: System ochrony \u017cywno\u015bci TiO2 Dotykowy panel sterowania Automatyczne odszranianie Samodomykaj\u0105ce si\u0119 drzwi Regulowane nogi INOX Wn\u0119trze z t\u0142oczonym dnem i odp\u0142ywem Wn\u0119trze ze stali AISI 304 P\u00f3\u0142ki inox Wn\u0119trze przystosowane do pojemnik\u00f3w GN Automatyczne odparowanie kondensatu Korpus zewn\u0119trzny lakierowany proszkowo na kolor RAL O\u015bwietlenie &#8211; barwa [&hellip;]<\/p>\n","protected":false},"featured_media":48622,"template":"","meta":{"_et_pb_use_builder":"","_et_pb_old_content":"","_et_gb_content_width":""},"pwb-brand":[1570],"product_brand":[],"product_cat":[518],"product_tag":[],"class_list":{"0":"post-48399","1":"product","2":"type-product","3":"status-publish","4":"has-post-thumbnail","6":"pwb-brand-bolarus","7":"product_cat-szafy-chlodnicze","9":"first","10":"instock","11":"taxable","12":"shipping-taxable","13":"purchasable","14":"product-type-simple"},"brands":[{"id":1570,"name":"Bolarus","slug":"bolarus"}],"_links":{"self":[{"href":"https:\/\/www.multifrigo.pl\/sklep\/wp-json\/wp\/v2\/product\/48399","targetHints":{"allow":["GET"]}}],"collection":[{"href":"https:\/\/www.multifrigo.pl\/sklep\/wp-json\/wp\/v2\/product"}],"about":[{"href":"https:\/\/www.multifrigo.pl\/sklep\/wp-json\/wp\/v2\/types\/product"}],"wp:featuredmedia":[{"embeddable":true,"href":"https:\/\/www.multifrigo.pl\/sklep\/wp-json\/wp\/v2\/media\/48622"}],"wp:attachment":[{"href":"https:\/\/www.multifrigo.pl\/sklep\/wp-json\/wp\/v2\/media?parent=48399"}],"wp:term":[{"taxonomy":"pwb-brand","embeddable":true,"href":"https:\/\/www.multifrigo.pl\/sklep\/wp-json\/wp\/v2\/pwb-brand?post=48399"},{"taxonomy":"product_brand","embeddable":true,"href":"https:\/\/www.multifrigo.pl\/sklep\/wp-json\/wp\/v2\/product_brand?post=48399"},{"taxonomy":"product_cat","embeddable":true,"href":"https:\/\/www.multifrigo.pl\/sklep\/wp-json\/wp\/v2\/product_cat?post=48399"},{"taxonomy":"product_tag","embeddable":true,"href":"https:\/\/www.multifrigo.pl\/sklep\/wp-json\/wp\/v2\/product_tag?post=48399"}],"curies":[{"name":"wp","href":"https:\/\/api.w.org\/{rel}","templated":true}]}}