{"id":48400,"date":"2024-09-05T08:05:54","date_gmt":"2024-09-05T08:05:54","guid":{"rendered":"https:\/\/www.multifrigo.pl\/sklep\/produkt\/szafa-chlodnicza-640x825x2090-bolarus-pro-c500\/"},"modified":"2024-09-05T11:57:04","modified_gmt":"2024-09-05T11:57:04","slug":"szafa-chlodnicza-640x825x2090-bolarus-pro-c500","status":"publish","type":"product","link":"https:\/\/www.multifrigo.pl\/sklep\/produkt\/szafa-chlodnicza-640x825x2090-bolarus-pro-c500\/","title":{"rendered":"Szafa ch\u0142odnicza, 640x825x2090, Bolarus Pro C500"},"content":{"rendered":"<p>Szafa ch\u0142odnicza, 640x825x2090, Bolarus Pro C500<\/p>\n<p>Wyposa\u017cenie standardowe:<\/p>\n<p>System ochrony \u017cywno\u015bci TiO2<br \/>\nDotykowy panel sterowania<br \/>\nCh\u0142odzenie dynamiczne, wentylator poza komor\u0105 ch\u0142odnicz\u0105<br \/>\nAutomatyczne odszranianie<br \/>\nAutomatyczne odparowanie skroplin<br \/>\nDrzwi pe\u0142ne<br \/>\nSamodomykaj\u0105ce si\u0119 drzwi<br \/>\nRegulowane nogi INOX<br \/>\nWn\u0119trze z t\u0142oczonym dnem i odp\u0142ywem<br \/>\nWn\u0119trze ze stali AISI 304<br \/>\nP\u00f3\u0142ki inox<br \/>\nWn\u0119trze przystosowane do pojemnik\u00f3w GN<br \/>\nRejestrator temperatury<br \/>\nKorpus zewn\u0119trzny ze stali AISI 304<br \/>\nO\u015bwietlenie &#8211; barwa neutralna<br \/>\nZamek drzwi mechaniczny<br \/>\nCh\u0142odzenie dynamiczne za pomoc\u0105 monobloku<br \/>\nMagnetyczna uszczelka drzwi<\/p>\n<p>Wyposa\u017cenie dost\u0119pne opcjonalnie w niekt\u00f3rych modelach<\/p>\n<p>Szklane drzwi<br \/>\nKomplet k\u00f3\u0142ek<br \/>\nWtyczka angielska<\/p>\n","protected":false},"excerpt":{"rendered":"<p>Szafa ch\u0142odnicza, 640x825x2090, Bolarus Pro C500 Wyposa\u017cenie standardowe: System ochrony \u017cywno\u015bci TiO2 Dotykowy panel sterowania Ch\u0142odzenie dynamiczne, wentylator poza komor\u0105 ch\u0142odnicz\u0105 Automatyczne odszranianie Automatyczne odparowanie skroplin Drzwi pe\u0142ne Samodomykaj\u0105ce si\u0119 drzwi Regulowane nogi INOX Wn\u0119trze z t\u0142oczonym dnem i odp\u0142ywem Wn\u0119trze ze stali AISI 304 P\u00f3\u0142ki inox Wn\u0119trze przystosowane do pojemnik\u00f3w GN Rejestrator temperatury Korpus [&hellip;]<\/p>\n","protected":false},"featured_media":48463,"template":"","meta":{"_et_pb_use_builder":"","_et_pb_old_content":"","_et_gb_content_width":""},"pwb-brand":[1570],"product_brand":[],"product_cat":[518],"product_tag":[],"class_list":{"0":"post-48400","1":"product","2":"type-product","3":"status-publish","4":"has-post-thumbnail","6":"pwb-brand-bolarus","7":"product_cat-szafy-chlodnicze","9":"first","10":"instock","11":"taxable","12":"shipping-taxable","13":"purchasable","14":"product-type-simple"},"brands":[{"id":1570,"name":"Bolarus","slug":"bolarus"}],"_links":{"self":[{"href":"https:\/\/www.multifrigo.pl\/sklep\/wp-json\/wp\/v2\/product\/48400","targetHints":{"allow":["GET"]}}],"collection":[{"href":"https:\/\/www.multifrigo.pl\/sklep\/wp-json\/wp\/v2\/product"}],"about":[{"href":"https:\/\/www.multifrigo.pl\/sklep\/wp-json\/wp\/v2\/types\/product"}],"wp:featuredmedia":[{"embeddable":true,"href":"https:\/\/www.multifrigo.pl\/sklep\/wp-json\/wp\/v2\/media\/48463"}],"wp:attachment":[{"href":"https:\/\/www.multifrigo.pl\/sklep\/wp-json\/wp\/v2\/media?parent=48400"}],"wp:term":[{"taxonomy":"pwb-brand","embeddable":true,"href":"https:\/\/www.multifrigo.pl\/sklep\/wp-json\/wp\/v2\/pwb-brand?post=48400"},{"taxonomy":"product_brand","embeddable":true,"href":"https:\/\/www.multifrigo.pl\/sklep\/wp-json\/wp\/v2\/product_brand?post=48400"},{"taxonomy":"product_cat","embeddable":true,"href":"https:\/\/www.multifrigo.pl\/sklep\/wp-json\/wp\/v2\/product_cat?post=48400"},{"taxonomy":"product_tag","embeddable":true,"href":"https:\/\/www.multifrigo.pl\/sklep\/wp-json\/wp\/v2\/product_tag?post=48400"}],"curies":[{"name":"wp","href":"https:\/\/api.w.org\/{rel}","templated":true}]}}