{"id":48409,"date":"2024-09-05T08:06:41","date_gmt":"2024-09-05T08:06:41","guid":{"rendered":"https:\/\/www.multifrigo.pl\/sklep\/produkt\/stol-mrozniczy-1410x705x870-bolarus-pro-f2\/"},"modified":"2024-09-05T11:58:16","modified_gmt":"2024-09-05T11:58:16","slug":"stol-mrozniczy-1410x705x870-bolarus-pro-f2","status":"publish","type":"product","link":"https:\/\/www.multifrigo.pl\/sklep\/produkt\/stol-mrozniczy-1410x705x870-bolarus-pro-f2\/","title":{"rendered":"St\u00f3\u0142 mro\u017aniczy, 1410x705x870, Bolarus Pro F2"},"content":{"rendered":"<p>St\u00f3\u0142 mro\u017aniczy, 1410x705x870, Bolarus Pro F2<\/p>\n<p>Wyposa\u017cenie standardowe:<\/p>\n<p>Agregat wewn\u0119trzny<br \/>\nElektroniczny sterownik temperatury z wy\u015bwietlaczem<br \/>\nAutomatyczne odszranianie<br \/>\nDrzwi pe\u0142ne<br \/>\nRegulowane nogi<br \/>\nWn\u0119trze ze stali AISI 304<br \/>\nP\u00f3\u0142ki metalowe plastyfikowane<br \/>\nWn\u0119trze przystosowane do pojemnik\u00f3w GN<br \/>\nAutomatyczne odparowanie kondensatu<br \/>\nGrza\u0142ka odszraniania parownika<br \/>\nBlat ze stali AISI 304<br \/>\nKorpus zewn\u0119trzny ze stali AISI 304<\/p>\n<p>Wyposa\u017cenie dost\u0119pne opcjonalnie w niekt\u00f3rych modelach<\/p>\n<p>Wersja pod agregat zewn\u0119trzny<br \/>\nSystem ochrony \u017cywno\u015bci TiO2<br \/>\nRegulowane nogi INOX<br \/>\nKomplet k\u00f3\u0142ek<br \/>\nProwadnice p\u00f3\u0142ek<br \/>\nP\u00f3\u0142ki inox<br \/>\nBlat granitowy<br \/>\nModu\u0142 2 szuflad ch\u0142odniczych<br \/>\nModu\u0142 3 szuflad ch\u0142odniczych<br \/>\nWtyczka angielska<br \/>\nZamek drzwi mechaniczny<br \/>\nDrzwi szklane<br \/>\nBlat ze stali AISI 304 z rantem<br \/>\nBlat granitowy z rantem<br \/>\nWersja bez blatu<br \/>\nOtw\u00f3r w blacie<br \/>\nZlew nad komora agregatu<\/p>\n","protected":false},"excerpt":{"rendered":"<p>St\u00f3\u0142 mro\u017aniczy, 1410x705x870, Bolarus Pro F2 Wyposa\u017cenie standardowe: Agregat wewn\u0119trzny Elektroniczny sterownik temperatury z wy\u015bwietlaczem Automatyczne odszranianie Drzwi pe\u0142ne Regulowane nogi Wn\u0119trze ze stali AISI 304 P\u00f3\u0142ki metalowe plastyfikowane Wn\u0119trze przystosowane do pojemnik\u00f3w GN Automatyczne odparowanie kondensatu Grza\u0142ka odszraniania parownika Blat ze stali AISI 304 Korpus zewn\u0119trzny ze stali AISI 304 Wyposa\u017cenie dost\u0119pne opcjonalnie w [&hellip;]<\/p>\n","protected":false},"featured_media":48626,"template":"","meta":{"_et_pb_use_builder":"","_et_pb_old_content":"","_et_gb_content_width":""},"pwb-brand":[1570],"product_brand":[],"product_cat":[529],"product_tag":[],"class_list":{"0":"post-48409","1":"product","2":"type-product","3":"status-publish","4":"has-post-thumbnail","6":"pwb-brand-bolarus","7":"product_cat-stoly-mroznicze","9":"first","10":"instock","11":"taxable","12":"shipping-taxable","13":"purchasable","14":"product-type-simple"},"brands":[{"id":1570,"name":"Bolarus","slug":"bolarus"}],"_links":{"self":[{"href":"https:\/\/www.multifrigo.pl\/sklep\/wp-json\/wp\/v2\/product\/48409","targetHints":{"allow":["GET"]}}],"collection":[{"href":"https:\/\/www.multifrigo.pl\/sklep\/wp-json\/wp\/v2\/product"}],"about":[{"href":"https:\/\/www.multifrigo.pl\/sklep\/wp-json\/wp\/v2\/types\/product"}],"wp:featuredmedia":[{"embeddable":true,"href":"https:\/\/www.multifrigo.pl\/sklep\/wp-json\/wp\/v2\/media\/48626"}],"wp:attachment":[{"href":"https:\/\/www.multifrigo.pl\/sklep\/wp-json\/wp\/v2\/media?parent=48409"}],"wp:term":[{"taxonomy":"pwb-brand","embeddable":true,"href":"https:\/\/www.multifrigo.pl\/sklep\/wp-json\/wp\/v2\/pwb-brand?post=48409"},{"taxonomy":"product_brand","embeddable":true,"href":"https:\/\/www.multifrigo.pl\/sklep\/wp-json\/wp\/v2\/product_brand?post=48409"},{"taxonomy":"product_cat","embeddable":true,"href":"https:\/\/www.multifrigo.pl\/sklep\/wp-json\/wp\/v2\/product_cat?post=48409"},{"taxonomy":"product_tag","embeddable":true,"href":"https:\/\/www.multifrigo.pl\/sklep\/wp-json\/wp\/v2\/product_tag?post=48409"}],"curies":[{"name":"wp","href":"https:\/\/api.w.org\/{rel}","templated":true}]}}