{"id":48415,"date":"2024-09-05T08:06:56","date_gmt":"2024-09-05T08:06:56","guid":{"rendered":"https:\/\/www.multifrigo.pl\/sklep\/produkt\/szafa-chlodnicza-1400x895x2060-bolarus-clara-f1400\/"},"modified":"2024-09-05T11:58:24","modified_gmt":"2024-09-05T11:58:24","slug":"szafa-chlodnicza-1400x895x2060-bolarus-clara-f1400","status":"publish","type":"product","link":"https:\/\/www.multifrigo.pl\/sklep\/produkt\/szafa-chlodnicza-1400x895x2060-bolarus-clara-f1400\/","title":{"rendered":"Szafa ch\u0142odnicza, 1400x895x2060, Bolarus Clara F1400"},"content":{"rendered":"<p>Szafa ch\u0142odnicza, 1400x895x2060, Bolarus Clara F1400<\/p>\n<p>Wyposa\u017cenie standardowe:<\/p>\n<p>Elektroniczny sterownik temperatury z wy\u015bwietlaczem<br \/>\nAutomatyczne odszranianie<br \/>\nKorpus zewn\u0119trzny lakierowany proszkowo na kolor bia\u0142y<br \/>\nDrzwi pe\u0142ne<br \/>\nSamodomykaj\u0105ce si\u0119 drzwi<br \/>\nMagnetyczna, \u0142atwo demontowalna uszczelka drzwi<br \/>\nRegulowane nogi<br \/>\nWn\u0119trze z aluminium<br \/>\nProwadnice p\u00f3\u0142ek<br \/>\nAutomatyczne odparowanie kondensatu<br \/>\nAlarm d\u017awi\u0119kowy i wizualny wysokiej i niskiej temperatury<br \/>\nAlarm otwartych drzwi<br \/>\nRegulowane p\u00f3\u0142ki<\/p>\n<p>Wyposa\u017cenie dost\u0119pne opcjonalnie w niekt\u00f3rych modelach<\/p>\n<p>Urzadzenie na ko\u0142ach<\/p>\n","protected":false},"excerpt":{"rendered":"<p>Szafa ch\u0142odnicza, 1400x895x2060, Bolarus Clara F1400 Wyposa\u017cenie standardowe: Elektroniczny sterownik temperatury z wy\u015bwietlaczem Automatyczne odszranianie Korpus zewn\u0119trzny lakierowany proszkowo na kolor bia\u0142y Drzwi pe\u0142ne Samodomykaj\u0105ce si\u0119 drzwi Magnetyczna, \u0142atwo demontowalna uszczelka drzwi Regulowane nogi Wn\u0119trze z aluminium Prowadnice p\u00f3\u0142ek Automatyczne odparowanie kondensatu Alarm d\u017awi\u0119kowy i wizualny wysokiej i niskiej temperatury Alarm otwartych drzwi Regulowane p\u00f3\u0142ki [&hellip;]<\/p>\n","protected":false},"featured_media":48524,"template":"","meta":{"_et_pb_use_builder":"","_et_pb_old_content":"","_et_gb_content_width":""},"pwb-brand":[1570],"product_brand":[],"product_cat":[518],"product_tag":[],"class_list":{"0":"post-48415","1":"product","2":"type-product","3":"status-publish","4":"has-post-thumbnail","6":"pwb-brand-bolarus","7":"product_cat-szafy-chlodnicze","9":"first","10":"instock","11":"taxable","12":"shipping-taxable","13":"purchasable","14":"product-type-simple"},"brands":[{"id":1570,"name":"Bolarus","slug":"bolarus"}],"_links":{"self":[{"href":"https:\/\/www.multifrigo.pl\/sklep\/wp-json\/wp\/v2\/product\/48415","targetHints":{"allow":["GET"]}}],"collection":[{"href":"https:\/\/www.multifrigo.pl\/sklep\/wp-json\/wp\/v2\/product"}],"about":[{"href":"https:\/\/www.multifrigo.pl\/sklep\/wp-json\/wp\/v2\/types\/product"}],"wp:featuredmedia":[{"embeddable":true,"href":"https:\/\/www.multifrigo.pl\/sklep\/wp-json\/wp\/v2\/media\/48524"}],"wp:attachment":[{"href":"https:\/\/www.multifrigo.pl\/sklep\/wp-json\/wp\/v2\/media?parent=48415"}],"wp:term":[{"taxonomy":"pwb-brand","embeddable":true,"href":"https:\/\/www.multifrigo.pl\/sklep\/wp-json\/wp\/v2\/pwb-brand?post=48415"},{"taxonomy":"product_brand","embeddable":true,"href":"https:\/\/www.multifrigo.pl\/sklep\/wp-json\/wp\/v2\/product_brand?post=48415"},{"taxonomy":"product_cat","embeddable":true,"href":"https:\/\/www.multifrigo.pl\/sklep\/wp-json\/wp\/v2\/product_cat?post=48415"},{"taxonomy":"product_tag","embeddable":true,"href":"https:\/\/www.multifrigo.pl\/sklep\/wp-json\/wp\/v2\/product_tag?post=48415"}],"curies":[{"name":"wp","href":"https:\/\/api.w.org\/{rel}","templated":true}]}}