{"id":48648,"date":"2024-09-09T06:29:47","date_gmt":"2024-09-09T06:29:47","guid":{"rendered":"https:\/\/www.multifrigo.pl\/sklep\/?post_type=product&#038;p=48648"},"modified":"2025-07-17T09:44:34","modified_gmt":"2025-07-17T09:44:34","slug":"barowa-szafa-chlodnicza-270l-bartscher-700123","status":"publish","type":"product","link":"https:\/\/www.multifrigo.pl\/sklep\/produkt\/barowa-szafa-chlodnicza-270l-bartscher-700123\/","title":{"rendered":"Barowa szafa ch\u0142odnicza 270L | Bartscher 700123"},"content":{"rendered":"<p><b>Barowa szafa ch\u0142odnicza 270L<\/b><\/p>\n<p>Barowa szafa ch\u0142odnicza o pojemno\u015bci 280 litr&oacute;w, wyposa\u017cona w o\u015bwietlenie wewn\u0119trzne i troje podw&oacute;jnie przeszklonych, samozamykaj\u0105cych si\u0119 drzwi przesuwnych, to niezawodne urz\u0105dzenie do ch\u0142odzenia napoj&oacute;w. Elektroniczna regulacja z wy\u015bwietlaczem cyfrowym umo\u017cliwia dok\u0142adne ustawienie preferowanej temperatury.<\/p><\/p>\n","protected":false},"excerpt":{"rendered":"<p>Barowa szafa ch\u0142odnicza 270L Barowa szafa ch\u0142odnicza o pojemno\u015bci 280 litr&oacute;w, wyposa\u017cona w o\u015bwietlenie wewn\u0119trzne i troje podw&oacute;jnie przeszklonych, samozamykaj\u0105cych si\u0119 drzwi przesuwnych, to niezawodne urz\u0105dzenie do ch\u0142odzenia napoj&oacute;w. Elektroniczna regulacja z wy\u015bwietlaczem cyfrowym umo\u017cliwia dok\u0142adne ustawienie preferowanej temperatury.<\/p>\n","protected":false},"featured_media":51408,"template":"","meta":{"_et_pb_use_builder":"","_et_pb_old_content":"","_et_gb_content_width":""},"pwb-brand":[1577],"product_brand":[],"product_cat":[518],"product_tag":[],"class_list":{"0":"post-48648","1":"product","2":"type-product","3":"status-publish","4":"has-post-thumbnail","6":"pwb-brand-bartscher","7":"product_cat-szafy-chlodnicze","9":"first","10":"instock","11":"taxable","12":"shipping-taxable","13":"purchasable","14":"product-type-simple"},"brands":[{"id":1577,"name":"Bartscher","slug":"bartscher"}],"_links":{"self":[{"href":"https:\/\/www.multifrigo.pl\/sklep\/wp-json\/wp\/v2\/product\/48648","targetHints":{"allow":["GET"]}}],"collection":[{"href":"https:\/\/www.multifrigo.pl\/sklep\/wp-json\/wp\/v2\/product"}],"about":[{"href":"https:\/\/www.multifrigo.pl\/sklep\/wp-json\/wp\/v2\/types\/product"}],"wp:featuredmedia":[{"embeddable":true,"href":"https:\/\/www.multifrigo.pl\/sklep\/wp-json\/wp\/v2\/media\/51408"}],"wp:attachment":[{"href":"https:\/\/www.multifrigo.pl\/sklep\/wp-json\/wp\/v2\/media?parent=48648"}],"wp:term":[{"taxonomy":"pwb-brand","embeddable":true,"href":"https:\/\/www.multifrigo.pl\/sklep\/wp-json\/wp\/v2\/pwb-brand?post=48648"},{"taxonomy":"product_brand","embeddable":true,"href":"https:\/\/www.multifrigo.pl\/sklep\/wp-json\/wp\/v2\/product_brand?post=48648"},{"taxonomy":"product_cat","embeddable":true,"href":"https:\/\/www.multifrigo.pl\/sklep\/wp-json\/wp\/v2\/product_cat?post=48648"},{"taxonomy":"product_tag","embeddable":true,"href":"https:\/\/www.multifrigo.pl\/sklep\/wp-json\/wp\/v2\/product_tag?post=48648"}],"curies":[{"name":"wp","href":"https:\/\/api.w.org\/{rel}","templated":true}]}}