{"id":48677,"date":"2024-09-09T06:31:13","date_gmt":"2024-09-09T06:31:13","guid":{"rendered":"https:\/\/www.multifrigo.pl\/sklep\/produkt\/barowa-szafa-chlodnicza-124l-bartscher-700121\/"},"modified":"2025-07-17T09:44:26","modified_gmt":"2025-07-17T09:44:26","slug":"barowa-szafa-chlodnicza-124l-bartscher-700121","status":"publish","type":"product","link":"https:\/\/www.multifrigo.pl\/sklep\/produkt\/barowa-szafa-chlodnicza-124l-bartscher-700121\/","title":{"rendered":"Barowa szafa ch\u0142odnicza 124L | Bartscher 700121"},"content":{"rendered":"<p><b>Barowa szafa ch\u0142odnicza 124L<\/b><\/p>\n<p>Barowa szafa ch\u0142odnicza o pojemno\u015bci 112 litr&oacute;w, wyposa\u017cona w o\u015bwietlenie wewn\u0119trzne i podw&oacute;jnie przeszklone, samozamykaj\u0105ce si\u0119 drzwi przesuwne, to niezawodne urz\u0105dzenie do ch\u0142odzenia napoj&oacute;w. Elektroniczna regulacja z cyfrowym wska\u017anikiem umo\u017cliwia dok\u0142adne ustawienie preferowanej temperatury.<\/p><\/p>\n","protected":false},"excerpt":{"rendered":"<p>Barowa szafa ch\u0142odnicza 124L Barowa szafa ch\u0142odnicza o pojemno\u015bci 112 litr&oacute;w, wyposa\u017cona w o\u015bwietlenie wewn\u0119trzne i podw&oacute;jnie przeszklone, samozamykaj\u0105ce si\u0119 drzwi przesuwne, to niezawodne urz\u0105dzenie do ch\u0142odzenia napoj&oacute;w. Elektroniczna regulacja z cyfrowym wska\u017anikiem umo\u017cliwia dok\u0142adne ustawienie preferowanej temperatury.<\/p>\n","protected":false},"featured_media":51398,"template":"","meta":{"_et_pb_use_builder":"","_et_pb_old_content":"","_et_gb_content_width":""},"pwb-brand":[1577],"product_brand":[],"product_cat":[518],"product_tag":[],"class_list":{"0":"post-48677","1":"product","2":"type-product","3":"status-publish","4":"has-post-thumbnail","6":"pwb-brand-bartscher","7":"product_cat-szafy-chlodnicze","9":"first","10":"instock","11":"taxable","12":"shipping-taxable","13":"purchasable","14":"product-type-simple"},"brands":[{"id":1577,"name":"Bartscher","slug":"bartscher"}],"_links":{"self":[{"href":"https:\/\/www.multifrigo.pl\/sklep\/wp-json\/wp\/v2\/product\/48677","targetHints":{"allow":["GET"]}}],"collection":[{"href":"https:\/\/www.multifrigo.pl\/sklep\/wp-json\/wp\/v2\/product"}],"about":[{"href":"https:\/\/www.multifrigo.pl\/sklep\/wp-json\/wp\/v2\/types\/product"}],"wp:featuredmedia":[{"embeddable":true,"href":"https:\/\/www.multifrigo.pl\/sklep\/wp-json\/wp\/v2\/media\/51398"}],"wp:attachment":[{"href":"https:\/\/www.multifrigo.pl\/sklep\/wp-json\/wp\/v2\/media?parent=48677"}],"wp:term":[{"taxonomy":"pwb-brand","embeddable":true,"href":"https:\/\/www.multifrigo.pl\/sklep\/wp-json\/wp\/v2\/pwb-brand?post=48677"},{"taxonomy":"product_brand","embeddable":true,"href":"https:\/\/www.multifrigo.pl\/sklep\/wp-json\/wp\/v2\/product_brand?post=48677"},{"taxonomy":"product_cat","embeddable":true,"href":"https:\/\/www.multifrigo.pl\/sklep\/wp-json\/wp\/v2\/product_cat?post=48677"},{"taxonomy":"product_tag","embeddable":true,"href":"https:\/\/www.multifrigo.pl\/sklep\/wp-json\/wp\/v2\/product_tag?post=48677"}],"curies":[{"name":"wp","href":"https:\/\/api.w.org\/{rel}","templated":true}]}}