{"id":48686,"date":"2024-09-09T06:31:47","date_gmt":"2024-09-09T06:31:47","guid":{"rendered":"https:\/\/www.multifrigo.pl\/sklep\/produkt\/bateria-mieszajaca-2-uchwytowa-40l-1802b-bartscher-400137\/"},"modified":"2025-07-17T09:41:40","modified_gmt":"2025-07-17T09:41:40","slug":"bateria-mieszajaca-2-uchwytowa-40l-1802b-bartscher-400137","status":"publish","type":"product","link":"https:\/\/www.multifrigo.pl\/sklep\/produkt\/bateria-mieszajaca-2-uchwytowa-40l-1802b-bartscher-400137\/","title":{"rendered":"Bateria mieszaj\u0105ca 2-uchwytowa 40L-1802B | Bartscher 400137"},"content":{"rendered":"<p><b>Bateria mieszaj\u0105ca 2-uchwytowa 40L-1802B<\/b><\/p>\n<p>Niezast\u0105piona w ka\u017cdej zmywalni \u2013 dwuuchwytowa bateria mieszaj\u0105ca pozwala uzyska\u0107 wysok\u0105 si\u0142\u0119 czyszczenia dzi\u0119ki nat\u0119\u017ceniu przep\u0142ywu do 40 litr\u00f3w na minut\u0119.<\/p>\n","protected":false},"excerpt":{"rendered":"<p>Bateria mieszaj\u0105ca 2-uchwytowa 40L-1802B Niezast\u0105piona w ka\u017cdej zmywalni \u2013 dwuuchwytowa bateria mieszaj\u0105ca pozwala uzyska\u0107 wysok\u0105 si\u0142\u0119 czyszczenia dzi\u0119ki nat\u0119\u017ceniu przep\u0142ywu do 40 litr\u00f3w na minut\u0119.<\/p>\n","protected":false},"featured_media":51417,"template":"","meta":{"_et_pb_use_builder":"","_et_pb_old_content":"","_et_gb_content_width":""},"pwb-brand":[1577],"product_brand":[],"product_cat":[1572],"product_tag":[],"class_list":{"0":"post-48686","1":"product","2":"type-product","3":"status-publish","4":"has-post-thumbnail","6":"pwb-brand-bartscher","7":"product_cat-baterie-umywalkowe-baterie-i-napelniacze-uzdatniacze-wody","9":"first","10":"instock","11":"taxable","12":"shipping-taxable","13":"purchasable","14":"product-type-simple"},"brands":[{"id":1577,"name":"Bartscher","slug":"bartscher"}],"_links":{"self":[{"href":"https:\/\/www.multifrigo.pl\/sklep\/wp-json\/wp\/v2\/product\/48686","targetHints":{"allow":["GET"]}}],"collection":[{"href":"https:\/\/www.multifrigo.pl\/sklep\/wp-json\/wp\/v2\/product"}],"about":[{"href":"https:\/\/www.multifrigo.pl\/sklep\/wp-json\/wp\/v2\/types\/product"}],"wp:featuredmedia":[{"embeddable":true,"href":"https:\/\/www.multifrigo.pl\/sklep\/wp-json\/wp\/v2\/media\/51417"}],"wp:attachment":[{"href":"https:\/\/www.multifrigo.pl\/sklep\/wp-json\/wp\/v2\/media?parent=48686"}],"wp:term":[{"taxonomy":"pwb-brand","embeddable":true,"href":"https:\/\/www.multifrigo.pl\/sklep\/wp-json\/wp\/v2\/pwb-brand?post=48686"},{"taxonomy":"product_brand","embeddable":true,"href":"https:\/\/www.multifrigo.pl\/sklep\/wp-json\/wp\/v2\/product_brand?post=48686"},{"taxonomy":"product_cat","embeddable":true,"href":"https:\/\/www.multifrigo.pl\/sklep\/wp-json\/wp\/v2\/product_cat?post=48686"},{"taxonomy":"product_tag","embeddable":true,"href":"https:\/\/www.multifrigo.pl\/sklep\/wp-json\/wp\/v2\/product_tag?post=48686"}],"curies":[{"name":"wp","href":"https:\/\/api.w.org\/{rel}","templated":true}]}}