{"id":48694,"date":"2024-09-09T06:32:12","date_gmt":"2024-09-09T06:32:12","guid":{"rendered":"https:\/\/www.multifrigo.pl\/sklep\/?post_type=product&#038;p=48694"},"modified":"2025-07-17T09:57:45","modified_gmt":"2025-07-17T09:57:45","slug":"piec-konwekcyjny-at211-mdi-bartscher-a120792","status":"publish","type":"product","link":"https:\/\/www.multifrigo.pl\/sklep\/produkt\/piec-konwekcyjny-at211-mdi-bartscher-a120792\/","title":{"rendered":"Piec konwekcyjny AT211-MDI | Bartscher A120792"},"content":{"rendered":"<p><b>Piec konwekcyjny AT211-MDI<\/b><\/p>\n<p>Piec konwekcyjny AT211 MDI z prowadnicami w praktycznym formacie 1\/1 GN i solidn\u0105 komor\u0105 pieca ze stali szlachetnej oferuje sprawdzone funkcje serii AT. Wysoki komfort obs\u0142ugi zapewniaj\u0105 pokr\u0119t\u0142a cyfrowe z szybk\u0105 i nieskomplikowan\u0105 regulacj\u0105 temperatury i czasu.<\/p><\/p>\n","protected":false},"excerpt":{"rendered":"<p>Piec konwekcyjny AT211-MDI Piec konwekcyjny AT211 MDI z prowadnicami w praktycznym formacie 1\/1 GN i solidn\u0105 komor\u0105 pieca ze stali szlachetnej oferuje sprawdzone funkcje serii AT. Wysoki komfort obs\u0142ugi zapewniaj\u0105 pokr\u0119t\u0142a cyfrowe z szybk\u0105 i nieskomplikowan\u0105 regulacj\u0105 temperatury i czasu.<\/p>\n","protected":false},"featured_media":54585,"template":"","meta":{"_et_pb_use_builder":"","_et_pb_old_content":"","_et_gb_content_width":""},"pwb-brand":[1577],"product_brand":[],"product_cat":[463],"product_tag":[],"class_list":{"0":"post-48694","1":"product","2":"type-product","3":"status-publish","4":"has-post-thumbnail","6":"pwb-brand-bartscher","7":"product_cat-piece-konwekcyjne","9":"first","10":"instock","11":"taxable","12":"shipping-taxable","13":"purchasable","14":"product-type-simple"},"brands":[{"id":1577,"name":"Bartscher","slug":"bartscher"}],"_links":{"self":[{"href":"https:\/\/www.multifrigo.pl\/sklep\/wp-json\/wp\/v2\/product\/48694","targetHints":{"allow":["GET"]}}],"collection":[{"href":"https:\/\/www.multifrigo.pl\/sklep\/wp-json\/wp\/v2\/product"}],"about":[{"href":"https:\/\/www.multifrigo.pl\/sklep\/wp-json\/wp\/v2\/types\/product"}],"wp:featuredmedia":[{"embeddable":true,"href":"https:\/\/www.multifrigo.pl\/sklep\/wp-json\/wp\/v2\/media\/54585"}],"wp:attachment":[{"href":"https:\/\/www.multifrigo.pl\/sklep\/wp-json\/wp\/v2\/media?parent=48694"}],"wp:term":[{"taxonomy":"pwb-brand","embeddable":true,"href":"https:\/\/www.multifrigo.pl\/sklep\/wp-json\/wp\/v2\/pwb-brand?post=48694"},{"taxonomy":"product_brand","embeddable":true,"href":"https:\/\/www.multifrigo.pl\/sklep\/wp-json\/wp\/v2\/product_brand?post=48694"},{"taxonomy":"product_cat","embeddable":true,"href":"https:\/\/www.multifrigo.pl\/sklep\/wp-json\/wp\/v2\/product_cat?post=48694"},{"taxonomy":"product_tag","embeddable":true,"href":"https:\/\/www.multifrigo.pl\/sklep\/wp-json\/wp\/v2\/product_tag?post=48694"}],"curies":[{"name":"wp","href":"https:\/\/api.w.org\/{rel}","templated":true}]}}