{"id":48701,"date":"2024-09-09T06:32:34","date_gmt":"2024-09-09T06:32:34","guid":{"rendered":"https:\/\/www.multifrigo.pl\/sklep\/produkt\/bemar-elektryczny-650-szer-400-1-1gn-bartscher-115111\/"},"modified":"2025-07-17T08:33:21","modified_gmt":"2025-07-17T08:33:21","slug":"bemar-elektryczny-650-szer-400-1-1gn-bartscher-115111","status":"publish","type":"product","link":"https:\/\/www.multifrigo.pl\/sklep\/produkt\/bemar-elektryczny-650-szer-400-1-1gn-bartscher-115111\/","title":{"rendered":"Bemar elektryczny 650, szer. 400, 1\/1GN | Bartscher 115111"},"content":{"rendered":"<p><b>Bemar elektryczny 650, szer. 400, 1\/1GN<\/b><\/p>\n<p>Seria 650 \u2013 seria urz\u0105dze\u0144 gastronomicznych do profesjonalnej kuchni. Wyr\u00f3\u017cnia si\u0119 optymalnym wykorzystaniem energii, niezwyk\u0142\u0105 wydajno\u015bci\u0105 i wysokim komfortem czyszczenia. Dzi\u0119ki modu\u0142owej budowie zapewnia \u0142atwo\u015b\u0107 \u0142\u0105czenia i elastyczno\u015b\u0107 w zakresie rozmieszczenia. Urz\u0105dzenie jest w ca\u0142o\u015bci wykonane ze stali chromowo-niklowej 18\/10.<\/p><\/p>\n","protected":false},"excerpt":{"rendered":"<p>Bemar elektryczny 650, szer. 400, 1\/1GN Seria 650 \u2013 seria urz\u0105dze\u0144 gastronomicznych do profesjonalnej kuchni. Wyr\u00f3\u017cnia si\u0119 optymalnym wykorzystaniem energii, niezwyk\u0142\u0105 wydajno\u015bci\u0105 i wysokim komfortem czyszczenia. Dzi\u0119ki modu\u0142owej budowie zapewnia \u0142atwo\u015b\u0107 \u0142\u0105czenia i elastyczno\u015b\u0107 w zakresie rozmieszczenia. Urz\u0105dzenie jest w ca\u0142o\u015bci wykonane ze stali chromowo-niklowej 18\/10.<\/p>\n","protected":false},"featured_media":51454,"template":"","meta":{"_et_pb_use_builder":"","_et_pb_old_content":"","_et_gb_content_width":""},"pwb-brand":[1577],"product_brand":[],"product_cat":[442],"product_tag":[],"class_list":{"0":"post-48701","1":"product","2":"type-product","3":"status-publish","4":"has-post-thumbnail","6":"pwb-brand-bartscher","7":"product_cat-bemary-nastawne","9":"first","10":"instock","11":"taxable","12":"shipping-taxable","13":"purchasable","14":"product-type-simple"},"brands":[{"id":1577,"name":"Bartscher","slug":"bartscher"}],"_links":{"self":[{"href":"https:\/\/www.multifrigo.pl\/sklep\/wp-json\/wp\/v2\/product\/48701","targetHints":{"allow":["GET"]}}],"collection":[{"href":"https:\/\/www.multifrigo.pl\/sklep\/wp-json\/wp\/v2\/product"}],"about":[{"href":"https:\/\/www.multifrigo.pl\/sklep\/wp-json\/wp\/v2\/types\/product"}],"wp:featuredmedia":[{"embeddable":true,"href":"https:\/\/www.multifrigo.pl\/sklep\/wp-json\/wp\/v2\/media\/51454"}],"wp:attachment":[{"href":"https:\/\/www.multifrigo.pl\/sklep\/wp-json\/wp\/v2\/media?parent=48701"}],"wp:term":[{"taxonomy":"pwb-brand","embeddable":true,"href":"https:\/\/www.multifrigo.pl\/sklep\/wp-json\/wp\/v2\/pwb-brand?post=48701"},{"taxonomy":"product_brand","embeddable":true,"href":"https:\/\/www.multifrigo.pl\/sklep\/wp-json\/wp\/v2\/product_brand?post=48701"},{"taxonomy":"product_cat","embeddable":true,"href":"https:\/\/www.multifrigo.pl\/sklep\/wp-json\/wp\/v2\/product_cat?post=48701"},{"taxonomy":"product_tag","embeddable":true,"href":"https:\/\/www.multifrigo.pl\/sklep\/wp-json\/wp\/v2\/product_tag?post=48701"}],"curies":[{"name":"wp","href":"https:\/\/api.w.org\/{rel}","templated":true}]}}