{"id":48714,"date":"2024-09-09T06:33:14","date_gmt":"2024-09-09T06:33:14","guid":{"rendered":"https:\/\/www.multifrigo.pl\/sklep\/produkt\/bemar-elektryczny-z-otwarta-polka-400x900x900-bartscher-296303\/"},"modified":"2025-07-17T08:59:30","modified_gmt":"2025-07-17T08:59:30","slug":"bemar-elektryczny-z-otwarta-polka-400x900x900-bartscher-296303","status":"publish","type":"product","link":"https:\/\/www.multifrigo.pl\/sklep\/produkt\/bemar-elektryczny-z-otwarta-polka-400x900x900-bartscher-296303\/","title":{"rendered":"Bemar elektryczny z otwart\u0105 p\u00f3\u0142k\u0105 400x900x900 | Bartscher 296303"},"content":{"rendered":"<p><b>Bemar elektryczny z otwart\u0105 p\u00f3\u0142k\u0105 400x900x900<\/b><\/p>\n<p>Solidne wykonanie z wysokiej jako\u015bci stali szlachetnej CrNiSi 18\/10 sprawia, \u017ce seria 900 Master to idealny wyb&oacute;r dla nowoczesnej i profesjonalnej kuchni o wysokich standardach. Najwy\u017csza jako\u015b\u0107, wszechstronno\u015b\u0107 i wysoka wydajno\u015b\u0107.<\/p><\/p>\n","protected":false},"excerpt":{"rendered":"<p>Bemar elektryczny z otwart\u0105 p\u00f3\u0142k\u0105 400x900x900 Solidne wykonanie z wysokiej jako\u015bci stali szlachetnej CrNiSi 18\/10 sprawia, \u017ce seria 900 Master to idealny wyb&oacute;r dla nowoczesnej i profesjonalnej kuchni o wysokich standardach. Najwy\u017csza jako\u015b\u0107, wszechstronno\u015b\u0107 i wysoka wydajno\u015b\u0107.<\/p>\n","protected":false},"featured_media":51465,"template":"","meta":{"_et_pb_use_builder":"","_et_pb_old_content":"","_et_gb_content_width":""},"pwb-brand":[1577],"product_brand":[],"product_cat":[633],"product_tag":[],"class_list":{"0":"post-48714","1":"product","2":"type-product","3":"status-publish","4":"has-post-thumbnail","6":"pwb-brand-bartscher","7":"product_cat-bemary-stacjonarne","9":"first","10":"instock","11":"taxable","12":"shipping-taxable","13":"purchasable","14":"product-type-simple"},"brands":[{"id":1577,"name":"Bartscher","slug":"bartscher"}],"_links":{"self":[{"href":"https:\/\/www.multifrigo.pl\/sklep\/wp-json\/wp\/v2\/product\/48714","targetHints":{"allow":["GET"]}}],"collection":[{"href":"https:\/\/www.multifrigo.pl\/sklep\/wp-json\/wp\/v2\/product"}],"about":[{"href":"https:\/\/www.multifrigo.pl\/sklep\/wp-json\/wp\/v2\/types\/product"}],"wp:featuredmedia":[{"embeddable":true,"href":"https:\/\/www.multifrigo.pl\/sklep\/wp-json\/wp\/v2\/media\/51465"}],"wp:attachment":[{"href":"https:\/\/www.multifrigo.pl\/sklep\/wp-json\/wp\/v2\/media?parent=48714"}],"wp:term":[{"taxonomy":"pwb-brand","embeddable":true,"href":"https:\/\/www.multifrigo.pl\/sklep\/wp-json\/wp\/v2\/pwb-brand?post=48714"},{"taxonomy":"product_brand","embeddable":true,"href":"https:\/\/www.multifrigo.pl\/sklep\/wp-json\/wp\/v2\/product_brand?post=48714"},{"taxonomy":"product_cat","embeddable":true,"href":"https:\/\/www.multifrigo.pl\/sklep\/wp-json\/wp\/v2\/product_cat?post=48714"},{"taxonomy":"product_tag","embeddable":true,"href":"https:\/\/www.multifrigo.pl\/sklep\/wp-json\/wp\/v2\/product_tag?post=48714"}],"curies":[{"name":"wp","href":"https:\/\/api.w.org\/{rel}","templated":true}]}}