{"id":48771,"date":"2024-09-09T06:36:14","date_gmt":"2024-09-09T06:36:14","guid":{"rendered":"https:\/\/www.multifrigo.pl\/sklep\/?post_type=product&#038;p=48771"},"modified":"2025-07-17T07:46:30","modified_gmt":"2025-07-17T07:46:30","slug":"urzadzenie-do-polerowania-szklanek-bartscher-109470","status":"publish","type":"product","link":"https:\/\/www.multifrigo.pl\/sklep\/produkt\/urzadzenie-do-polerowania-szklanek-bartscher-109470\/","title":{"rendered":"Urz\u0105dzenie do polerowania szklanek | Bartscher 109470"},"content":{"rendered":"<p><b>Urz\u0105dzenie do polerowania szklanek<\/b><\/p>\n<p>5 obracaj\u0105cych si\u0119 rolek, wspomaganych przez dmuchaw\u0119 gor\u0105cego powietrza, pozwol\u0105 wypolerowa\u0107 szklanki w kilka sekund.<\/p><\/p>\n","protected":false},"excerpt":{"rendered":"<p>Urz\u0105dzenie do polerowania szklanek 5 obracaj\u0105cych si\u0119 rolek, wspomaganych przez dmuchaw\u0119 gor\u0105cego powietrza, pozwol\u0105 wypolerowa\u0107 szklanki w kilka sekund.<\/p>\n","protected":false},"featured_media":55820,"template":"","meta":{"_et_pb_use_builder":"","_et_pb_old_content":"","_et_gb_content_width":""},"pwb-brand":[1577],"product_brand":[],"product_cat":[3584],"product_tag":[],"class_list":{"0":"post-48771","1":"product","2":"type-product","3":"status-publish","4":"has-post-thumbnail","6":"pwb-brand-bartscher","7":"product_cat-polerki-do-sztuccow-i-naczyn","9":"first","10":"instock","11":"taxable","12":"shipping-taxable","13":"purchasable","14":"product-type-simple"},"brands":[{"id":1577,"name":"Bartscher","slug":"bartscher"}],"_links":{"self":[{"href":"https:\/\/www.multifrigo.pl\/sklep\/wp-json\/wp\/v2\/product\/48771","targetHints":{"allow":["GET"]}}],"collection":[{"href":"https:\/\/www.multifrigo.pl\/sklep\/wp-json\/wp\/v2\/product"}],"about":[{"href":"https:\/\/www.multifrigo.pl\/sklep\/wp-json\/wp\/v2\/types\/product"}],"wp:featuredmedia":[{"embeddable":true,"href":"https:\/\/www.multifrigo.pl\/sklep\/wp-json\/wp\/v2\/media\/55820"}],"wp:attachment":[{"href":"https:\/\/www.multifrigo.pl\/sklep\/wp-json\/wp\/v2\/media?parent=48771"}],"wp:term":[{"taxonomy":"pwb-brand","embeddable":true,"href":"https:\/\/www.multifrigo.pl\/sklep\/wp-json\/wp\/v2\/pwb-brand?post=48771"},{"taxonomy":"product_brand","embeddable":true,"href":"https:\/\/www.multifrigo.pl\/sklep\/wp-json\/wp\/v2\/product_brand?post=48771"},{"taxonomy":"product_cat","embeddable":true,"href":"https:\/\/www.multifrigo.pl\/sklep\/wp-json\/wp\/v2\/product_cat?post=48771"},{"taxonomy":"product_tag","embeddable":true,"href":"https:\/\/www.multifrigo.pl\/sklep\/wp-json\/wp\/v2\/product_tag?post=48771"}],"curies":[{"name":"wp","href":"https:\/\/api.w.org\/{rel}","templated":true}]}}