{"id":48774,"date":"2024-09-09T06:36:23","date_gmt":"2024-09-09T06:36:23","guid":{"rendered":"https:\/\/www.multifrigo.pl\/sklep\/produkt\/blacha-do-pieczenia-pizzy-290-r-bartscher-100925\/"},"modified":"2026-02-23T08:31:58","modified_gmt":"2026-02-23T08:31:58","slug":"blacha-do-pieczenia-pizzy-290-r-bartscher-100925","status":"publish","type":"product","link":"https:\/\/www.multifrigo.pl\/sklep\/produkt\/blacha-do-pieczenia-pizzy-290-r-bartscher-100925\/","title":{"rendered":"Blacha do pieczenia pizzy 290-R | Bartscher 100925"},"content":{"rendered":"<p><b>Blacha do pieczenia pizzy 290-R<\/b><\/p>\n<p>Perforowany sp\u00f3d blachy do pieczenia pizzy zapewnia dobr\u0105 cyrkulacj\u0119 powietrza \u2013 wyj\u0105tkowo udana recepta na chrupi\u0105ce, wypieczone ciasto. Dzi\u0119ki nieprzywieraj\u0105cej pow\u0142oce mo\u017cna bardzo \u0142atwo oddzieli\u0107 cienkie i podatne na rozerwanie ciasta od blachy.<\/p><\/p>\n","protected":false},"excerpt":{"rendered":"<p>Blacha do pieczenia pizzy 290-RPerforowany sp\u00f3d blachy do pieczenia pizzy zapewnia dobr\u0105 cyrkulacj\u0119 powietrza \u2013 wyj\u0105tkowo udana recepta na chrupi\u0105ce, wypieczone ciasto. Dzi\u0119ki nieprzywieraj\u0105cej pow\u0142oce mo\u017cna bardzo \u0142atwo oddzieli\u0107 cienkie i podatne na rozerwanie ciasta od blachy.<\/p>\n","protected":false},"featured_media":51526,"template":"","meta":{"_et_pb_use_builder":"on","_et_pb_old_content":"<p><b>Blacha do pieczenia pizzy 290-R<\/b><\/p><p>Perforowany sp\u00f3d blachy do pieczenia pizzy zapewnia dobr\u0105 cyrkulacj\u0119 powietrza \u2013 wyj\u0105tkowo udana recepta na chrupi\u0105ce, wypieczone ciasto. Dzi\u0119ki nieprzywieraj\u0105cej pow\u0142oce mo\u017cna bardzo \u0142atwo oddzieli\u0107 cienkie i podatne na rozerwanie ciasta od blachy.<\/p><\/p>","_et_gb_content_width":""},"pwb-brand":[1577],"product_brand":[],"product_cat":[363],"product_tag":[],"class_list":{"0":"post-48774","1":"product","2":"type-product","3":"status-publish","4":"has-post-thumbnail","6":"pwb-brand-bartscher","7":"product_cat-blachy-do-pizzy","9":"first","10":"instock","11":"taxable","12":"shipping-taxable","13":"purchasable","14":"product-type-simple"},"brands":[{"id":1577,"name":"Bartscher","slug":"bartscher"}],"_links":{"self":[{"href":"https:\/\/www.multifrigo.pl\/sklep\/wp-json\/wp\/v2\/product\/48774","targetHints":{"allow":["GET"]}}],"collection":[{"href":"https:\/\/www.multifrigo.pl\/sklep\/wp-json\/wp\/v2\/product"}],"about":[{"href":"https:\/\/www.multifrigo.pl\/sklep\/wp-json\/wp\/v2\/types\/product"}],"wp:featuredmedia":[{"embeddable":true,"href":"https:\/\/www.multifrigo.pl\/sklep\/wp-json\/wp\/v2\/media\/51526"}],"wp:attachment":[{"href":"https:\/\/www.multifrigo.pl\/sklep\/wp-json\/wp\/v2\/media?parent=48774"}],"wp:term":[{"taxonomy":"pwb-brand","embeddable":true,"href":"https:\/\/www.multifrigo.pl\/sklep\/wp-json\/wp\/v2\/pwb-brand?post=48774"},{"taxonomy":"product_brand","embeddable":true,"href":"https:\/\/www.multifrigo.pl\/sklep\/wp-json\/wp\/v2\/product_brand?post=48774"},{"taxonomy":"product_cat","embeddable":true,"href":"https:\/\/www.multifrigo.pl\/sklep\/wp-json\/wp\/v2\/product_cat?post=48774"},{"taxonomy":"product_tag","embeddable":true,"href":"https:\/\/www.multifrigo.pl\/sklep\/wp-json\/wp\/v2\/product_tag?post=48774"}],"curies":[{"name":"wp","href":"https:\/\/api.w.org\/{rel}","templated":true}]}}