{"id":48785,"date":"2024-09-09T06:37:00","date_gmt":"2024-09-09T06:37:00","guid":{"rendered":"https:\/\/www.multifrigo.pl\/sklep\/produkt\/blacha-perforowana-600x400-al-bartscher-100413\/"},"modified":"2025-07-17T07:42:16","modified_gmt":"2025-07-17T07:42:16","slug":"blacha-perforowana-600x400-al-bartscher-100413","status":"publish","type":"product","link":"https:\/\/www.multifrigo.pl\/sklep\/produkt\/blacha-perforowana-600x400-al-bartscher-100413\/","title":{"rendered":"Blacha perforowana 600&#215;400-AL | Bartscher 100413"},"content":{"rendered":"<p><b>Blacha perforowana 600&#215;400-AL<\/b><\/p>\n<p>Blacha perforowana z aluminium w formacie zgodnym z norm\u0105 piekarsk\u0105 600&#215;400 jest odporna na temperatur\u0119 do 260\u00b0C. 3-stronna kraw\u0119d\u017a zapewnia bezpieczne pieczenie i transport.<\/p><\/p>\n","protected":false},"excerpt":{"rendered":"<p>Blacha perforowana 600&#215;400-AL Blacha perforowana z aluminium w formacie zgodnym z norm\u0105 piekarsk\u0105 600&#215;400 jest odporna na temperatur\u0119 do 260\u00b0C. 3-stronna kraw\u0119d\u017a zapewnia bezpieczne pieczenie i transport.<\/p>\n","protected":false},"featured_media":51550,"template":"","meta":{"_et_pb_use_builder":"","_et_pb_old_content":"","_et_gb_content_width":""},"pwb-brand":[1577],"product_brand":[],"product_cat":[546],"product_tag":[],"class_list":{"0":"post-48785","1":"product","2":"type-product","3":"status-publish","4":"has-post-thumbnail","6":"pwb-brand-bartscher","7":"product_cat-blachy-do-piecow","9":"first","10":"instock","11":"taxable","12":"shipping-taxable","13":"purchasable","14":"product-type-simple"},"brands":[{"id":1577,"name":"Bartscher","slug":"bartscher"}],"_links":{"self":[{"href":"https:\/\/www.multifrigo.pl\/sklep\/wp-json\/wp\/v2\/product\/48785","targetHints":{"allow":["GET"]}}],"collection":[{"href":"https:\/\/www.multifrigo.pl\/sklep\/wp-json\/wp\/v2\/product"}],"about":[{"href":"https:\/\/www.multifrigo.pl\/sklep\/wp-json\/wp\/v2\/types\/product"}],"wp:featuredmedia":[{"embeddable":true,"href":"https:\/\/www.multifrigo.pl\/sklep\/wp-json\/wp\/v2\/media\/51550"}],"wp:attachment":[{"href":"https:\/\/www.multifrigo.pl\/sklep\/wp-json\/wp\/v2\/media?parent=48785"}],"wp:term":[{"taxonomy":"pwb-brand","embeddable":true,"href":"https:\/\/www.multifrigo.pl\/sklep\/wp-json\/wp\/v2\/pwb-brand?post=48785"},{"taxonomy":"product_brand","embeddable":true,"href":"https:\/\/www.multifrigo.pl\/sklep\/wp-json\/wp\/v2\/product_brand?post=48785"},{"taxonomy":"product_cat","embeddable":true,"href":"https:\/\/www.multifrigo.pl\/sklep\/wp-json\/wp\/v2\/product_cat?post=48785"},{"taxonomy":"product_tag","embeddable":true,"href":"https:\/\/www.multifrigo.pl\/sklep\/wp-json\/wp\/v2\/product_tag?post=48785"}],"curies":[{"name":"wp","href":"https:\/\/api.w.org\/{rel}","templated":true}]}}