{"id":48798,"date":"2024-09-09T06:37:51","date_gmt":"2024-09-09T06:37:51","guid":{"rendered":"https:\/\/www.multifrigo.pl\/sklep\/?post_type=product&#038;p=48798"},"modified":"2025-07-17T08:36:38","modified_gmt":"2025-07-17T08:36:38","slug":"ostrzalka-do-nozy-ms310-bartscher-120558","status":"publish","type":"product","link":"https:\/\/www.multifrigo.pl\/sklep\/produkt\/ostrzalka-do-nozy-ms310-bartscher-120558\/","title":{"rendered":"Ostrza\u0142ka do no\u017cy MS310 | Bartscher 120558"},"content":{"rendered":"<p><b>Ostrza\u0142ka do no\u017cy MS310<\/b><\/p>\n<p>Bezpieczna dla materia\u0142u i dok\u0142adna. G\u0142adkie i zaokr\u0105glone ostrza lub no\u017ce ze szlifem falistym \u2013 podczas szlifowania i usuwania zadzior\u00f3w ostrza\u0142ka do no\u017cy jest bezkompromisowa.<\/p><\/p>\n","protected":false},"excerpt":{"rendered":"<p>Ostrza\u0142ka do no\u017cy MS310 Bezpieczna dla materia\u0142u i dok\u0142adna. G\u0142adkie i zaokr\u0105glone ostrza lub no\u017ce ze szlifem falistym \u2013 podczas szlifowania i usuwania zadzior\u00f3w ostrza\u0142ka do no\u017cy jest bezkompromisowa.<\/p>\n","protected":false},"featured_media":54080,"template":"","meta":{"_et_pb_use_builder":"","_et_pb_old_content":"","_et_gb_content_width":""},"pwb-brand":[1577],"product_brand":[],"product_cat":[168],"product_tag":[],"class_list":{"0":"post-48798","1":"product","2":"type-product","3":"status-publish","4":"has-post-thumbnail","6":"pwb-brand-bartscher","7":"product_cat-ostrzalki-elektryczne","9":"first","10":"instock","11":"taxable","12":"shipping-taxable","13":"purchasable","14":"product-type-simple"},"brands":[{"id":1577,"name":"Bartscher","slug":"bartscher"}],"_links":{"self":[{"href":"https:\/\/www.multifrigo.pl\/sklep\/wp-json\/wp\/v2\/product\/48798","targetHints":{"allow":["GET"]}}],"collection":[{"href":"https:\/\/www.multifrigo.pl\/sklep\/wp-json\/wp\/v2\/product"}],"about":[{"href":"https:\/\/www.multifrigo.pl\/sklep\/wp-json\/wp\/v2\/types\/product"}],"wp:featuredmedia":[{"embeddable":true,"href":"https:\/\/www.multifrigo.pl\/sklep\/wp-json\/wp\/v2\/media\/54080"}],"wp:attachment":[{"href":"https:\/\/www.multifrigo.pl\/sklep\/wp-json\/wp\/v2\/media?parent=48798"}],"wp:term":[{"taxonomy":"pwb-brand","embeddable":true,"href":"https:\/\/www.multifrigo.pl\/sklep\/wp-json\/wp\/v2\/pwb-brand?post=48798"},{"taxonomy":"product_brand","embeddable":true,"href":"https:\/\/www.multifrigo.pl\/sklep\/wp-json\/wp\/v2\/product_brand?post=48798"},{"taxonomy":"product_cat","embeddable":true,"href":"https:\/\/www.multifrigo.pl\/sklep\/wp-json\/wp\/v2\/product_cat?post=48798"},{"taxonomy":"product_tag","embeddable":true,"href":"https:\/\/www.multifrigo.pl\/sklep\/wp-json\/wp\/v2\/product_tag?post=48798"}],"curies":[{"name":"wp","href":"https:\/\/api.w.org\/{rel}","templated":true}]}}