{"id":48801,"date":"2024-09-09T06:37:57","date_gmt":"2024-09-09T06:37:57","guid":{"rendered":"https:\/\/www.multifrigo.pl\/sklep\/?post_type=product&#038;p=48801"},"modified":"2025-07-17T09:56:21","modified_gmt":"2025-07-17T09:56:21","slug":"deska-do-krojenia-pro-53x32-br-r-bartscher-a120538","status":"publish","type":"product","link":"https:\/\/www.multifrigo.pl\/sklep\/produkt\/deska-do-krojenia-pro-53x32-br-r-bartscher-a120538\/","title":{"rendered":"Deska do krojenia PRO 53&#215;32 BR-R | Bartscher A120538"},"content":{"rendered":"<p><b>Deska do krojenia PRO 53&#215;32 BR-R<\/b><\/p>\n<p>Higiena w centrum uwagi dzi\u0119ki serii desek do krojenia PRO w formacie 53 x 32 cm \u2013 dost\u0119pne w r\u00f3\u017cnych kolorach deski do krojenia, przeznaczone do r\u00f3\u017cnych grup produkt\u00f3w \u017cywno\u015bciowych. Zgodna z HAACP deska do krojenia w kolorze br\u0105zowym jest przystosowana do krojenia mi\u0119sa po obr\u00f3bce termicznej.<\/p><\/p>\n","protected":false},"excerpt":{"rendered":"<p>Deska do krojenia PRO 53&#215;32 BR-R Higiena w centrum uwagi dzi\u0119ki serii desek do krojenia PRO w formacie 53 x 32 cm \u2013 dost\u0119pne w r\u00f3\u017cnych kolorach deski do krojenia, przeznaczone do r\u00f3\u017cnych grup produkt\u00f3w \u017cywno\u015bciowych. Zgodna z HAACP deska do krojenia w kolorze br\u0105zowym jest przystosowana do krojenia mi\u0119sa po obr\u00f3bce termicznej.<\/p>\n","protected":false},"featured_media":51872,"template":"","meta":{"_et_pb_use_builder":"","_et_pb_old_content":"","_et_gb_content_width":""},"pwb-brand":[1577],"product_brand":[],"product_cat":[204],"product_tag":[],"class_list":{"0":"post-48801","1":"product","2":"type-product","3":"status-publish","4":"has-post-thumbnail","6":"pwb-brand-bartscher","7":"product_cat-deski-haccp","9":"first","10":"instock","11":"taxable","12":"shipping-taxable","13":"purchasable","14":"product-type-simple"},"brands":[{"id":1577,"name":"Bartscher","slug":"bartscher"}],"_links":{"self":[{"href":"https:\/\/www.multifrigo.pl\/sklep\/wp-json\/wp\/v2\/product\/48801","targetHints":{"allow":["GET"]}}],"collection":[{"href":"https:\/\/www.multifrigo.pl\/sklep\/wp-json\/wp\/v2\/product"}],"about":[{"href":"https:\/\/www.multifrigo.pl\/sklep\/wp-json\/wp\/v2\/types\/product"}],"wp:featuredmedia":[{"embeddable":true,"href":"https:\/\/www.multifrigo.pl\/sklep\/wp-json\/wp\/v2\/media\/51872"}],"wp:attachment":[{"href":"https:\/\/www.multifrigo.pl\/sklep\/wp-json\/wp\/v2\/media?parent=48801"}],"wp:term":[{"taxonomy":"pwb-brand","embeddable":true,"href":"https:\/\/www.multifrigo.pl\/sklep\/wp-json\/wp\/v2\/pwb-brand?post=48801"},{"taxonomy":"product_brand","embeddable":true,"href":"https:\/\/www.multifrigo.pl\/sklep\/wp-json\/wp\/v2\/product_brand?post=48801"},{"taxonomy":"product_cat","embeddable":true,"href":"https:\/\/www.multifrigo.pl\/sklep\/wp-json\/wp\/v2\/product_cat?post=48801"},{"taxonomy":"product_tag","embeddable":true,"href":"https:\/\/www.multifrigo.pl\/sklep\/wp-json\/wp\/v2\/product_tag?post=48801"}],"curies":[{"name":"wp","href":"https:\/\/api.w.org\/{rel}","templated":true}]}}