{"id":48817,"date":"2024-09-09T06:39:04","date_gmt":"2024-09-09T06:39:04","guid":{"rendered":"https:\/\/www.multifrigo.pl\/sklep\/produkt\/chlodziarka-do-wina-2fl-100-bartscher-700142\/"},"modified":"2025-07-17T09:45:13","modified_gmt":"2025-07-17T09:45:13","slug":"chlodziarka-do-wina-2fl-100-bartscher-700142","status":"publish","type":"product","link":"https:\/\/www.multifrigo.pl\/sklep\/produkt\/chlodziarka-do-wina-2fl-100-bartscher-700142\/","title":{"rendered":"Ch\u0142odziarka do wina 2FL-100 | Bartscher 700142"},"content":{"rendered":"<p><b>Ch\u0142odziarka do wina 2FL-100<\/b><\/p>\n<p>Do prezentacji i\u00a0ch\u0142odzenia wina w\u00a0dyspenserze do win. Dzi\u0119ki zintegrowanemu o\u015bwietleniu LED w\u00a0ch\u0142odziarce do wina mo\u017cna stylowo zaprezentowa\u0107 2 butelki wina bia\u0142ego, r\u00f3\u017cowego lub czerwonego w\u00a0bufecie, na stole w\u00a0restauracji lub przy barze, b\u0105d\u017a podczas degustacji win.<\/p><\/p>\n","protected":false},"excerpt":{"rendered":"<p>Ch\u0142odziarka do wina 2FL-100 Do prezentacji i\u00a0ch\u0142odzenia wina w\u00a0dyspenserze do win. Dzi\u0119ki zintegrowanemu o\u015bwietleniu LED w\u00a0ch\u0142odziarce do wina mo\u017cna stylowo zaprezentowa\u0107 2 butelki wina bia\u0142ego, r\u00f3\u017cowego lub czerwonego w\u00a0bufecie, na stole w\u00a0restauracji lub przy barze, b\u0105d\u017a podczas degustacji win.<\/p>\n","protected":false},"featured_media":51636,"template":"","meta":{"_et_pb_use_builder":"","_et_pb_old_content":"","_et_gb_content_width":""},"pwb-brand":[1577],"product_brand":[],"product_cat":[1726],"product_tag":[],"class_list":{"0":"post-48817","1":"product","2":"type-product","3":"status-publish","4":"has-post-thumbnail","6":"pwb-brand-bartscher","7":"product_cat-chlodziarki-na-wino","9":"first","10":"instock","11":"taxable","12":"shipping-taxable","13":"purchasable","14":"product-type-simple"},"brands":[{"id":1577,"name":"Bartscher","slug":"bartscher"}],"_links":{"self":[{"href":"https:\/\/www.multifrigo.pl\/sklep\/wp-json\/wp\/v2\/product\/48817","targetHints":{"allow":["GET"]}}],"collection":[{"href":"https:\/\/www.multifrigo.pl\/sklep\/wp-json\/wp\/v2\/product"}],"about":[{"href":"https:\/\/www.multifrigo.pl\/sklep\/wp-json\/wp\/v2\/types\/product"}],"wp:featuredmedia":[{"embeddable":true,"href":"https:\/\/www.multifrigo.pl\/sklep\/wp-json\/wp\/v2\/media\/51636"}],"wp:attachment":[{"href":"https:\/\/www.multifrigo.pl\/sklep\/wp-json\/wp\/v2\/media?parent=48817"}],"wp:term":[{"taxonomy":"pwb-brand","embeddable":true,"href":"https:\/\/www.multifrigo.pl\/sklep\/wp-json\/wp\/v2\/pwb-brand?post=48817"},{"taxonomy":"product_brand","embeddable":true,"href":"https:\/\/www.multifrigo.pl\/sklep\/wp-json\/wp\/v2\/product_brand?post=48817"},{"taxonomy":"product_cat","embeddable":true,"href":"https:\/\/www.multifrigo.pl\/sklep\/wp-json\/wp\/v2\/product_cat?post=48817"},{"taxonomy":"product_tag","embeddable":true,"href":"https:\/\/www.multifrigo.pl\/sklep\/wp-json\/wp\/v2\/product_tag?post=48817"}],"curies":[{"name":"wp","href":"https:\/\/api.w.org\/{rel}","templated":true}]}}