{"id":48818,"date":"2024-09-09T06:39:13","date_gmt":"2024-09-09T06:39:13","guid":{"rendered":"https:\/\/www.multifrigo.pl\/sklep\/produkt\/chlodziarka-do-wina-2z-40fl-bartscher-700133\/"},"modified":"2025-07-17T09:45:01","modified_gmt":"2025-07-17T09:45:01","slug":"chlodziarka-do-wina-2z-40fl-bartscher-700133","status":"publish","type":"product","link":"https:\/\/www.multifrigo.pl\/sklep\/produkt\/chlodziarka-do-wina-2z-40fl-bartscher-700133\/","title":{"rendered":"Ch\u0142odziarka do wina 2Z 40FL | Bartscher 700133"},"content":{"rendered":"<p><b>Ch\u0142odziarka do wina 2Z 40FL<\/b><\/p>\n<p>Wysokiej jako\u015bci ch\u0142odziarka do wina \u2013 dzi\u0119ki stylowemu i eleganckiemu designowi oraz cichej pracy spr\u0119\u017carki \u2013 doskonale nadaje si\u0119 do bar\u00f3w i restauracji.<\/p><\/p>\n","protected":false},"excerpt":{"rendered":"<p>Ch\u0142odziarka do wina 2Z 40FL Wysokiej jako\u015bci ch\u0142odziarka do wina \u2013 dzi\u0119ki stylowemu i eleganckiemu designowi oraz cichej pracy spr\u0119\u017carki \u2013 doskonale nadaje si\u0119 do bar\u00f3w i restauracji.<\/p>\n","protected":false},"featured_media":51651,"template":"","meta":{"_et_pb_use_builder":"","_et_pb_old_content":"","_et_gb_content_width":""},"pwb-brand":[1577],"product_brand":[],"product_cat":[1726],"product_tag":[],"class_list":{"0":"post-48818","1":"product","2":"type-product","3":"status-publish","4":"has-post-thumbnail","6":"pwb-brand-bartscher","7":"product_cat-chlodziarki-na-wino","9":"first","10":"instock","11":"taxable","12":"shipping-taxable","13":"purchasable","14":"product-type-simple"},"brands":[{"id":1577,"name":"Bartscher","slug":"bartscher"}],"_links":{"self":[{"href":"https:\/\/www.multifrigo.pl\/sklep\/wp-json\/wp\/v2\/product\/48818","targetHints":{"allow":["GET"]}}],"collection":[{"href":"https:\/\/www.multifrigo.pl\/sklep\/wp-json\/wp\/v2\/product"}],"about":[{"href":"https:\/\/www.multifrigo.pl\/sklep\/wp-json\/wp\/v2\/types\/product"}],"wp:featuredmedia":[{"embeddable":true,"href":"https:\/\/www.multifrigo.pl\/sklep\/wp-json\/wp\/v2\/media\/51651"}],"wp:attachment":[{"href":"https:\/\/www.multifrigo.pl\/sklep\/wp-json\/wp\/v2\/media?parent=48818"}],"wp:term":[{"taxonomy":"pwb-brand","embeddable":true,"href":"https:\/\/www.multifrigo.pl\/sklep\/wp-json\/wp\/v2\/pwb-brand?post=48818"},{"taxonomy":"product_brand","embeddable":true,"href":"https:\/\/www.multifrigo.pl\/sklep\/wp-json\/wp\/v2\/product_brand?post=48818"},{"taxonomy":"product_cat","embeddable":true,"href":"https:\/\/www.multifrigo.pl\/sklep\/wp-json\/wp\/v2\/product_cat?post=48818"},{"taxonomy":"product_tag","embeddable":true,"href":"https:\/\/www.multifrigo.pl\/sklep\/wp-json\/wp\/v2\/product_tag?post=48818"}],"curies":[{"name":"wp","href":"https:\/\/api.w.org\/{rel}","templated":true}]}}