{"id":48820,"date":"2024-09-09T06:39:23","date_gmt":"2024-09-09T06:39:23","guid":{"rendered":"https:\/\/www.multifrigo.pl\/sklep\/produkt\/chlodziarka-impulsowa-110l-2f-bartscher-700809\/"},"modified":"2025-07-17T09:49:13","modified_gmt":"2025-07-17T09:49:13","slug":"chlodziarka-impulsowa-110l-2f-bartscher-700809","status":"publish","type":"product","link":"https:\/\/www.multifrigo.pl\/sklep\/produkt\/chlodziarka-impulsowa-110l-2f-bartscher-700809\/","title":{"rendered":"Ch\u0142odziarka impulsowa 110L-2F | Bartscher 700809"},"content":{"rendered":"<p><b>Ch\u0142odziarka impulsowa 110L-2F<\/b><\/p>\n<p>Kto jeszcze nie poczu\u0142 pragnienia, temu z pewno\u015bci\u0105 zechce si\u0119 pi\u0107 \u2013 na stacjach benzynowych, w supermarketach, kioskach lub w marketach budowlanych szybko si\u0119gniesz po orze\u017awiaj\u0105co ch\u0142odny nap\u00f3j w butelce lub puszce dzi\u0119ki ch\u0142odziarce impulsowej.<\/p><\/p>\n","protected":false},"excerpt":{"rendered":"<p>Ch\u0142odziarka impulsowa 110L-2F Kto jeszcze nie poczu\u0142 pragnienia, temu z pewno\u015bci\u0105 zechce si\u0119 pi\u0107 \u2013 na stacjach benzynowych, w supermarketach, kioskach lub w marketach budowlanych szybko si\u0119gniesz po orze\u017awiaj\u0105co ch\u0142odny nap\u00f3j w butelce lub puszce dzi\u0119ki ch\u0142odziarce impulsowej.<\/p>\n","protected":false},"featured_media":51666,"template":"","meta":{"_et_pb_use_builder":"","_et_pb_old_content":"","_et_gb_content_width":""},"pwb-brand":[1577],"product_brand":[],"product_cat":[1346],"product_tag":[],"class_list":{"0":"post-48820","1":"product","2":"type-product","3":"status-publish","4":"has-post-thumbnail","6":"pwb-brand-bartscher","7":"product_cat-chlodziarki","9":"first","10":"instock","11":"taxable","12":"shipping-taxable","13":"purchasable","14":"product-type-simple"},"brands":[{"id":1577,"name":"Bartscher","slug":"bartscher"}],"_links":{"self":[{"href":"https:\/\/www.multifrigo.pl\/sklep\/wp-json\/wp\/v2\/product\/48820","targetHints":{"allow":["GET"]}}],"collection":[{"href":"https:\/\/www.multifrigo.pl\/sklep\/wp-json\/wp\/v2\/product"}],"about":[{"href":"https:\/\/www.multifrigo.pl\/sklep\/wp-json\/wp\/v2\/types\/product"}],"wp:featuredmedia":[{"embeddable":true,"href":"https:\/\/www.multifrigo.pl\/sklep\/wp-json\/wp\/v2\/media\/51666"}],"wp:attachment":[{"href":"https:\/\/www.multifrigo.pl\/sklep\/wp-json\/wp\/v2\/media?parent=48820"}],"wp:term":[{"taxonomy":"pwb-brand","embeddable":true,"href":"https:\/\/www.multifrigo.pl\/sklep\/wp-json\/wp\/v2\/pwb-brand?post=48820"},{"taxonomy":"product_brand","embeddable":true,"href":"https:\/\/www.multifrigo.pl\/sklep\/wp-json\/wp\/v2\/product_brand?post=48820"},{"taxonomy":"product_cat","embeddable":true,"href":"https:\/\/www.multifrigo.pl\/sklep\/wp-json\/wp\/v2\/product_cat?post=48820"},{"taxonomy":"product_tag","embeddable":true,"href":"https:\/\/www.multifrigo.pl\/sklep\/wp-json\/wp\/v2\/product_tag?post=48820"}],"curies":[{"name":"wp","href":"https:\/\/api.w.org\/{rel}","templated":true}]}}