{"id":48823,"date":"2024-09-09T06:39:38","date_gmt":"2024-09-09T06:39:38","guid":{"rendered":"https:\/\/www.multifrigo.pl\/sklep\/produkt\/chlodziarka-szufladowa-600s2-bartscher-110159\/"},"modified":"2025-07-17T07:46:35","modified_gmt":"2025-07-17T07:46:35","slug":"chlodziarka-szufladowa-600s2-bartscher-110159","status":"publish","type":"product","link":"https:\/\/www.multifrigo.pl\/sklep\/produkt\/chlodziarka-szufladowa-600s2-bartscher-110159\/","title":{"rendered":"Ch\u0142odziarka szufladowa 600S2 | Bartscher 110159"},"content":{"rendered":"<p><b>Ch\u0142odziarka szufladowa 600S2<\/b><\/p>\n<p>Ch\u0142odziarka szufladowa z 2 szufladami jest przystosowana do zabudowy, dzi\u0119ki czemu doskonale zintegruje si\u0119 z barowym umeblowaniem. Ch\u0142odzenie cyrkulacyjne i perforowany sp\u00f3d g\u00f3rnej szuflady to gwarancja r\u00f3wnomiernej dystrybucji temperatury.<\/p><\/p>\n","protected":false},"excerpt":{"rendered":"<p>Ch\u0142odziarka szufladowa 600S2 Ch\u0142odziarka szufladowa z 2 szufladami jest przystosowana do zabudowy, dzi\u0119ki czemu doskonale zintegruje si\u0119 z barowym umeblowaniem. Ch\u0142odzenie cyrkulacyjne i perforowany sp\u00f3d g\u00f3rnej szuflady to gwarancja r\u00f3wnomiernej dystrybucji temperatury.<\/p>\n","protected":false},"featured_media":51698,"template":"","meta":{"_et_pb_use_builder":"","_et_pb_old_content":"","_et_gb_content_width":""},"pwb-brand":[1577],"product_brand":[],"product_cat":[1346],"product_tag":[],"class_list":{"0":"post-48823","1":"product","2":"type-product","3":"status-publish","4":"has-post-thumbnail","6":"pwb-brand-bartscher","7":"product_cat-chlodziarki","9":"first","10":"instock","11":"taxable","12":"shipping-taxable","13":"purchasable","14":"product-type-simple"},"brands":[{"id":1577,"name":"Bartscher","slug":"bartscher"}],"_links":{"self":[{"href":"https:\/\/www.multifrigo.pl\/sklep\/wp-json\/wp\/v2\/product\/48823","targetHints":{"allow":["GET"]}}],"collection":[{"href":"https:\/\/www.multifrigo.pl\/sklep\/wp-json\/wp\/v2\/product"}],"about":[{"href":"https:\/\/www.multifrigo.pl\/sklep\/wp-json\/wp\/v2\/types\/product"}],"wp:featuredmedia":[{"embeddable":true,"href":"https:\/\/www.multifrigo.pl\/sklep\/wp-json\/wp\/v2\/media\/51698"}],"wp:attachment":[{"href":"https:\/\/www.multifrigo.pl\/sklep\/wp-json\/wp\/v2\/media?parent=48823"}],"wp:term":[{"taxonomy":"pwb-brand","embeddable":true,"href":"https:\/\/www.multifrigo.pl\/sklep\/wp-json\/wp\/v2\/pwb-brand?post=48823"},{"taxonomy":"product_brand","embeddable":true,"href":"https:\/\/www.multifrigo.pl\/sklep\/wp-json\/wp\/v2\/product_brand?post=48823"},{"taxonomy":"product_cat","embeddable":true,"href":"https:\/\/www.multifrigo.pl\/sklep\/wp-json\/wp\/v2\/product_cat?post=48823"},{"taxonomy":"product_tag","embeddable":true,"href":"https:\/\/www.multifrigo.pl\/sklep\/wp-json\/wp\/v2\/product_tag?post=48823"}],"curies":[{"name":"wp","href":"https:\/\/api.w.org\/{rel}","templated":true}]}}