{"id":48824,"date":"2024-09-09T06:39:42","date_gmt":"2024-09-09T06:39:42","guid":{"rendered":"https:\/\/www.multifrigo.pl\/sklep\/produkt\/cyrkulator-do-gotowania-sous-vide-sv-st15l-bartscher-115133\/"},"modified":"2025-07-17T08:33:34","modified_gmt":"2025-07-17T08:33:34","slug":"cyrkulator-do-gotowania-sous-vide-sv-st15l-bartscher-115133","status":"publish","type":"product","link":"https:\/\/www.multifrigo.pl\/sklep\/produkt\/cyrkulator-do-gotowania-sous-vide-sv-st15l-bartscher-115133\/","title":{"rendered":"Cyrkulator do gotowania sous-vide SV ST15L | Bartscher 115133"},"content":{"rendered":"<p><b>Cyrkulator do gotowania sous-vide SV ST15L<\/b><\/p>\n<p>Kompaktowa alternatywa dla tradycyjnego urz\u0105dzenia do gotowania sous-vide \u2013 w towarzystwie pasuj\u0105cych garnk\u00f3w por\u0119czny cyrkulator sous-vide mo\u017ce by\u0107 z powodzeniem stosowany w wielu miejscach, dzi\u0119ki czemu idealnie nadaje si\u0119 do u\u017cytku mobilnego.<\/p><\/p>\n","protected":false},"excerpt":{"rendered":"<p>Cyrkulator do gotowania sous-vide SV ST15L Kompaktowa alternatywa dla tradycyjnego urz\u0105dzenia do gotowania sous-vide \u2013 w towarzystwie pasuj\u0105cych garnk\u00f3w por\u0119czny cyrkulator sous-vide mo\u017ce by\u0107 z powodzeniem stosowany w wielu miejscach, dzi\u0119ki czemu idealnie nadaje si\u0119 do u\u017cytku mobilnego.<\/p>\n","protected":false},"featured_media":51706,"template":"","meta":{"_et_pb_use_builder":"","_et_pb_old_content":"","_et_gb_content_width":""},"pwb-brand":[1577],"product_brand":[],"product_cat":[414],"product_tag":[],"class_list":{"0":"post-48824","1":"product","2":"type-product","3":"status-publish","4":"has-post-thumbnail","6":"pwb-brand-bartscher","7":"product_cat-urzadzenia-do-sous-vide","9":"first","10":"instock","11":"taxable","12":"shipping-taxable","13":"purchasable","14":"product-type-simple"},"brands":[{"id":1577,"name":"Bartscher","slug":"bartscher"}],"_links":{"self":[{"href":"https:\/\/www.multifrigo.pl\/sklep\/wp-json\/wp\/v2\/product\/48824","targetHints":{"allow":["GET"]}}],"collection":[{"href":"https:\/\/www.multifrigo.pl\/sklep\/wp-json\/wp\/v2\/product"}],"about":[{"href":"https:\/\/www.multifrigo.pl\/sklep\/wp-json\/wp\/v2\/types\/product"}],"wp:featuredmedia":[{"embeddable":true,"href":"https:\/\/www.multifrigo.pl\/sklep\/wp-json\/wp\/v2\/media\/51706"}],"wp:attachment":[{"href":"https:\/\/www.multifrigo.pl\/sklep\/wp-json\/wp\/v2\/media?parent=48824"}],"wp:term":[{"taxonomy":"pwb-brand","embeddable":true,"href":"https:\/\/www.multifrigo.pl\/sklep\/wp-json\/wp\/v2\/pwb-brand?post=48824"},{"taxonomy":"product_brand","embeddable":true,"href":"https:\/\/www.multifrigo.pl\/sklep\/wp-json\/wp\/v2\/product_brand?post=48824"},{"taxonomy":"product_cat","embeddable":true,"href":"https:\/\/www.multifrigo.pl\/sklep\/wp-json\/wp\/v2\/product_cat?post=48824"},{"taxonomy":"product_tag","embeddable":true,"href":"https:\/\/www.multifrigo.pl\/sklep\/wp-json\/wp\/v2\/product_tag?post=48824"}],"curies":[{"name":"wp","href":"https:\/\/api.w.org\/{rel}","templated":true}]}}