{"id":48825,"date":"2024-09-09T06:39:47","date_gmt":"2024-09-09T06:39:47","guid":{"rendered":"https:\/\/www.multifrigo.pl\/sklep\/produkt\/czajnik-06l-bartscher-200111\/"},"modified":"2025-07-17T08:51:23","modified_gmt":"2025-07-17T08:51:23","slug":"czajnik-06l-bartscher-200111","status":"publish","type":"product","link":"https:\/\/www.multifrigo.pl\/sklep\/produkt\/czajnik-06l-bartscher-200111\/","title":{"rendered":"Czajnik 0,6L | Bartscher 200111"},"content":{"rendered":"<p><b>Czajnik 0,6L<\/b><\/p>\n<p>Mimo \u017ce najmniejszy spo\u015br&oacute;d ma\u0142ych, nie mo\u017cna go nie doceni\u0107: Czajnik o pojemno\u015bci 0,6 litra jest ma\u0142y i praktyczny. Idealnie sprawdzi si\u0119 w u\u017cyciu na niewielkiej przestrzeni, a tak\u017ce w pokojach hotelowych lub aneksach kuchennych.<\/p><\/p>\n","protected":false},"excerpt":{"rendered":"<p>Czajnik 0,6L Mimo \u017ce najmniejszy spo\u015br&oacute;d ma\u0142ych, nie mo\u017cna go nie doceni\u0107: Czajnik o pojemno\u015bci 0,6 litra jest ma\u0142y i praktyczny. Idealnie sprawdzi si\u0119 w u\u017cyciu na niewielkiej przestrzeni, a tak\u017ce w pokojach hotelowych lub aneksach kuchennych.<\/p>\n","protected":false},"featured_media":51713,"template":"","meta":{"_et_pb_use_builder":"","_et_pb_old_content":"","_et_gb_content_width":""},"pwb-brand":[1577],"product_brand":[],"product_cat":[1754],"product_tag":[],"class_list":{"0":"post-48825","1":"product","2":"type-product","3":"status-publish","4":"has-post-thumbnail","6":"pwb-brand-bartscher","7":"product_cat-inne-akcesoria-bufetowe","9":"first","10":"instock","11":"taxable","12":"shipping-taxable","13":"purchasable","14":"product-type-simple"},"brands":[{"id":1577,"name":"Bartscher","slug":"bartscher"}],"_links":{"self":[{"href":"https:\/\/www.multifrigo.pl\/sklep\/wp-json\/wp\/v2\/product\/48825","targetHints":{"allow":["GET"]}}],"collection":[{"href":"https:\/\/www.multifrigo.pl\/sklep\/wp-json\/wp\/v2\/product"}],"about":[{"href":"https:\/\/www.multifrigo.pl\/sklep\/wp-json\/wp\/v2\/types\/product"}],"wp:featuredmedia":[{"embeddable":true,"href":"https:\/\/www.multifrigo.pl\/sklep\/wp-json\/wp\/v2\/media\/51713"}],"wp:attachment":[{"href":"https:\/\/www.multifrigo.pl\/sklep\/wp-json\/wp\/v2\/media?parent=48825"}],"wp:term":[{"taxonomy":"pwb-brand","embeddable":true,"href":"https:\/\/www.multifrigo.pl\/sklep\/wp-json\/wp\/v2\/pwb-brand?post=48825"},{"taxonomy":"product_brand","embeddable":true,"href":"https:\/\/www.multifrigo.pl\/sklep\/wp-json\/wp\/v2\/product_brand?post=48825"},{"taxonomy":"product_cat","embeddable":true,"href":"https:\/\/www.multifrigo.pl\/sklep\/wp-json\/wp\/v2\/product_cat?post=48825"},{"taxonomy":"product_tag","embeddable":true,"href":"https:\/\/www.multifrigo.pl\/sklep\/wp-json\/wp\/v2\/product_tag?post=48825"}],"curies":[{"name":"wp","href":"https:\/\/api.w.org\/{rel}","templated":true}]}}