{"id":48826,"date":"2024-09-09T06:39:52","date_gmt":"2024-09-09T06:39:52","guid":{"rendered":"https:\/\/www.multifrigo.pl\/sklep\/produkt\/czajnik-08l-bartscher-200108\/"},"modified":"2025-07-17T08:51:16","modified_gmt":"2025-07-17T08:51:16","slug":"czajnik-08l-bartscher-200108","status":"publish","type":"product","link":"https:\/\/www.multifrigo.pl\/sklep\/produkt\/czajnik-08l-bartscher-200108\/","title":{"rendered":"Czajnik 0,8L | Bartscher 200108"},"content":{"rendered":"<p><b>Czajnik 0,8L<\/b><\/p>\n<p>Potrzebujesz od czasu do czasu zagotowa\u0107 niewielk\u0105 ilo\u015b\u0107 wody, a mo\u017ce zwyczajnie dysponujesz ograniczonym miejscem? Je\u015bli tak, to ten czajnik o pojemno\u015bci 0,8 litra b\u0119dzie idealnym urz\u0105dzeniem. Czajnik doskonale sprawdzi si\u0119 w pokojach hotelowych lub aneksach kuchennych.<\/p><\/p>\n","protected":false},"excerpt":{"rendered":"<p>Czajnik 0,8L Potrzebujesz od czasu do czasu zagotowa\u0107 niewielk\u0105 ilo\u015b\u0107 wody, a mo\u017ce zwyczajnie dysponujesz ograniczonym miejscem? Je\u015bli tak, to ten czajnik o pojemno\u015bci 0,8 litra b\u0119dzie idealnym urz\u0105dzeniem. Czajnik doskonale sprawdzi si\u0119 w pokojach hotelowych lub aneksach kuchennych.<\/p>\n","protected":false},"featured_media":51721,"template":"","meta":{"_et_pb_use_builder":"","_et_pb_old_content":"","_et_gb_content_width":""},"pwb-brand":[1577],"product_brand":[],"product_cat":[1754],"product_tag":[],"class_list":{"0":"post-48826","1":"product","2":"type-product","3":"status-publish","4":"has-post-thumbnail","6":"pwb-brand-bartscher","7":"product_cat-inne-akcesoria-bufetowe","9":"first","10":"instock","11":"taxable","12":"shipping-taxable","13":"purchasable","14":"product-type-simple"},"brands":[{"id":1577,"name":"Bartscher","slug":"bartscher"}],"_links":{"self":[{"href":"https:\/\/www.multifrigo.pl\/sklep\/wp-json\/wp\/v2\/product\/48826","targetHints":{"allow":["GET"]}}],"collection":[{"href":"https:\/\/www.multifrigo.pl\/sklep\/wp-json\/wp\/v2\/product"}],"about":[{"href":"https:\/\/www.multifrigo.pl\/sklep\/wp-json\/wp\/v2\/types\/product"}],"wp:featuredmedia":[{"embeddable":true,"href":"https:\/\/www.multifrigo.pl\/sklep\/wp-json\/wp\/v2\/media\/51721"}],"wp:attachment":[{"href":"https:\/\/www.multifrigo.pl\/sklep\/wp-json\/wp\/v2\/media?parent=48826"}],"wp:term":[{"taxonomy":"pwb-brand","embeddable":true,"href":"https:\/\/www.multifrigo.pl\/sklep\/wp-json\/wp\/v2\/pwb-brand?post=48826"},{"taxonomy":"product_brand","embeddable":true,"href":"https:\/\/www.multifrigo.pl\/sklep\/wp-json\/wp\/v2\/product_brand?post=48826"},{"taxonomy":"product_cat","embeddable":true,"href":"https:\/\/www.multifrigo.pl\/sklep\/wp-json\/wp\/v2\/product_cat?post=48826"},{"taxonomy":"product_tag","embeddable":true,"href":"https:\/\/www.multifrigo.pl\/sklep\/wp-json\/wp\/v2\/product_tag?post=48826"}],"curies":[{"name":"wp","href":"https:\/\/api.w.org\/{rel}","templated":true}]}}