{"id":48827,"date":"2024-09-09T06:39:57","date_gmt":"2024-09-09T06:39:57","guid":{"rendered":"https:\/\/www.multifrigo.pl\/sklep\/produkt\/czajnik-17l-bartscher-200095\/"},"modified":"2025-07-17T08:51:02","modified_gmt":"2025-07-17T08:51:02","slug":"czajnik-17l-bartscher-200095","status":"publish","type":"product","link":"https:\/\/www.multifrigo.pl\/sklep\/produkt\/czajnik-17l-bartscher-200095\/","title":{"rendered":"Czajnik 1,7L | Bartscher 200095"},"content":{"rendered":"<p><b>Czajnik 1,7L<\/b><\/p>\n<p>Solidny i wydajny czajnik do gotowania wody w ilo\u015bciach ju\u017c od 300 ml. Czajnik posiada mo\u017cliwo\u015b\u0107 obrotu w zakresie 360\u00b0 i zdj\u0119cia z podstawy, a ponadto jest wyposa\u017cony w funkcj\u0119 automatycznego zatrzymania gotowania<\/p><\/p>\n","protected":false},"excerpt":{"rendered":"<p>Czajnik 1,7L Solidny i wydajny czajnik do gotowania wody w ilo\u015bciach ju\u017c od 300 ml. Czajnik posiada mo\u017cliwo\u015b\u0107 obrotu w zakresie 360\u00b0 i zdj\u0119cia z podstawy, a ponadto jest wyposa\u017cony w funkcj\u0119 automatycznego zatrzymania gotowania<\/p>\n","protected":false},"featured_media":51729,"template":"","meta":{"_et_pb_use_builder":"","_et_pb_old_content":"","_et_gb_content_width":""},"pwb-brand":[1577],"product_brand":[],"product_cat":[1754],"product_tag":[],"class_list":{"0":"post-48827","1":"product","2":"type-product","3":"status-publish","4":"has-post-thumbnail","6":"pwb-brand-bartscher","7":"product_cat-inne-akcesoria-bufetowe","9":"first","10":"instock","11":"taxable","12":"shipping-taxable","13":"purchasable","14":"product-type-simple"},"brands":[{"id":1577,"name":"Bartscher","slug":"bartscher"}],"_links":{"self":[{"href":"https:\/\/www.multifrigo.pl\/sklep\/wp-json\/wp\/v2\/product\/48827","targetHints":{"allow":["GET"]}}],"collection":[{"href":"https:\/\/www.multifrigo.pl\/sklep\/wp-json\/wp\/v2\/product"}],"about":[{"href":"https:\/\/www.multifrigo.pl\/sklep\/wp-json\/wp\/v2\/types\/product"}],"wp:featuredmedia":[{"embeddable":true,"href":"https:\/\/www.multifrigo.pl\/sklep\/wp-json\/wp\/v2\/media\/51729"}],"wp:attachment":[{"href":"https:\/\/www.multifrigo.pl\/sklep\/wp-json\/wp\/v2\/media?parent=48827"}],"wp:term":[{"taxonomy":"pwb-brand","embeddable":true,"href":"https:\/\/www.multifrigo.pl\/sklep\/wp-json\/wp\/v2\/pwb-brand?post=48827"},{"taxonomy":"product_brand","embeddable":true,"href":"https:\/\/www.multifrigo.pl\/sklep\/wp-json\/wp\/v2\/product_brand?post=48827"},{"taxonomy":"product_cat","embeddable":true,"href":"https:\/\/www.multifrigo.pl\/sklep\/wp-json\/wp\/v2\/product_cat?post=48827"},{"taxonomy":"product_tag","embeddable":true,"href":"https:\/\/www.multifrigo.pl\/sklep\/wp-json\/wp\/v2\/product_tag?post=48827"}],"curies":[{"name":"wp","href":"https:\/\/api.w.org\/{rel}","templated":true}]}}