{"id":48850,"date":"2024-09-09T06:41:17","date_gmt":"2024-09-09T06:41:17","guid":{"rendered":"https:\/\/www.multifrigo.pl\/sklep\/produkt\/deska-do-krojenia-pro-32x26-br-r-bartscher-a120534\/"},"modified":"2025-07-17T09:56:09","modified_gmt":"2025-07-17T09:56:09","slug":"deska-do-krojenia-pro-32x26-br-r-bartscher-a120534","status":"publish","type":"product","link":"https:\/\/www.multifrigo.pl\/sklep\/produkt\/deska-do-krojenia-pro-32x26-br-r-bartscher-a120534\/","title":{"rendered":"Deska do krojenia PRO 32&#215;26 BR-R | Bartscher A120534"},"content":{"rendered":"<p><b>Deska do krojenia PRO 32&#215;26 BR-R<\/b><\/p>\n<p>Higiena w centrum uwagi dzi\u0119ki serii desek do krojenia PRO w formacie 32 x 26 cm \u2013 dost\u0119pne w r\u00f3\u017cnych kolorach deski do krojenia, przeznaczone do r\u00f3\u017cnych grup produkt\u00f3w \u017cywno\u015bciowych. Zgodna z HAACP deska do krojenia w kolorze br\u0105zowym jest przystosowana do krojenia mi\u0119sa po obr\u00f3bce termicznej.<\/p><\/p>\n","protected":false},"excerpt":{"rendered":"<p>Deska do krojenia PRO 32&#215;26 BR-R Higiena w centrum uwagi dzi\u0119ki serii desek do krojenia PRO w formacie 32 x 26 cm \u2013 dost\u0119pne w r\u00f3\u017cnych kolorach deski do krojenia, przeznaczone do r\u00f3\u017cnych grup produkt\u00f3w \u017cywno\u015bciowych. Zgodna z HAACP deska do krojenia w kolorze br\u0105zowym jest przystosowana do krojenia mi\u0119sa po obr\u00f3bce termicznej.<\/p>\n","protected":false},"featured_media":51825,"template":"","meta":{"_et_pb_use_builder":"","_et_pb_old_content":"","_et_gb_content_width":""},"pwb-brand":[1577],"product_brand":[],"product_cat":[204],"product_tag":[],"class_list":{"0":"post-48850","1":"product","2":"type-product","3":"status-publish","4":"has-post-thumbnail","6":"pwb-brand-bartscher","7":"product_cat-deski-haccp","9":"first","10":"instock","11":"taxable","12":"shipping-taxable","13":"purchasable","14":"product-type-simple"},"brands":[{"id":1577,"name":"Bartscher","slug":"bartscher"}],"_links":{"self":[{"href":"https:\/\/www.multifrigo.pl\/sklep\/wp-json\/wp\/v2\/product\/48850","targetHints":{"allow":["GET"]}}],"collection":[{"href":"https:\/\/www.multifrigo.pl\/sklep\/wp-json\/wp\/v2\/product"}],"about":[{"href":"https:\/\/www.multifrigo.pl\/sklep\/wp-json\/wp\/v2\/types\/product"}],"wp:featuredmedia":[{"embeddable":true,"href":"https:\/\/www.multifrigo.pl\/sklep\/wp-json\/wp\/v2\/media\/51825"}],"wp:attachment":[{"href":"https:\/\/www.multifrigo.pl\/sklep\/wp-json\/wp\/v2\/media?parent=48850"}],"wp:term":[{"taxonomy":"pwb-brand","embeddable":true,"href":"https:\/\/www.multifrigo.pl\/sklep\/wp-json\/wp\/v2\/pwb-brand?post=48850"},{"taxonomy":"product_brand","embeddable":true,"href":"https:\/\/www.multifrigo.pl\/sklep\/wp-json\/wp\/v2\/product_brand?post=48850"},{"taxonomy":"product_cat","embeddable":true,"href":"https:\/\/www.multifrigo.pl\/sklep\/wp-json\/wp\/v2\/product_cat?post=48850"},{"taxonomy":"product_tag","embeddable":true,"href":"https:\/\/www.multifrigo.pl\/sklep\/wp-json\/wp\/v2\/product_tag?post=48850"}],"curies":[{"name":"wp","href":"https:\/\/api.w.org\/{rel}","templated":true}]}}