{"id":48857,"date":"2024-09-09T06:41:42","date_gmt":"2024-09-09T06:41:42","guid":{"rendered":"https:\/\/www.multifrigo.pl\/sklep\/?post_type=product&#038;p=48857"},"modified":"2025-07-17T09:52:25","modified_gmt":"2025-07-17T09:52:25","slug":"dyspenser-rekawiczek-k30-bartscher-850025","status":"publish","type":"product","link":"https:\/\/www.multifrigo.pl\/sklep\/produkt\/dyspenser-rekawiczek-k30-bartscher-850025\/","title":{"rendered":"Dyspenser r\u0119kawiczek K30 | Bartscher 850025"},"content":{"rendered":"<p><b>Dyspenser r\u0119kawiczek K30<\/b><\/p>\n<p>W gastronomii, hotelarstwie, na stacji benzynowej, w codziennej piel\u0119gnacji czy w szpitalu&#8230; dyspenser r\u0119kawiczek mo\u017cna w prosty spos\u00f3b zamontowa\u0107 na \u015bcianie w strefie wej\u015bciowej lub na stanowiskach pracy. Praktyczny znacznik 3 rozmiar\u00f3w r\u0119kawiczek na dyspenserze zapewnia porz\u0105dek i szybkie pobranie odpowiednich r\u0119kawiczek.<\/p><\/p>\n","protected":false},"excerpt":{"rendered":"<p>Dyspenser r\u0119kawiczek K30 W gastronomii, hotelarstwie, na stacji benzynowej, w codziennej piel\u0119gnacji czy w szpitalu&#8230; dyspenser r\u0119kawiczek mo\u017cna w prosty spos\u00f3b zamontowa\u0107 na \u015bcianie w strefie wej\u015bciowej lub na stanowiskach pracy. Praktyczny znacznik 3 rozmiar\u00f3w r\u0119kawiczek na dyspenserze zapewnia porz\u0105dek i szybkie pobranie odpowiednich r\u0119kawiczek.<\/p>\n","protected":false},"featured_media":52013,"template":"","meta":{"_et_pb_use_builder":"","_et_pb_old_content":"","_et_gb_content_width":""},"pwb-brand":[1577],"product_brand":[],"product_cat":[1896],"product_tag":[],"class_list":{"0":"post-48857","1":"product","2":"type-product","3":"status-publish","4":"has-post-thumbnail","6":"pwb-brand-bartscher","7":"product_cat-dozowniki-rekawiczek","9":"first","10":"instock","11":"taxable","12":"shipping-taxable","13":"purchasable","14":"product-type-simple"},"brands":[{"id":1577,"name":"Bartscher","slug":"bartscher"}],"_links":{"self":[{"href":"https:\/\/www.multifrigo.pl\/sklep\/wp-json\/wp\/v2\/product\/48857","targetHints":{"allow":["GET"]}}],"collection":[{"href":"https:\/\/www.multifrigo.pl\/sklep\/wp-json\/wp\/v2\/product"}],"about":[{"href":"https:\/\/www.multifrigo.pl\/sklep\/wp-json\/wp\/v2\/types\/product"}],"wp:featuredmedia":[{"embeddable":true,"href":"https:\/\/www.multifrigo.pl\/sklep\/wp-json\/wp\/v2\/media\/52013"}],"wp:attachment":[{"href":"https:\/\/www.multifrigo.pl\/sklep\/wp-json\/wp\/v2\/media?parent=48857"}],"wp:term":[{"taxonomy":"pwb-brand","embeddable":true,"href":"https:\/\/www.multifrigo.pl\/sklep\/wp-json\/wp\/v2\/pwb-brand?post=48857"},{"taxonomy":"product_brand","embeddable":true,"href":"https:\/\/www.multifrigo.pl\/sklep\/wp-json\/wp\/v2\/product_brand?post=48857"},{"taxonomy":"product_cat","embeddable":true,"href":"https:\/\/www.multifrigo.pl\/sklep\/wp-json\/wp\/v2\/product_cat?post=48857"},{"taxonomy":"product_tag","embeddable":true,"href":"https:\/\/www.multifrigo.pl\/sklep\/wp-json\/wp\/v2\/product_tag?post=48857"}],"curies":[{"name":"wp","href":"https:\/\/api.w.org\/{rel}","templated":true}]}}