{"id":48902,"date":"2024-09-09T06:44:03","date_gmt":"2024-09-09T06:44:03","guid":{"rendered":"https:\/\/www.multifrigo.pl\/sklep\/?post_type=product&#038;p=48902"},"modified":"2025-07-17T08:45:41","modified_gmt":"2025-07-17T08:45:41","slug":"frytownica-12l-20-bartscher-162651","status":"publish","type":"product","link":"https:\/\/www.multifrigo.pl\/sklep\/produkt\/frytownica-12l-20-bartscher-162651\/","title":{"rendered":"Frytownica 12L-20 | Bartscher 162651"},"content":{"rendered":"<p><b>Frytownica 12L-20<\/b><\/p>\n<p>Frytownica \u2013 jako solidne urz\u0105dzenie nablatowe \u2013 jest doskonale przystosowana do u\u017cytku w profesjonalnej kuchni gastronomicznej dzi\u0119ki obu 12-litrowym komorom. Kraniki spustowe t\u0142uszczu, wyjmowane sita do panierowania oraz wychylne grza\u0142ki u\u0142atwiaj\u0105 czyszczenie.<\/p><\/p>\n","protected":false},"excerpt":{"rendered":"<p>Frytownica 12L-20 Frytownica \u2013 jako solidne urz\u0105dzenie nablatowe \u2013 jest doskonale przystosowana do u\u017cytku w profesjonalnej kuchni gastronomicznej dzi\u0119ki obu 12-litrowym komorom. Kraniki spustowe t\u0142uszczu, wyjmowane sita do panierowania oraz wychylne grza\u0142ki u\u0142atwiaj\u0105 czyszczenie.<\/p>\n","protected":false},"featured_media":52122,"template":"","meta":{"_et_pb_use_builder":"","_et_pb_old_content":"","_et_gb_content_width":""},"pwb-brand":[1577],"product_brand":[],"product_cat":[447],"product_tag":[],"class_list":{"0":"post-48902","1":"product","2":"type-product","3":"status-publish","4":"has-post-thumbnail","6":"pwb-brand-bartscher","7":"product_cat-frytownice-gastronomiczne","9":"first","10":"instock","11":"taxable","12":"shipping-taxable","13":"purchasable","14":"product-type-simple"},"brands":[{"id":1577,"name":"Bartscher","slug":"bartscher"}],"_links":{"self":[{"href":"https:\/\/www.multifrigo.pl\/sklep\/wp-json\/wp\/v2\/product\/48902","targetHints":{"allow":["GET"]}}],"collection":[{"href":"https:\/\/www.multifrigo.pl\/sklep\/wp-json\/wp\/v2\/product"}],"about":[{"href":"https:\/\/www.multifrigo.pl\/sklep\/wp-json\/wp\/v2\/types\/product"}],"wp:featuredmedia":[{"embeddable":true,"href":"https:\/\/www.multifrigo.pl\/sklep\/wp-json\/wp\/v2\/media\/52122"}],"wp:attachment":[{"href":"https:\/\/www.multifrigo.pl\/sklep\/wp-json\/wp\/v2\/media?parent=48902"}],"wp:term":[{"taxonomy":"pwb-brand","embeddable":true,"href":"https:\/\/www.multifrigo.pl\/sklep\/wp-json\/wp\/v2\/pwb-brand?post=48902"},{"taxonomy":"product_brand","embeddable":true,"href":"https:\/\/www.multifrigo.pl\/sklep\/wp-json\/wp\/v2\/product_brand?post=48902"},{"taxonomy":"product_cat","embeddable":true,"href":"https:\/\/www.multifrigo.pl\/sklep\/wp-json\/wp\/v2\/product_cat?post=48902"},{"taxonomy":"product_tag","embeddable":true,"href":"https:\/\/www.multifrigo.pl\/sklep\/wp-json\/wp\/v2\/product_tag?post=48902"}],"curies":[{"name":"wp","href":"https:\/\/api.w.org\/{rel}","templated":true}]}}