{"id":48905,"date":"2024-09-09T06:44:13","date_gmt":"2024-09-09T06:44:13","guid":{"rendered":"https:\/\/www.multifrigo.pl\/sklep\/produkt\/dyspenser-do-napojow-8l-bartscher-150990\/"},"modified":"2025-07-17T08:44:17","modified_gmt":"2025-07-17T08:44:17","slug":"dyspenser-do-napojow-8l-bartscher-150990","status":"publish","type":"product","link":"https:\/\/www.multifrigo.pl\/sklep\/produkt\/dyspenser-do-napojow-8l-bartscher-150990\/","title":{"rendered":"Dyspenser do napoj\u00f3w 8L | Bartscher 150990"},"content":{"rendered":"<p><b>Dyspenser do napoj\u00f3w 8L<\/b><\/p>\n<p>Pojemno\u015b\u0107 8 litr\u00f3w, dwu\u015bciankowa izolacja pr\u00f3\u017cniowa, \u0142atwo wyjmowana tacka ociekowa. Wykonany ze stali szlachetnej termos charakteryzuje si\u0119 wyj\u0105tkowo nisk\u0105 utrat\u0105 ciep\u0142a i pozostawia zawsze czysty bufet.<\/p>\n","protected":false},"excerpt":{"rendered":"<p>Dyspenser do napoj\u00f3w 8L Pojemno\u015b\u0107 8 litr\u00f3w, dwu\u015bciankowa izolacja pr\u00f3\u017cniowa, \u0142atwo wyjmowana tacka ociekowa. Wykonany ze stali szlachetnej termos charakteryzuje si\u0119 wyj\u0105tkowo nisk\u0105 utrat\u0105 ciep\u0142a i pozostawia zawsze czysty bufet.<\/p>\n","protected":false},"featured_media":51972,"template":"","meta":{"_et_pb_use_builder":"","_et_pb_old_content":"","_et_gb_content_width":""},"pwb-brand":[1577],"product_brand":[],"product_cat":[1889],"product_tag":[],"class_list":{"0":"post-48905","1":"product","2":"type-product","3":"status-publish","4":"has-post-thumbnail","6":"pwb-brand-bartscher","7":"product_cat-dyspensery-do-napojow-dyspensery-bufetowe-bufet-i-catering","9":"first","10":"instock","11":"taxable","12":"shipping-taxable","13":"purchasable","14":"product-type-simple"},"brands":[{"id":1577,"name":"Bartscher","slug":"bartscher"}],"_links":{"self":[{"href":"https:\/\/www.multifrigo.pl\/sklep\/wp-json\/wp\/v2\/product\/48905","targetHints":{"allow":["GET"]}}],"collection":[{"href":"https:\/\/www.multifrigo.pl\/sklep\/wp-json\/wp\/v2\/product"}],"about":[{"href":"https:\/\/www.multifrigo.pl\/sklep\/wp-json\/wp\/v2\/types\/product"}],"wp:featuredmedia":[{"embeddable":true,"href":"https:\/\/www.multifrigo.pl\/sklep\/wp-json\/wp\/v2\/media\/51972"}],"wp:attachment":[{"href":"https:\/\/www.multifrigo.pl\/sklep\/wp-json\/wp\/v2\/media?parent=48905"}],"wp:term":[{"taxonomy":"pwb-brand","embeddable":true,"href":"https:\/\/www.multifrigo.pl\/sklep\/wp-json\/wp\/v2\/pwb-brand?post=48905"},{"taxonomy":"product_brand","embeddable":true,"href":"https:\/\/www.multifrigo.pl\/sklep\/wp-json\/wp\/v2\/product_brand?post=48905"},{"taxonomy":"product_cat","embeddable":true,"href":"https:\/\/www.multifrigo.pl\/sklep\/wp-json\/wp\/v2\/product_cat?post=48905"},{"taxonomy":"product_tag","embeddable":true,"href":"https:\/\/www.multifrigo.pl\/sklep\/wp-json\/wp\/v2\/product_tag?post=48905"}],"curies":[{"name":"wp","href":"https:\/\/api.w.org\/{rel}","templated":true}]}}