{"id":48945,"date":"2024-09-09T06:46:10","date_gmt":"2024-09-09T06:46:10","guid":{"rendered":"https:\/\/www.multifrigo.pl\/sklep\/produkt\/ekspres-do-kawy-coffeeline-b30-bartscher-190232\/"},"modified":"2025-07-17T08:49:09","modified_gmt":"2025-07-17T08:49:09","slug":"ekspres-do-kawy-coffeeline-b30-bartscher-190232","status":"publish","type":"product","link":"https:\/\/www.multifrigo.pl\/sklep\/produkt\/ekspres-do-kawy-coffeeline-b30-bartscher-190232\/","title":{"rendered":"Ekspres do kawy Coffeeline B30 | Bartscher 190232"},"content":{"rendered":"<p><b>Ekspres do kawy Coffeeline B30<\/b><\/p>\n<p>Aby do\u015bwiadczy\u0107 prawdziwej przyjemno\u015bci, kt\u00f3r\u0105 daje kawa, nie mo\u017cna przej\u015b\u0107 oboj\u0119tnie obok kolbowego ekspresu do kawy Coffeeline marki Bartscher, poniewa\u017c to w\u0142a\u015bnie w precyzyjnie ustawionej kolbie tkwi tajemnica smakowych niuans\u00f3w. Niezr\u00f3wnany i niemo\u017cliwy do zast\u0105pienia przez jakikolwiek inny rodzaj przygotowania czarnego napoju: jedyny w swoim rodzaju, cudowny zapach \u015bwie\u017co parzonej kawy.<\/p><\/p>\n","protected":false},"excerpt":{"rendered":"<p>Ekspres do kawy Coffeeline B30 Aby do\u015bwiadczy\u0107 prawdziwej przyjemno\u015bci, kt\u00f3r\u0105 daje kawa, nie mo\u017cna przej\u015b\u0107 oboj\u0119tnie obok kolbowego ekspresu do kawy Coffeeline marki Bartscher, poniewa\u017c to w\u0142a\u015bnie w precyzyjnie ustawionej kolbie tkwi tajemnica smakowych niuans\u00f3w. Niezr\u00f3wnany i niemo\u017cliwy do zast\u0105pienia przez jakikolwiek inny rodzaj przygotowania czarnego napoju: jedyny w swoim rodzaju, cudowny zapach \u015bwie\u017co parzonej [&hellip;]<\/p>\n","protected":false},"featured_media":52040,"template":"","meta":{"_et_pb_use_builder":"","_et_pb_old_content":"","_et_gb_content_width":""},"pwb-brand":[1577],"product_brand":[],"product_cat":[322],"product_tag":[],"class_list":{"0":"post-48945","1":"product","2":"type-product","3":"status-publish","4":"has-post-thumbnail","6":"pwb-brand-bartscher","7":"product_cat-ekspresy-automatyczne","9":"first","10":"instock","11":"taxable","12":"shipping-taxable","13":"purchasable","14":"product-type-simple"},"brands":[{"id":1577,"name":"Bartscher","slug":"bartscher"}],"_links":{"self":[{"href":"https:\/\/www.multifrigo.pl\/sklep\/wp-json\/wp\/v2\/product\/48945","targetHints":{"allow":["GET"]}}],"collection":[{"href":"https:\/\/www.multifrigo.pl\/sklep\/wp-json\/wp\/v2\/product"}],"about":[{"href":"https:\/\/www.multifrigo.pl\/sklep\/wp-json\/wp\/v2\/types\/product"}],"wp:featuredmedia":[{"embeddable":true,"href":"https:\/\/www.multifrigo.pl\/sklep\/wp-json\/wp\/v2\/media\/52040"}],"wp:attachment":[{"href":"https:\/\/www.multifrigo.pl\/sklep\/wp-json\/wp\/v2\/media?parent=48945"}],"wp:term":[{"taxonomy":"pwb-brand","embeddable":true,"href":"https:\/\/www.multifrigo.pl\/sklep\/wp-json\/wp\/v2\/pwb-brand?post=48945"},{"taxonomy":"product_brand","embeddable":true,"href":"https:\/\/www.multifrigo.pl\/sklep\/wp-json\/wp\/v2\/product_brand?post=48945"},{"taxonomy":"product_cat","embeddable":true,"href":"https:\/\/www.multifrigo.pl\/sklep\/wp-json\/wp\/v2\/product_cat?post=48945"},{"taxonomy":"product_tag","embeddable":true,"href":"https:\/\/www.multifrigo.pl\/sklep\/wp-json\/wp\/v2\/product_tag?post=48945"}],"curies":[{"name":"wp","href":"https:\/\/api.w.org\/{rel}","templated":true}]}}