{"id":48963,"date":"2024-09-09T06:46:53","date_gmt":"2024-09-09T06:46:53","guid":{"rendered":"https:\/\/www.multifrigo.pl\/sklep\/produkt\/ekspres-do-kawy-contessa-1000-bartscher-a190056\/"},"modified":"2025-07-17T10:04:08","modified_gmt":"2025-07-17T10:04:08","slug":"ekspres-do-kawy-contessa-1000-bartscher-a190056","status":"publish","type":"product","link":"https:\/\/www.multifrigo.pl\/sklep\/produkt\/ekspres-do-kawy-contessa-1000-bartscher-a190056\/","title":{"rendered":"Ekspres do kawy Contessa 1000 | Bartscher A190056"},"content":{"rendered":"<p><b>Ekspres do kawy Contessa 1000<\/b><\/p>\n<p>Model Contessa 1000 \u2013 dzi\u0119ki zoptymalizowanej, wytrzyma\u0142ej technologii \u2013 charakteryzuje si\u0119 jeszcze lepsz\u0105 wymian\u0105 ciep\u0142a. Standardowo w szklanym dzbanku o pojemno\u015bci 1,8 litra przygotujemy nawet 11 fili\u017canek \u015bwie\u017co parzonej kawy. Osobno za\u0142\u0105czana p\u0142yta grzewcza pozwoli utrzyma\u0107 odpowiedni\u0105 temperatur\u0119 kawy.<\/p><\/p>\n","protected":false},"excerpt":{"rendered":"<p>Ekspres do kawy Contessa 1000 Model Contessa 1000 \u2013 dzi\u0119ki zoptymalizowanej, wytrzyma\u0142ej technologii \u2013 charakteryzuje si\u0119 jeszcze lepsz\u0105 wymian\u0105 ciep\u0142a. Standardowo w szklanym dzbanku o pojemno\u015bci 1,8 litra przygotujemy nawet 11 fili\u017canek \u015bwie\u017co parzonej kawy. Osobno za\u0142\u0105czana p\u0142yta grzewcza pozwoli utrzyma\u0107 odpowiedni\u0105 temperatur\u0119 kawy.<\/p>\n","protected":false},"featured_media":52048,"template":"","meta":{"_et_pb_use_builder":"","_et_pb_old_content":"","_et_gb_content_width":""},"pwb-brand":[1577],"product_brand":[],"product_cat":[322],"product_tag":[],"class_list":{"0":"post-48963","1":"product","2":"type-product","3":"status-publish","4":"has-post-thumbnail","6":"pwb-brand-bartscher","7":"product_cat-ekspresy-automatyczne","9":"first","10":"instock","11":"taxable","12":"shipping-taxable","13":"purchasable","14":"product-type-simple"},"brands":[{"id":1577,"name":"Bartscher","slug":"bartscher"}],"_links":{"self":[{"href":"https:\/\/www.multifrigo.pl\/sklep\/wp-json\/wp\/v2\/product\/48963","targetHints":{"allow":["GET"]}}],"collection":[{"href":"https:\/\/www.multifrigo.pl\/sklep\/wp-json\/wp\/v2\/product"}],"about":[{"href":"https:\/\/www.multifrigo.pl\/sklep\/wp-json\/wp\/v2\/types\/product"}],"wp:featuredmedia":[{"embeddable":true,"href":"https:\/\/www.multifrigo.pl\/sklep\/wp-json\/wp\/v2\/media\/52048"}],"wp:attachment":[{"href":"https:\/\/www.multifrigo.pl\/sklep\/wp-json\/wp\/v2\/media?parent=48963"}],"wp:term":[{"taxonomy":"pwb-brand","embeddable":true,"href":"https:\/\/www.multifrigo.pl\/sklep\/wp-json\/wp\/v2\/pwb-brand?post=48963"},{"taxonomy":"product_brand","embeddable":true,"href":"https:\/\/www.multifrigo.pl\/sklep\/wp-json\/wp\/v2\/product_brand?post=48963"},{"taxonomy":"product_cat","embeddable":true,"href":"https:\/\/www.multifrigo.pl\/sklep\/wp-json\/wp\/v2\/product_cat?post=48963"},{"taxonomy":"product_tag","embeddable":true,"href":"https:\/\/www.multifrigo.pl\/sklep\/wp-json\/wp\/v2\/product_tag?post=48963"}],"curies":[{"name":"wp","href":"https:\/\/api.w.org\/{rel}","templated":true}]}}