{"id":48964,"date":"2024-09-09T06:46:57","date_gmt":"2024-09-09T06:46:57","guid":{"rendered":"https:\/\/www.multifrigo.pl\/sklep\/produkt\/ekspres-do-kawy-contessa-duo-bartscher-190184\/"},"modified":"2025-07-17T08:48:29","modified_gmt":"2025-07-17T08:48:29","slug":"ekspres-do-kawy-contessa-duo-bartscher-190184","status":"publish","type":"product","link":"https:\/\/www.multifrigo.pl\/sklep\/produkt\/ekspres-do-kawy-contessa-duo-bartscher-190184\/","title":{"rendered":"Ekspres do kawy Contessa Duo | Bartscher 190184"},"content":{"rendered":"<p><b>Ekspres do kawy Contessa Duo<\/b><\/p>\n<p>Idealny ekspres do kawy, dzi\u0119ki kt\u00f3remu przy bufecie, w cateringu czy na uroczysto\u015bci nigdy nie zabraknie pysznej, filtrowanej kawy. Ekspres Contessa Duo pozwala przygotowa\u0107 nawet do 13 fili\u017canek kawy na jednym polu grzewczym bezpo\u015brednio w termosie. Udoskonalone grza\u0142ki ze stali szlachetnej oferuj\u0105 zoptymalizowan\u0105 wymian\u0119 ciep\u0142a.<\/p>\n","protected":false},"excerpt":{"rendered":"<p>Ekspres do kawy Contessa Duo Idealny ekspres do kawy, dzi\u0119ki kt\u00f3remu przy bufecie, w cateringu czy na uroczysto\u015bci nigdy nie zabraknie pysznej, filtrowanej kawy. Ekspres Contessa Duo pozwala przygotowa\u0107 nawet do 13 fili\u017canek kawy na jednym polu grzewczym bezpo\u015brednio w termosie. Udoskonalone grza\u0142ki ze stali szlachetnej oferuj\u0105 zoptymalizowan\u0105 wymian\u0119 ciep\u0142a.<\/p>\n","protected":false},"featured_media":52054,"template":"","meta":{"_et_pb_use_builder":"","_et_pb_old_content":"","_et_gb_content_width":""},"pwb-brand":[1577],"product_brand":[],"product_cat":[322],"product_tag":[],"class_list":{"0":"post-48964","1":"product","2":"type-product","3":"status-publish","4":"has-post-thumbnail","6":"pwb-brand-bartscher","7":"product_cat-ekspresy-automatyczne","9":"first","10":"instock","11":"taxable","12":"shipping-taxable","13":"purchasable","14":"product-type-simple"},"brands":[{"id":1577,"name":"Bartscher","slug":"bartscher"}],"_links":{"self":[{"href":"https:\/\/www.multifrigo.pl\/sklep\/wp-json\/wp\/v2\/product\/48964","targetHints":{"allow":["GET"]}}],"collection":[{"href":"https:\/\/www.multifrigo.pl\/sklep\/wp-json\/wp\/v2\/product"}],"about":[{"href":"https:\/\/www.multifrigo.pl\/sklep\/wp-json\/wp\/v2\/types\/product"}],"wp:featuredmedia":[{"embeddable":true,"href":"https:\/\/www.multifrigo.pl\/sklep\/wp-json\/wp\/v2\/media\/52054"}],"wp:attachment":[{"href":"https:\/\/www.multifrigo.pl\/sklep\/wp-json\/wp\/v2\/media?parent=48964"}],"wp:term":[{"taxonomy":"pwb-brand","embeddable":true,"href":"https:\/\/www.multifrigo.pl\/sklep\/wp-json\/wp\/v2\/pwb-brand?post=48964"},{"taxonomy":"product_brand","embeddable":true,"href":"https:\/\/www.multifrigo.pl\/sklep\/wp-json\/wp\/v2\/product_brand?post=48964"},{"taxonomy":"product_cat","embeddable":true,"href":"https:\/\/www.multifrigo.pl\/sklep\/wp-json\/wp\/v2\/product_cat?post=48964"},{"taxonomy":"product_tag","embeddable":true,"href":"https:\/\/www.multifrigo.pl\/sklep\/wp-json\/wp\/v2\/product_tag?post=48964"}],"curies":[{"name":"wp","href":"https:\/\/api.w.org\/{rel}","templated":true}]}}