{"id":48965,"date":"2024-09-09T06:47:01","date_gmt":"2024-09-09T06:47:01","guid":{"rendered":"https:\/\/www.multifrigo.pl\/sklep\/produkt\/ekspres-do-kawy-kv1-classic-bartscher-190052\/"},"modified":"2025-07-17T08:47:55","modified_gmt":"2025-07-17T08:47:55","slug":"ekspres-do-kawy-kv1-classic-bartscher-190052","status":"publish","type":"product","link":"https:\/\/www.multifrigo.pl\/sklep\/produkt\/ekspres-do-kawy-kv1-classic-bartscher-190052\/","title":{"rendered":"Ekspres do kawy KV1 Classic | Bartscher 190052"},"content":{"rendered":"<p><b>Ekspres do kawy KV1 Classic<\/b><\/p>\n<p>Delektuj si\u0119 doskona\u0142ym kawowym specja\u0142em na naci\u015bni\u0119cie guzika. Espresso, cappuccino, latte macchiato lub gor\u0105ca woda &ndash; mo\u017cesz indywidualnie ustawi\u0107 do 6 r&oacute;\u017cnych napoj&oacute;w. Ekspres do kawy &ndash; dzi\u0119ki wyj\u0105tkowo du\u017cym pojemnikom na ziarna i resztki &ndash; nadaje si\u0119 r&oacute;wnie\u017c do parzenia wi\u0119kszych ilo\u015bci kawy, a tym samym optymalnie sprawdzi si\u0119 w kawiarniach, jadalniach i biurach.<\/p><\/p>\n","protected":false},"excerpt":{"rendered":"<p>Ekspres do kawy KV1 Classic Delektuj si\u0119 doskona\u0142ym kawowym specja\u0142em na naci\u015bni\u0119cie guzika. Espresso, cappuccino, latte macchiato lub gor\u0105ca woda &ndash; mo\u017cesz indywidualnie ustawi\u0107 do 6 r&oacute;\u017cnych napoj&oacute;w. Ekspres do kawy &ndash; dzi\u0119ki wyj\u0105tkowo du\u017cym pojemnikom na ziarna i resztki &ndash; nadaje si\u0119 r&oacute;wnie\u017c do parzenia wi\u0119kszych ilo\u015bci kawy, a tym samym optymalnie sprawdzi si\u0119 [&hellip;]<\/p>\n","protected":false},"featured_media":52057,"template":"","meta":{"_et_pb_use_builder":"","_et_pb_old_content":"","_et_gb_content_width":""},"pwb-brand":[1577],"product_brand":[],"product_cat":[322],"product_tag":[],"class_list":{"0":"post-48965","1":"product","2":"type-product","3":"status-publish","4":"has-post-thumbnail","6":"pwb-brand-bartscher","7":"product_cat-ekspresy-automatyczne","9":"first","10":"instock","11":"taxable","12":"shipping-taxable","13":"purchasable","14":"product-type-simple"},"brands":[{"id":1577,"name":"Bartscher","slug":"bartscher"}],"_links":{"self":[{"href":"https:\/\/www.multifrigo.pl\/sklep\/wp-json\/wp\/v2\/product\/48965","targetHints":{"allow":["GET"]}}],"collection":[{"href":"https:\/\/www.multifrigo.pl\/sklep\/wp-json\/wp\/v2\/product"}],"about":[{"href":"https:\/\/www.multifrigo.pl\/sklep\/wp-json\/wp\/v2\/types\/product"}],"wp:featuredmedia":[{"embeddable":true,"href":"https:\/\/www.multifrigo.pl\/sklep\/wp-json\/wp\/v2\/media\/52057"}],"wp:attachment":[{"href":"https:\/\/www.multifrigo.pl\/sklep\/wp-json\/wp\/v2\/media?parent=48965"}],"wp:term":[{"taxonomy":"pwb-brand","embeddable":true,"href":"https:\/\/www.multifrigo.pl\/sklep\/wp-json\/wp\/v2\/pwb-brand?post=48965"},{"taxonomy":"product_brand","embeddable":true,"href":"https:\/\/www.multifrigo.pl\/sklep\/wp-json\/wp\/v2\/product_brand?post=48965"},{"taxonomy":"product_cat","embeddable":true,"href":"https:\/\/www.multifrigo.pl\/sklep\/wp-json\/wp\/v2\/product_cat?post=48965"},{"taxonomy":"product_tag","embeddable":true,"href":"https:\/\/www.multifrigo.pl\/sklep\/wp-json\/wp\/v2\/product_tag?post=48965"}],"curies":[{"name":"wp","href":"https:\/\/api.w.org\/{rel}","templated":true}]}}