{"id":48966,"date":"2024-09-09T06:47:05","date_gmt":"2024-09-09T06:47:05","guid":{"rendered":"https:\/\/www.multifrigo.pl\/sklep\/produkt\/ekspres-do-kawy-kv1-comfort-bartscher-190031\/"},"modified":"2025-07-17T08:47:42","modified_gmt":"2025-07-17T08:47:42","slug":"ekspres-do-kawy-kv1-comfort-bartscher-190031","status":"publish","type":"product","link":"https:\/\/www.multifrigo.pl\/sklep\/produkt\/ekspres-do-kawy-kv1-comfort-bartscher-190031\/","title":{"rendered":"Ekspres do kawy KV1 Comfort | Bartscher 190031"},"content":{"rendered":"<p><b>Ekspres do kawy KV1 Comfort<\/b><\/p>\n<p>Mo\u017cliwo\u015b\u0107 indywidualnego zaprogramowania nawet do 23 przepis\u00f3w kawowych, sta\u0142e przy\u0142\u0105cze wody oraz zbiornik na wod\u0119 o pojemno\u015bci 6 litr\u00f3w to cechy, kt\u00f3re wyr\u00f3\u017cniaj\u0105 ten niezwykle przemy\u015blany wariant ekspresu do kawy KV1. Innymi s\u0142owy: najwy\u017csza rozkosz delektowania si\u0119 smakiem i aromatem kawy przy jednocze\u015bnie prostej, intuicyjnej obs\u0142udze. 7-calowy wy\u015bwietlacz reklamowy z opcj\u0105 indywidualizacji w po\u0142\u0105czeniu z eleganckim designem zaprasza na \u015bwie\u017cutkie espresso, cappuccino, latte macchiato itd.<\/p><\/p>\n","protected":false},"excerpt":{"rendered":"<p>Ekspres do kawy KV1 Comfort Mo\u017cliwo\u015b\u0107 indywidualnego zaprogramowania nawet do 23 przepis\u00f3w kawowych, sta\u0142e przy\u0142\u0105cze wody oraz zbiornik na wod\u0119 o pojemno\u015bci 6 litr\u00f3w to cechy, kt\u00f3re wyr\u00f3\u017cniaj\u0105 ten niezwykle przemy\u015blany wariant ekspresu do kawy KV1. Innymi s\u0142owy: najwy\u017csza rozkosz delektowania si\u0119 smakiem i aromatem kawy przy jednocze\u015bnie prostej, intuicyjnej obs\u0142udze. 7-calowy wy\u015bwietlacz reklamowy z [&hellip;]<\/p>\n","protected":false},"featured_media":52065,"template":"","meta":{"_et_pb_use_builder":"","_et_pb_old_content":"","_et_gb_content_width":""},"pwb-brand":[1577],"product_brand":[],"product_cat":[322],"product_tag":[],"class_list":{"0":"post-48966","1":"product","2":"type-product","3":"status-publish","4":"has-post-thumbnail","6":"pwb-brand-bartscher","7":"product_cat-ekspresy-automatyczne","9":"first","10":"instock","11":"taxable","12":"shipping-taxable","13":"purchasable","14":"product-type-simple"},"brands":[{"id":1577,"name":"Bartscher","slug":"bartscher"}],"_links":{"self":[{"href":"https:\/\/www.multifrigo.pl\/sklep\/wp-json\/wp\/v2\/product\/48966","targetHints":{"allow":["GET"]}}],"collection":[{"href":"https:\/\/www.multifrigo.pl\/sklep\/wp-json\/wp\/v2\/product"}],"about":[{"href":"https:\/\/www.multifrigo.pl\/sklep\/wp-json\/wp\/v2\/types\/product"}],"wp:featuredmedia":[{"embeddable":true,"href":"https:\/\/www.multifrigo.pl\/sklep\/wp-json\/wp\/v2\/media\/52065"}],"wp:attachment":[{"href":"https:\/\/www.multifrigo.pl\/sklep\/wp-json\/wp\/v2\/media?parent=48966"}],"wp:term":[{"taxonomy":"pwb-brand","embeddable":true,"href":"https:\/\/www.multifrigo.pl\/sklep\/wp-json\/wp\/v2\/pwb-brand?post=48966"},{"taxonomy":"product_brand","embeddable":true,"href":"https:\/\/www.multifrigo.pl\/sklep\/wp-json\/wp\/v2\/product_brand?post=48966"},{"taxonomy":"product_cat","embeddable":true,"href":"https:\/\/www.multifrigo.pl\/sklep\/wp-json\/wp\/v2\/product_cat?post=48966"},{"taxonomy":"product_tag","embeddable":true,"href":"https:\/\/www.multifrigo.pl\/sklep\/wp-json\/wp\/v2\/product_tag?post=48966"}],"curies":[{"name":"wp","href":"https:\/\/api.w.org\/{rel}","templated":true}]}}