{"id":48967,"date":"2024-09-09T06:47:10","date_gmt":"2024-09-09T06:47:10","guid":{"rendered":"https:\/\/www.multifrigo.pl\/sklep\/produkt\/ekspres-do-kawy-kv1-deluxe-bartscher-190033\/"},"modified":"2025-07-17T08:47:48","modified_gmt":"2025-07-17T08:47:48","slug":"ekspres-do-kawy-kv1-deluxe-bartscher-190033","status":"publish","type":"product","link":"https:\/\/www.multifrigo.pl\/sklep\/produkt\/ekspres-do-kawy-kv1-deluxe-bartscher-190033\/","title":{"rendered":"Ekspres do kawy KV1 Deluxe | Bartscher 190033"},"content":{"rendered":"<p><b>Ekspres do kawy KV1 Deluxe<\/b><\/p>\n<p>Caf\u00e9 crema, espresso, latte macchiatto i ponad 30 innych specja\u0142\u00f3w na bazie kawy \u2013 z ekspresem KV1 Deluxe to mo\u017cliwe. Wydajne grza\u0142ki i czujnik temperatury mleka sprawi\u0105, \u017ce nap\u00f3j b\u0119dzie mie\u0107 idealn\u0105 temperatur\u0119. Dzi\u0119ki jednoczesnemu podawaniu wody i kawy skraca si\u0119 czas przep\u0142ywu \u2013 szczeg\u00f3lnie podczas przyrz\u0105dzania kawy americano. Wyposa\u017cenie modelu Deluxe dope\u0142nia niesamowicie intuicyjny wy\u015bwietlacz dotykowy \u2013 rozkosz delektowania si\u0119 smakiem i aromatem kawy \u2013 wystarczy wcisn\u0105\u0107 przycisk.<\/p><\/p>\n","protected":false},"excerpt":{"rendered":"<p>Ekspres do kawy KV1 Deluxe Caf\u00e9 crema, espresso, latte macchiatto i ponad 30 innych specja\u0142\u00f3w na bazie kawy \u2013 z ekspresem KV1 Deluxe to mo\u017cliwe. Wydajne grza\u0142ki i czujnik temperatury mleka sprawi\u0105, \u017ce nap\u00f3j b\u0119dzie mie\u0107 idealn\u0105 temperatur\u0119. Dzi\u0119ki jednoczesnemu podawaniu wody i kawy skraca si\u0119 czas przep\u0142ywu \u2013 szczeg\u00f3lnie podczas przyrz\u0105dzania kawy americano. Wyposa\u017cenie [&hellip;]<\/p>\n","protected":false},"featured_media":52073,"template":"","meta":{"_et_pb_use_builder":"","_et_pb_old_content":"","_et_gb_content_width":""},"pwb-brand":[1577],"product_brand":[],"product_cat":[322],"product_tag":[],"class_list":{"0":"post-48967","1":"product","2":"type-product","3":"status-publish","4":"has-post-thumbnail","6":"pwb-brand-bartscher","7":"product_cat-ekspresy-automatyczne","9":"first","10":"instock","11":"taxable","12":"shipping-taxable","13":"purchasable","14":"product-type-simple"},"brands":[{"id":1577,"name":"Bartscher","slug":"bartscher"}],"_links":{"self":[{"href":"https:\/\/www.multifrigo.pl\/sklep\/wp-json\/wp\/v2\/product\/48967","targetHints":{"allow":["GET"]}}],"collection":[{"href":"https:\/\/www.multifrigo.pl\/sklep\/wp-json\/wp\/v2\/product"}],"about":[{"href":"https:\/\/www.multifrigo.pl\/sklep\/wp-json\/wp\/v2\/types\/product"}],"wp:featuredmedia":[{"embeddable":true,"href":"https:\/\/www.multifrigo.pl\/sklep\/wp-json\/wp\/v2\/media\/52073"}],"wp:attachment":[{"href":"https:\/\/www.multifrigo.pl\/sklep\/wp-json\/wp\/v2\/media?parent=48967"}],"wp:term":[{"taxonomy":"pwb-brand","embeddable":true,"href":"https:\/\/www.multifrigo.pl\/sklep\/wp-json\/wp\/v2\/pwb-brand?post=48967"},{"taxonomy":"product_brand","embeddable":true,"href":"https:\/\/www.multifrigo.pl\/sklep\/wp-json\/wp\/v2\/product_brand?post=48967"},{"taxonomy":"product_cat","embeddable":true,"href":"https:\/\/www.multifrigo.pl\/sklep\/wp-json\/wp\/v2\/product_cat?post=48967"},{"taxonomy":"product_tag","embeddable":true,"href":"https:\/\/www.multifrigo.pl\/sklep\/wp-json\/wp\/v2\/product_tag?post=48967"}],"curies":[{"name":"wp","href":"https:\/\/api.w.org\/{rel}","templated":true}]}}