{"id":49023,"date":"2024-09-09T06:49:39","date_gmt":"2024-09-09T06:49:39","guid":{"rendered":"https:\/\/www.multifrigo.pl\/sklep\/produkt\/frytownica-600-b400-6l-bartscher-131306\/"},"modified":"2025-07-17T08:40:27","modified_gmt":"2025-07-17T08:40:27","slug":"frytownica-600-b400-6l-bartscher-131306","status":"publish","type":"product","link":"https:\/\/www.multifrigo.pl\/sklep\/produkt\/frytownica-600-b400-6l-bartscher-131306\/","title":{"rendered":"Frytownica 600, B400, 6L | Bartscher 131306"},"content":{"rendered":"<p><b>Frytownica 600, B400, 6L<\/b><\/p>\n<p>Seria 600 &#8211; Wydajne urz\u0105dzenia do gotowania w praktycznej zabudowie modu\u0142owej, zajmuj\u0105cej niewiele miejsca. Budowa i wyposa\u017cenie wed\u0142ug potrzeb. Urz\u0105dzenia z wysokowarto\u015bciowej stali chromowo-niklowej 18\/10 w kompaktowym wykonaniu. D\u0142ugi czas u\u017cytkowania urz\u0105dze\u0144.&nbsp;<\/p><\/p>\n","protected":false},"excerpt":{"rendered":"<p>Frytownica 600, B400, 6L Seria 600 &#8211; Wydajne urz\u0105dzenia do gotowania w praktycznej zabudowie modu\u0142owej, zajmuj\u0105cej niewiele miejsca. Budowa i wyposa\u017cenie wed\u0142ug potrzeb. Urz\u0105dzenia z wysokowarto\u015bciowej stali chromowo-niklowej 18\/10 w kompaktowym wykonaniu. D\u0142ugi czas u\u017cytkowania urz\u0105dze\u0144.&nbsp;<\/p>\n","protected":false},"featured_media":52129,"template":"","meta":{"_et_pb_use_builder":"","_et_pb_old_content":"","_et_gb_content_width":""},"pwb-brand":[1577],"product_brand":[],"product_cat":[447],"product_tag":[],"class_list":{"0":"post-49023","1":"product","2":"type-product","3":"status-publish","4":"has-post-thumbnail","6":"pwb-brand-bartscher","7":"product_cat-frytownice-gastronomiczne","9":"first","10":"instock","11":"taxable","12":"shipping-taxable","13":"purchasable","14":"product-type-simple"},"brands":[{"id":1577,"name":"Bartscher","slug":"bartscher"}],"_links":{"self":[{"href":"https:\/\/www.multifrigo.pl\/sklep\/wp-json\/wp\/v2\/product\/49023","targetHints":{"allow":["GET"]}}],"collection":[{"href":"https:\/\/www.multifrigo.pl\/sklep\/wp-json\/wp\/v2\/product"}],"about":[{"href":"https:\/\/www.multifrigo.pl\/sklep\/wp-json\/wp\/v2\/types\/product"}],"wp:featuredmedia":[{"embeddable":true,"href":"https:\/\/www.multifrigo.pl\/sklep\/wp-json\/wp\/v2\/media\/52129"}],"wp:attachment":[{"href":"https:\/\/www.multifrigo.pl\/sklep\/wp-json\/wp\/v2\/media?parent=49023"}],"wp:term":[{"taxonomy":"pwb-brand","embeddable":true,"href":"https:\/\/www.multifrigo.pl\/sklep\/wp-json\/wp\/v2\/pwb-brand?post=49023"},{"taxonomy":"product_brand","embeddable":true,"href":"https:\/\/www.multifrigo.pl\/sklep\/wp-json\/wp\/v2\/product_brand?post=49023"},{"taxonomy":"product_cat","embeddable":true,"href":"https:\/\/www.multifrigo.pl\/sklep\/wp-json\/wp\/v2\/product_cat?post=49023"},{"taxonomy":"product_tag","embeddable":true,"href":"https:\/\/www.multifrigo.pl\/sklep\/wp-json\/wp\/v2\/product_tag?post=49023"}],"curies":[{"name":"wp","href":"https:\/\/api.w.org\/{rel}","templated":true}]}}