{"id":49202,"date":"2024-09-09T06:58:59","date_gmt":"2024-09-09T06:58:59","guid":{"rendered":"https:\/\/www.multifrigo.pl\/sklep\/produkt\/gofrownica-mdi-1hw211-bartscher-370197\/"},"modified":"2025-07-17T09:40:08","modified_gmt":"2025-07-17T09:40:08","slug":"gofrownica-mdi-1hw211-bartscher-370197","status":"publish","type":"product","link":"https:\/\/www.multifrigo.pl\/sklep\/produkt\/gofrownica-mdi-1hw211-bartscher-370197\/","title":{"rendered":"Gofrownica MDI 1HW211 | Bartscher 370197"},"content":{"rendered":"<p><b>Gofrownica MDI 1HW211<\/b><\/p>\n<p>Doskona\u0142e warunki dla idealnego gofra: solidna konstrukcja, du\u017ca moc oraz prosta i intuicyjna obs\u0142uga pokr\u0119t\u0142em plus wy\u015bwietlacz cyfrowy, timer i sygna\u0142 d\u017awi\u0119kowy. Ponadto \u017celiwne p\u0142yty grzewcze z jednostk\u0105 odpiekow\u0105 w kszta\u0142cie serca zapewniaj\u0105 dobr\u0105 przewodno\u015b\u0107 ciep\u0142a.<\/p><\/p>\n","protected":false},"excerpt":{"rendered":"<p>Gofrownica MDI 1HW211 Doskona\u0142e warunki dla idealnego gofra: solidna konstrukcja, du\u017ca moc oraz prosta i intuicyjna obs\u0142uga pokr\u0119t\u0142em plus wy\u015bwietlacz cyfrowy, timer i sygna\u0142 d\u017awi\u0119kowy. Ponadto \u017celiwne p\u0142yty grzewcze z jednostk\u0105 odpiekow\u0105 w kszta\u0142cie serca zapewniaj\u0105 dobr\u0105 przewodno\u015b\u0107 ciep\u0142a.<\/p>\n","protected":false},"featured_media":52433,"template":"","meta":{"_et_pb_use_builder":"","_et_pb_old_content":"","_et_gb_content_width":""},"pwb-brand":[1577],"product_brand":[],"product_cat":[453],"product_tag":[],"class_list":{"0":"post-49202","1":"product","2":"type-product","3":"status-publish","4":"has-post-thumbnail","6":"pwb-brand-bartscher","7":"product_cat-gofrownice-gastronomiczne","9":"first","10":"instock","11":"taxable","12":"shipping-taxable","13":"purchasable","14":"product-type-simple"},"brands":[{"id":1577,"name":"Bartscher","slug":"bartscher"}],"_links":{"self":[{"href":"https:\/\/www.multifrigo.pl\/sklep\/wp-json\/wp\/v2\/product\/49202","targetHints":{"allow":["GET"]}}],"collection":[{"href":"https:\/\/www.multifrigo.pl\/sklep\/wp-json\/wp\/v2\/product"}],"about":[{"href":"https:\/\/www.multifrigo.pl\/sklep\/wp-json\/wp\/v2\/types\/product"}],"wp:featuredmedia":[{"embeddable":true,"href":"https:\/\/www.multifrigo.pl\/sklep\/wp-json\/wp\/v2\/media\/52433"}],"wp:attachment":[{"href":"https:\/\/www.multifrigo.pl\/sklep\/wp-json\/wp\/v2\/media?parent=49202"}],"wp:term":[{"taxonomy":"pwb-brand","embeddable":true,"href":"https:\/\/www.multifrigo.pl\/sklep\/wp-json\/wp\/v2\/pwb-brand?post=49202"},{"taxonomy":"product_brand","embeddable":true,"href":"https:\/\/www.multifrigo.pl\/sklep\/wp-json\/wp\/v2\/product_brand?post=49202"},{"taxonomy":"product_cat","embeddable":true,"href":"https:\/\/www.multifrigo.pl\/sklep\/wp-json\/wp\/v2\/product_cat?post=49202"},{"taxonomy":"product_tag","embeddable":true,"href":"https:\/\/www.multifrigo.pl\/sklep\/wp-json\/wp\/v2\/product_tag?post=49202"}],"curies":[{"name":"wp","href":"https:\/\/api.w.org\/{rel}","templated":true}]}}