{"id":49208,"date":"2024-09-09T06:59:23","date_gmt":"2024-09-09T06:59:23","guid":{"rendered":"https:\/\/www.multifrigo.pl\/sklep\/produkt\/gofrownica-mdi-cone-2120-bartscher-370276\/"},"modified":"2025-07-17T09:41:22","modified_gmt":"2025-07-17T09:41:22","slug":"gofrownica-mdi-cone-2120-bartscher-370276","status":"publish","type":"product","link":"https:\/\/www.multifrigo.pl\/sklep\/produkt\/gofrownica-mdi-cone-2120-bartscher-370276\/","title":{"rendered":"Gofrownica MDI Cone 2120 | Bartscher 370276"},"content":{"rendered":"<p><b>Gofrownica MDI Cone 2120<\/b><\/p>\n<p>\u015awie\u017cutkie i pachn\u0105ce, wypieczone wed\u0142ug w\u0142asnej receptury wafle do lod\u00f3w sprawi\u0105, \u017ce pokusa lodowej rozkoszy stanie si\u0119 jeszcze wi\u0119ksza. W postaci powszechnie lubianego wafelka do lod\u00f3w, w wersji \u201eeko\u201d jako lodowy pucharek \u201ena wynos\u201d czy te\u017c jako s\u0142odka lub wype\u0142niona smakowitym nadzieniem rurka w restauracyjnym lub cateringowym menu \u2013 w przypadku tych wafli do lod\u00f3w fantazja nie zna granic.<\/p><\/p>\n","protected":false},"excerpt":{"rendered":"<p>Gofrownica MDI Cone 2120 \u015awie\u017cutkie i pachn\u0105ce, wypieczone wed\u0142ug w\u0142asnej receptury wafle do lod\u00f3w sprawi\u0105, \u017ce pokusa lodowej rozkoszy stanie si\u0119 jeszcze wi\u0119ksza. W postaci powszechnie lubianego wafelka do lod\u00f3w, w wersji \u201eeko\u201d jako lodowy pucharek \u201ena wynos\u201d czy te\u017c jako s\u0142odka lub wype\u0142niona smakowitym nadzieniem rurka w restauracyjnym lub cateringowym menu \u2013 w przypadku [&hellip;]<\/p>\n","protected":false},"featured_media":52456,"template":"","meta":{"_et_pb_use_builder":"","_et_pb_old_content":"","_et_gb_content_width":""},"pwb-brand":[1577],"product_brand":[],"product_cat":[453],"product_tag":[],"class_list":{"0":"post-49208","1":"product","2":"type-product","3":"status-publish","4":"has-post-thumbnail","6":"pwb-brand-bartscher","7":"product_cat-gofrownice-gastronomiczne","9":"first","10":"instock","11":"taxable","12":"shipping-taxable","13":"purchasable","14":"product-type-simple"},"brands":[{"id":1577,"name":"Bartscher","slug":"bartscher"}],"_links":{"self":[{"href":"https:\/\/www.multifrigo.pl\/sklep\/wp-json\/wp\/v2\/product\/49208","targetHints":{"allow":["GET"]}}],"collection":[{"href":"https:\/\/www.multifrigo.pl\/sklep\/wp-json\/wp\/v2\/product"}],"about":[{"href":"https:\/\/www.multifrigo.pl\/sklep\/wp-json\/wp\/v2\/types\/product"}],"wp:featuredmedia":[{"embeddable":true,"href":"https:\/\/www.multifrigo.pl\/sklep\/wp-json\/wp\/v2\/media\/52456"}],"wp:attachment":[{"href":"https:\/\/www.multifrigo.pl\/sklep\/wp-json\/wp\/v2\/media?parent=49208"}],"wp:term":[{"taxonomy":"pwb-brand","embeddable":true,"href":"https:\/\/www.multifrigo.pl\/sklep\/wp-json\/wp\/v2\/pwb-brand?post=49208"},{"taxonomy":"product_brand","embeddable":true,"href":"https:\/\/www.multifrigo.pl\/sklep\/wp-json\/wp\/v2\/product_brand?post=49208"},{"taxonomy":"product_cat","embeddable":true,"href":"https:\/\/www.multifrigo.pl\/sklep\/wp-json\/wp\/v2\/product_cat?post=49208"},{"taxonomy":"product_tag","embeddable":true,"href":"https:\/\/www.multifrigo.pl\/sklep\/wp-json\/wp\/v2\/product_tag?post=49208"}],"curies":[{"name":"wp","href":"https:\/\/api.w.org\/{rel}","templated":true}]}}