{"id":49210,"date":"2024-09-09T06:59:30","date_gmt":"2024-09-09T06:59:30","guid":{"rendered":"https:\/\/www.multifrigo.pl\/sklep\/produkt\/gofrownica-mdi-lolly-400-bartscher-370273\/"},"modified":"2025-07-17T09:41:06","modified_gmt":"2025-07-17T09:41:06","slug":"gofrownica-mdi-lolly-400-bartscher-370273","status":"publish","type":"product","link":"https:\/\/www.multifrigo.pl\/sklep\/produkt\/gofrownica-mdi-lolly-400-bartscher-370273\/","title":{"rendered":"Gofrownica MDI Lolly 400 | Bartscher 370273"},"content":{"rendered":"<p><b>Gofrownica MDI Lolly 400<\/b><\/p>\n<p>Idealny \u201egofr na wynos\u201d: urz\u0105dzenie pozwala na wypiek nawet 4 gofr\u00f3w typu Lolly w ci\u0105gu jednego cyklu. Dzi\u0119ki praktycznemu patyczkowi gofr mo\u017cna pewnie chwyci\u0107 w d\u0142o\u0144 i spo\u017cywa\u0107 w drodze \u2013 zawsze czyste d\u0142onie, co doceni\u0105 zar\u00f3wno m\u0142odsi, jak i starsi amatorzy gofr\u00f3w. Cyfrowe ustawianie czasu oraz timer gwarantuj\u0105 niezmiennie dobr\u0105 jako\u015b\u0107.<\/p><\/p>\n","protected":false},"excerpt":{"rendered":"<p>Gofrownica MDI Lolly 400 Idealny \u201egofr na wynos\u201d: urz\u0105dzenie pozwala na wypiek nawet 4 gofr\u00f3w typu Lolly w ci\u0105gu jednego cyklu. Dzi\u0119ki praktycznemu patyczkowi gofr mo\u017cna pewnie chwyci\u0107 w d\u0142o\u0144 i spo\u017cywa\u0107 w drodze \u2013 zawsze czyste d\u0142onie, co doceni\u0105 zar\u00f3wno m\u0142odsi, jak i starsi amatorzy gofr\u00f3w. Cyfrowe ustawianie czasu oraz timer gwarantuj\u0105 niezmiennie dobr\u0105 [&hellip;]<\/p>\n","protected":false},"featured_media":52470,"template":"","meta":{"_et_pb_use_builder":"","_et_pb_old_content":"","_et_gb_content_width":""},"pwb-brand":[1577],"product_brand":[],"product_cat":[453],"product_tag":[],"class_list":{"0":"post-49210","1":"product","2":"type-product","3":"status-publish","4":"has-post-thumbnail","6":"pwb-brand-bartscher","7":"product_cat-gofrownice-gastronomiczne","9":"first","10":"instock","11":"taxable","12":"shipping-taxable","13":"purchasable","14":"product-type-simple"},"brands":[{"id":1577,"name":"Bartscher","slug":"bartscher"}],"_links":{"self":[{"href":"https:\/\/www.multifrigo.pl\/sklep\/wp-json\/wp\/v2\/product\/49210","targetHints":{"allow":["GET"]}}],"collection":[{"href":"https:\/\/www.multifrigo.pl\/sklep\/wp-json\/wp\/v2\/product"}],"about":[{"href":"https:\/\/www.multifrigo.pl\/sklep\/wp-json\/wp\/v2\/types\/product"}],"wp:featuredmedia":[{"embeddable":true,"href":"https:\/\/www.multifrigo.pl\/sklep\/wp-json\/wp\/v2\/media\/52470"}],"wp:attachment":[{"href":"https:\/\/www.multifrigo.pl\/sklep\/wp-json\/wp\/v2\/media?parent=49210"}],"wp:term":[{"taxonomy":"pwb-brand","embeddable":true,"href":"https:\/\/www.multifrigo.pl\/sklep\/wp-json\/wp\/v2\/pwb-brand?post=49210"},{"taxonomy":"product_brand","embeddable":true,"href":"https:\/\/www.multifrigo.pl\/sklep\/wp-json\/wp\/v2\/product_brand?post=49210"},{"taxonomy":"product_cat","embeddable":true,"href":"https:\/\/www.multifrigo.pl\/sklep\/wp-json\/wp\/v2\/product_cat?post=49210"},{"taxonomy":"product_tag","embeddable":true,"href":"https:\/\/www.multifrigo.pl\/sklep\/wp-json\/wp\/v2\/product_tag?post=49210"}],"curies":[{"name":"wp","href":"https:\/\/api.w.org\/{rel}","templated":true}]}}