{"id":49273,"date":"2024-09-09T07:03:03","date_gmt":"2024-09-09T07:03:03","guid":{"rendered":"https:\/\/www.multifrigo.pl\/sklep\/produkt\/indukcyjna-plyta-grzewcza-iw10-eb-bartscher-114367\/"},"modified":"2025-07-17T08:33:07","modified_gmt":"2025-07-17T08:33:07","slug":"indukcyjna-plyta-grzewcza-iw10-eb-bartscher-114367","status":"publish","type":"product","link":"https:\/\/www.multifrigo.pl\/sklep\/produkt\/indukcyjna-plyta-grzewcza-iw10-eb-bartscher-114367\/","title":{"rendered":"Indukcyjna p\u0142yta grzewcza IW10-EB | Bartscher 114367"},"content":{"rendered":"<p><b>Indukcyjna p\u0142yta grzewcza IW10-EB<\/b><\/p>\n<p>Prosta obs\u0142uga, precyzyjna regulacja temperatury w zakresie od 40\u00b0C do 100\u00b0C, jak r\u00f3wnie\u017c du\u017ca powierzchnia grzewcza zapewni\u0105 optymalne warunki na etapie przygotowa\u0144, podczas wydawania potraw oraz przy bufecie \u2013 niezale\u017cnie od tego, czy do gotowania u\u017cywasz naczy\u0144 okr\u0105g\u0142ych czy kwadratowych.<\/p><\/p>\n","protected":false},"excerpt":{"rendered":"<p>Indukcyjna p\u0142yta grzewcza IW10-EB Prosta obs\u0142uga, precyzyjna regulacja temperatury w zakresie od 40\u00b0C do 100\u00b0C, jak r\u00f3wnie\u017c du\u017ca powierzchnia grzewcza zapewni\u0105 optymalne warunki na etapie przygotowa\u0144, podczas wydawania potraw oraz przy bufecie \u2013 niezale\u017cnie od tego, czy do gotowania u\u017cywasz naczy\u0144 okr\u0105g\u0142ych czy kwadratowych.<\/p>\n","protected":false},"featured_media":52575,"template":"","meta":{"_et_pb_use_builder":"","_et_pb_old_content":"","_et_gb_content_width":""},"pwb-brand":[1577],"product_brand":[],"product_cat":[292],"product_tag":[],"class_list":{"0":"post-49273","1":"product","2":"type-product","3":"status-publish","4":"has-post-thumbnail","6":"pwb-brand-bartscher","7":"product_cat-podgrzewacze-bufetowe","9":"first","10":"instock","11":"taxable","12":"shipping-taxable","13":"purchasable","14":"product-type-simple"},"brands":[{"id":1577,"name":"Bartscher","slug":"bartscher"}],"_links":{"self":[{"href":"https:\/\/www.multifrigo.pl\/sklep\/wp-json\/wp\/v2\/product\/49273","targetHints":{"allow":["GET"]}}],"collection":[{"href":"https:\/\/www.multifrigo.pl\/sklep\/wp-json\/wp\/v2\/product"}],"about":[{"href":"https:\/\/www.multifrigo.pl\/sklep\/wp-json\/wp\/v2\/types\/product"}],"wp:featuredmedia":[{"embeddable":true,"href":"https:\/\/www.multifrigo.pl\/sklep\/wp-json\/wp\/v2\/media\/52575"}],"wp:attachment":[{"href":"https:\/\/www.multifrigo.pl\/sklep\/wp-json\/wp\/v2\/media?parent=49273"}],"wp:term":[{"taxonomy":"pwb-brand","embeddable":true,"href":"https:\/\/www.multifrigo.pl\/sklep\/wp-json\/wp\/v2\/pwb-brand?post=49273"},{"taxonomy":"product_brand","embeddable":true,"href":"https:\/\/www.multifrigo.pl\/sklep\/wp-json\/wp\/v2\/product_brand?post=49273"},{"taxonomy":"product_cat","embeddable":true,"href":"https:\/\/www.multifrigo.pl\/sklep\/wp-json\/wp\/v2\/product_cat?post=49273"},{"taxonomy":"product_tag","embeddable":true,"href":"https:\/\/www.multifrigo.pl\/sklep\/wp-json\/wp\/v2\/product_tag?post=49273"}],"curies":[{"name":"wp","href":"https:\/\/api.w.org\/{rel}","templated":true}]}}