{"id":49275,"date":"2024-09-09T07:03:11","date_gmt":"2024-09-09T07:03:11","guid":{"rendered":"https:\/\/www.multifrigo.pl\/sklep\/produkt\/indukcyjna-plyta-grzewcza-iw3-bartscher-105865\/"},"modified":"2025-07-17T07:45:31","modified_gmt":"2025-07-17T07:45:31","slug":"indukcyjna-plyta-grzewcza-iw3-bartscher-105865","status":"publish","type":"product","link":"https:\/\/www.multifrigo.pl\/sklep\/produkt\/indukcyjna-plyta-grzewcza-iw3-bartscher-105865\/","title":{"rendered":"Indukcyjna p\u0142yta grzewcza IW3 | Bartscher 105865"},"content":{"rendered":"<p><b>Indukcyjna p\u0142yta grzewcza IW3<\/b><\/p>\n<p>Design tej p\u0142yty grzewczej korzystnie wp\u0142ynie na atrakcyjno\u015b\u0107 ka\u017cdego bufetu. Praktyczne rozwi\u0105zanie polegaj\u0105ce na po\u0142\u0105czeniu i pod\u0142\u0105czeniu 4 urz\u0105dze\u0144 w jednym obwodzie elektrycznym za pomoc\u0105 opcjonalnie dost\u0119pnego przewodu dodatkowo zadba o sp\u00f3jn\u0105, wysokiej jako\u015bci prezencj\u0119 podczas wydawania potraw.<\/p><\/p>\n","protected":false},"excerpt":{"rendered":"<p>Indukcyjna p\u0142yta grzewcza IW3 Design tej p\u0142yty grzewczej korzystnie wp\u0142ynie na atrakcyjno\u015b\u0107 ka\u017cdego bufetu. Praktyczne rozwi\u0105zanie polegaj\u0105ce na po\u0142\u0105czeniu i pod\u0142\u0105czeniu 4 urz\u0105dze\u0144 w jednym obwodzie elektrycznym za pomoc\u0105 opcjonalnie dost\u0119pnego przewodu dodatkowo zadba o sp\u00f3jn\u0105, wysokiej jako\u015bci prezencj\u0119 podczas wydawania potraw.<\/p>\n","protected":false},"featured_media":52590,"template":"","meta":{"_et_pb_use_builder":"","_et_pb_old_content":"","_et_gb_content_width":""},"pwb-brand":[1577],"product_brand":[],"product_cat":[292],"product_tag":[],"class_list":{"0":"post-49275","1":"product","2":"type-product","3":"status-publish","4":"has-post-thumbnail","6":"pwb-brand-bartscher","7":"product_cat-podgrzewacze-bufetowe","9":"first","10":"instock","11":"taxable","12":"shipping-taxable","13":"purchasable","14":"product-type-simple"},"brands":[{"id":1577,"name":"Bartscher","slug":"bartscher"}],"_links":{"self":[{"href":"https:\/\/www.multifrigo.pl\/sklep\/wp-json\/wp\/v2\/product\/49275","targetHints":{"allow":["GET"]}}],"collection":[{"href":"https:\/\/www.multifrigo.pl\/sklep\/wp-json\/wp\/v2\/product"}],"about":[{"href":"https:\/\/www.multifrigo.pl\/sklep\/wp-json\/wp\/v2\/types\/product"}],"wp:featuredmedia":[{"embeddable":true,"href":"https:\/\/www.multifrigo.pl\/sklep\/wp-json\/wp\/v2\/media\/52590"}],"wp:attachment":[{"href":"https:\/\/www.multifrigo.pl\/sklep\/wp-json\/wp\/v2\/media?parent=49275"}],"wp:term":[{"taxonomy":"pwb-brand","embeddable":true,"href":"https:\/\/www.multifrigo.pl\/sklep\/wp-json\/wp\/v2\/pwb-brand?post=49275"},{"taxonomy":"product_brand","embeddable":true,"href":"https:\/\/www.multifrigo.pl\/sklep\/wp-json\/wp\/v2\/product_brand?post=49275"},{"taxonomy":"product_cat","embeddable":true,"href":"https:\/\/www.multifrigo.pl\/sklep\/wp-json\/wp\/v2\/product_cat?post=49275"},{"taxonomy":"product_tag","embeddable":true,"href":"https:\/\/www.multifrigo.pl\/sklep\/wp-json\/wp\/v2\/product_tag?post=49275"}],"curies":[{"name":"wp","href":"https:\/\/api.w.org\/{rel}","templated":true}]}}