{"id":49290,"date":"2024-09-09T07:03:54","date_gmt":"2024-09-09T07:03:54","guid":{"rendered":"https:\/\/www.multifrigo.pl\/sklep\/produkt\/mikser-planetarny-kitchenaid-5k45sseob-czarny-428l-bartscher-a150063\/"},"modified":"2025-07-17T10:00:27","modified_gmt":"2025-07-17T10:00:27","slug":"mikser-planetarny-kitchenaid-5k45sseob-czarny-428l-bartscher-a150063","status":"publish","type":"product","link":"https:\/\/www.multifrigo.pl\/sklep\/produkt\/mikser-planetarny-kitchenaid-5k45sseob-czarny-428l-bartscher-a150063\/","title":{"rendered":"Mikser planetarny KitchenAid 5K45SSEOB, czarny, 4,28L | Bartscher A150063"},"content":{"rendered":"<p><b>Mikser planetarny KitchenAid 5K45SSEOB, czarny, 4,28L<\/b><\/p>\n<p>Niezawodny i wysoce wydajny robot kuchenny KitchenAid wyr\u00f3\u017cnia nie tylko elegancki wygl\u0105d. 10 stopni mocy i szeroki wyb\u00f3r opcjonalnych akcesori\u00f3w czyni\u0105 z tego klasyka wszechstronnego pomocnika w kuchni.<\/p><\/p>\n","protected":false},"excerpt":{"rendered":"<p>Mikser planetarny KitchenAid 5K45SSEOB, czarny, 4,28L Niezawodny i wysoce wydajny robot kuchenny KitchenAid wyr\u00f3\u017cnia nie tylko elegancki wygl\u0105d. 10 stopni mocy i szeroki wyb\u00f3r opcjonalnych akcesori\u00f3w czyni\u0105 z tego klasyka wszechstronnego pomocnika w kuchni.<\/p>\n","protected":false},"featured_media":52625,"template":"","meta":{"_et_pb_use_builder":"","_et_pb_old_content":"","_et_gb_content_width":""},"pwb-brand":[1577],"product_brand":[],"product_cat":[480],"product_tag":[],"class_list":{"0":"post-49290","1":"product","2":"type-product","3":"status-publish","4":"has-post-thumbnail","6":"pwb-brand-bartscher","7":"product_cat-miksery-planetarne-miksery-planetarne","9":"first","10":"instock","11":"taxable","12":"shipping-taxable","13":"purchasable","14":"product-type-simple"},"brands":[{"id":1577,"name":"Bartscher","slug":"bartscher"}],"_links":{"self":[{"href":"https:\/\/www.multifrigo.pl\/sklep\/wp-json\/wp\/v2\/product\/49290","targetHints":{"allow":["GET"]}}],"collection":[{"href":"https:\/\/www.multifrigo.pl\/sklep\/wp-json\/wp\/v2\/product"}],"about":[{"href":"https:\/\/www.multifrigo.pl\/sklep\/wp-json\/wp\/v2\/types\/product"}],"wp:featuredmedia":[{"embeddable":true,"href":"https:\/\/www.multifrigo.pl\/sklep\/wp-json\/wp\/v2\/media\/52625"}],"wp:attachment":[{"href":"https:\/\/www.multifrigo.pl\/sklep\/wp-json\/wp\/v2\/media?parent=49290"}],"wp:term":[{"taxonomy":"pwb-brand","embeddable":true,"href":"https:\/\/www.multifrigo.pl\/sklep\/wp-json\/wp\/v2\/pwb-brand?post=49290"},{"taxonomy":"product_brand","embeddable":true,"href":"https:\/\/www.multifrigo.pl\/sklep\/wp-json\/wp\/v2\/product_brand?post=49290"},{"taxonomy":"product_cat","embeddable":true,"href":"https:\/\/www.multifrigo.pl\/sklep\/wp-json\/wp\/v2\/product_cat?post=49290"},{"taxonomy":"product_tag","embeddable":true,"href":"https:\/\/www.multifrigo.pl\/sklep\/wp-json\/wp\/v2\/product_tag?post=49290"}],"curies":[{"name":"wp","href":"https:\/\/api.w.org\/{rel}","templated":true}]}}