{"id":49299,"date":"2024-09-09T07:04:19","date_gmt":"2024-09-09T07:04:19","guid":{"rendered":"https:\/\/www.multifrigo.pl\/sklep\/?post_type=product&#038;p=49299"},"modified":"2025-07-17T10:00:53","modified_gmt":"2025-07-17T10:00:53","slug":"mikser-planetarny-kitchenaid-5ksm55sxx-52l-bartscher-a150183","status":"publish","type":"product","link":"https:\/\/www.multifrigo.pl\/sklep\/produkt\/mikser-planetarny-kitchenaid-5ksm55sxx-52l-bartscher-a150183\/","title":{"rendered":"Mikser planetarny KitchenAid 5KSM55SXX 5,2L | Bartscher A150183"},"content":{"rendered":"<p><b>Mikser planetarny KitchenAid 5KSM55SXX 5,2L<\/b><\/p>\n<p>Dzi\u0119ki 11\u00a0stopniom pr\u0119dko\u015bci i\u00a0funkcji softstart wydajny robot kuchenny dopasowuje si\u0119 perfekcyjnie do produktu podczas pracy. Zagniatanie i\u00a0mieszanie ciasta, ubijanie piany czy rozdrabnianie potraw \u2013 \u017caden problem dzi\u0119ki dzie\u017cy ze stali nierdzewnej o\u00a0pojemno\u015bci 5,2\u00a0l z\u00a0praktycznym podno\u015bnikiem dzie\u017cy.<\/p><\/p>\n","protected":false},"excerpt":{"rendered":"<p>Mikser planetarny KitchenAid 5KSM55SXX 5,2L Dzi\u0119ki 11\u00a0stopniom pr\u0119dko\u015bci i\u00a0funkcji softstart wydajny robot kuchenny dopasowuje si\u0119 perfekcyjnie do produktu podczas pracy. Zagniatanie i\u00a0mieszanie ciasta, ubijanie piany czy rozdrabnianie potraw \u2013 \u017caden problem dzi\u0119ki dzie\u017cy ze stali nierdzewnej o\u00a0pojemno\u015bci 5,2\u00a0l z\u00a0praktycznym podno\u015bnikiem dzie\u017cy.<\/p>\n","protected":false},"featured_media":52650,"template":"","meta":{"_et_pb_use_builder":"","_et_pb_old_content":"","_et_gb_content_width":""},"pwb-brand":[1577],"product_brand":[],"product_cat":[480],"product_tag":[],"class_list":{"0":"post-49299","1":"product","2":"type-product","3":"status-publish","4":"has-post-thumbnail","6":"pwb-brand-bartscher","7":"product_cat-miksery-planetarne-miksery-planetarne","9":"first","10":"instock","11":"taxable","12":"shipping-taxable","13":"purchasable","14":"product-type-simple"},"brands":[{"id":1577,"name":"Bartscher","slug":"bartscher"}],"_links":{"self":[{"href":"https:\/\/www.multifrigo.pl\/sklep\/wp-json\/wp\/v2\/product\/49299","targetHints":{"allow":["GET"]}}],"collection":[{"href":"https:\/\/www.multifrigo.pl\/sklep\/wp-json\/wp\/v2\/product"}],"about":[{"href":"https:\/\/www.multifrigo.pl\/sklep\/wp-json\/wp\/v2\/types\/product"}],"wp:featuredmedia":[{"embeddable":true,"href":"https:\/\/www.multifrigo.pl\/sklep\/wp-json\/wp\/v2\/media\/52650"}],"wp:attachment":[{"href":"https:\/\/www.multifrigo.pl\/sklep\/wp-json\/wp\/v2\/media?parent=49299"}],"wp:term":[{"taxonomy":"pwb-brand","embeddable":true,"href":"https:\/\/www.multifrigo.pl\/sklep\/wp-json\/wp\/v2\/pwb-brand?post=49299"},{"taxonomy":"product_brand","embeddable":true,"href":"https:\/\/www.multifrigo.pl\/sklep\/wp-json\/wp\/v2\/product_brand?post=49299"},{"taxonomy":"product_cat","embeddable":true,"href":"https:\/\/www.multifrigo.pl\/sklep\/wp-json\/wp\/v2\/product_cat?post=49299"},{"taxonomy":"product_tag","embeddable":true,"href":"https:\/\/www.multifrigo.pl\/sklep\/wp-json\/wp\/v2\/product_tag?post=49299"}],"curies":[{"name":"wp","href":"https:\/\/api.w.org\/{rel}","templated":true}]}}