{"id":49303,"date":"2024-09-09T07:04:29","date_gmt":"2024-09-09T07:04:29","guid":{"rendered":"https:\/\/www.multifrigo.pl\/sklep\/produkt\/mikser-planetarny-kitchenaid-5k45ssewh-bialy-428l-bartscher-a150097\/"},"modified":"2025-07-17T10:00:40","modified_gmt":"2025-07-17T10:00:40","slug":"mikser-planetarny-kitchenaid-5k45ssewh-bialy-428l-bartscher-a150097","status":"publish","type":"product","link":"https:\/\/www.multifrigo.pl\/sklep\/produkt\/mikser-planetarny-kitchenaid-5k45ssewh-bialy-428l-bartscher-a150097\/","title":{"rendered":"Mikser planetarny KitchenAid 5K45SSEWH, bia\u0142y, 4,28L | Bartscher A150097"},"content":{"rendered":"<p><b>Mikser planetarny KitchenAid 5K45SSEWH, bia\u0142y, 4,28L<\/b><\/p>\n<p>Zestaw ten obejmuje urz\u0105dzenie KitchenAid 5K45SSEWH z bogatym wyposa\u017ceniem umo\u017cliwiaj\u0105cym realizacj\u0119 najr\u00f3\u017cniejszych etap\u00f3w obr\u00f3bki.<\/p><\/p>\n","protected":false},"excerpt":{"rendered":"<p>Mikser planetarny KitchenAid 5K45SSEWH, bia\u0142y, 4,28L Zestaw ten obejmuje urz\u0105dzenie KitchenAid 5K45SSEWH z bogatym wyposa\u017ceniem umo\u017cliwiaj\u0105cym realizacj\u0119 najr\u00f3\u017cniejszych etap\u00f3w obr\u00f3bki.<\/p>\n","protected":false},"featured_media":52635,"template":"","meta":{"_et_pb_use_builder":"","_et_pb_old_content":"","_et_gb_content_width":""},"pwb-brand":[1577],"product_brand":[],"product_cat":[480],"product_tag":[],"class_list":{"0":"post-49303","1":"product","2":"type-product","3":"status-publish","4":"has-post-thumbnail","6":"pwb-brand-bartscher","7":"product_cat-miksery-planetarne-miksery-planetarne","9":"first","10":"instock","11":"taxable","12":"shipping-taxable","13":"purchasable","14":"product-type-simple"},"brands":[{"id":1577,"name":"Bartscher","slug":"bartscher"}],"_links":{"self":[{"href":"https:\/\/www.multifrigo.pl\/sklep\/wp-json\/wp\/v2\/product\/49303","targetHints":{"allow":["GET"]}}],"collection":[{"href":"https:\/\/www.multifrigo.pl\/sklep\/wp-json\/wp\/v2\/product"}],"about":[{"href":"https:\/\/www.multifrigo.pl\/sklep\/wp-json\/wp\/v2\/types\/product"}],"wp:featuredmedia":[{"embeddable":true,"href":"https:\/\/www.multifrigo.pl\/sklep\/wp-json\/wp\/v2\/media\/52635"}],"wp:attachment":[{"href":"https:\/\/www.multifrigo.pl\/sklep\/wp-json\/wp\/v2\/media?parent=49303"}],"wp:term":[{"taxonomy":"pwb-brand","embeddable":true,"href":"https:\/\/www.multifrigo.pl\/sklep\/wp-json\/wp\/v2\/pwb-brand?post=49303"},{"taxonomy":"product_brand","embeddable":true,"href":"https:\/\/www.multifrigo.pl\/sklep\/wp-json\/wp\/v2\/product_brand?post=49303"},{"taxonomy":"product_cat","embeddable":true,"href":"https:\/\/www.multifrigo.pl\/sklep\/wp-json\/wp\/v2\/product_cat?post=49303"},{"taxonomy":"product_tag","embeddable":true,"href":"https:\/\/www.multifrigo.pl\/sklep\/wp-json\/wp\/v2\/product_tag?post=49303"}],"curies":[{"name":"wp","href":"https:\/\/api.w.org\/{rel}","templated":true}]}}