{"id":49310,"date":"2024-09-09T07:05:00","date_gmt":"2024-09-09T07:05:00","guid":{"rendered":"https:\/\/www.multifrigo.pl\/sklep\/produkt\/kociol-warzelny-elektryczny-100l-bartscher-296910\/"},"modified":"2025-07-17T09:34:13","modified_gmt":"2025-07-17T09:34:13","slug":"kociol-warzelny-elektryczny-100l-bartscher-296910","status":"publish","type":"product","link":"https:\/\/www.multifrigo.pl\/sklep\/produkt\/kociol-warzelny-elektryczny-100l-bartscher-296910\/","title":{"rendered":"Kocio\u0142 warzelny elektryczny 100L | Bartscher 296910"},"content":{"rendered":"<p><b>Kocio\u0142 warzelny elektryczny 100L<\/b><\/p>\n<p>Solidne wykonanie z wysokiej jako\u015bci stali szlachetnej CrNiSi 18\/10 sprawia, \u017ce seria 900 Master to idealny wyb&oacute;r dla nowoczesnej i profesjonalnej kuchni o wysokich standardach. Najwy\u017csza jako\u015b\u0107, wszechstronno\u015b\u0107 i wysoka wydajno\u015b\u0107.<\/p><\/p>\n","protected":false},"excerpt":{"rendered":"<p>Kocio\u0142 warzelny elektryczny 100L Solidne wykonanie z wysokiej jako\u015bci stali szlachetnej CrNiSi 18\/10 sprawia, \u017ce seria 900 Master to idealny wyb&oacute;r dla nowoczesnej i profesjonalnej kuchni o wysokich standardach. Najwy\u017csza jako\u015b\u0107, wszechstronno\u015b\u0107 i wysoka wydajno\u015b\u0107.<\/p>\n","protected":false},"featured_media":52673,"template":"","meta":{"_et_pb_use_builder":"","_et_pb_old_content":"","_et_gb_content_width":""},"pwb-brand":[1577],"product_brand":[],"product_cat":[616],"product_tag":[],"class_list":{"0":"post-49310","1":"product","2":"type-product","3":"status-publish","4":"has-post-thumbnail","6":"pwb-brand-bartscher","7":"product_cat-kotly-warzelne","9":"first","10":"instock","11":"taxable","12":"shipping-taxable","13":"purchasable","14":"product-type-simple"},"brands":[{"id":1577,"name":"Bartscher","slug":"bartscher"}],"_links":{"self":[{"href":"https:\/\/www.multifrigo.pl\/sklep\/wp-json\/wp\/v2\/product\/49310","targetHints":{"allow":["GET"]}}],"collection":[{"href":"https:\/\/www.multifrigo.pl\/sklep\/wp-json\/wp\/v2\/product"}],"about":[{"href":"https:\/\/www.multifrigo.pl\/sklep\/wp-json\/wp\/v2\/types\/product"}],"wp:featuredmedia":[{"embeddable":true,"href":"https:\/\/www.multifrigo.pl\/sklep\/wp-json\/wp\/v2\/media\/52673"}],"wp:attachment":[{"href":"https:\/\/www.multifrigo.pl\/sklep\/wp-json\/wp\/v2\/media?parent=49310"}],"wp:term":[{"taxonomy":"pwb-brand","embeddable":true,"href":"https:\/\/www.multifrigo.pl\/sklep\/wp-json\/wp\/v2\/pwb-brand?post=49310"},{"taxonomy":"product_brand","embeddable":true,"href":"https:\/\/www.multifrigo.pl\/sklep\/wp-json\/wp\/v2\/product_brand?post=49310"},{"taxonomy":"product_cat","embeddable":true,"href":"https:\/\/www.multifrigo.pl\/sklep\/wp-json\/wp\/v2\/product_cat?post=49310"},{"taxonomy":"product_tag","embeddable":true,"href":"https:\/\/www.multifrigo.pl\/sklep\/wp-json\/wp\/v2\/product_tag?post=49310"}],"curies":[{"name":"wp","href":"https:\/\/api.w.org\/{rel}","templated":true}]}}