{"id":49317,"date":"2024-09-09T07:05:25","date_gmt":"2024-09-09T07:05:25","guid":{"rendered":"https:\/\/www.multifrigo.pl\/sklep\/produkt\/kociol-warzelny-elektryczny-z-ogrzewaniem-posrednim-145-l-bartscher-280016\/"},"modified":"2025-07-17T08:54:59","modified_gmt":"2025-07-17T08:54:59","slug":"kociol-warzelny-elektryczny-z-ogrzewaniem-posrednim-145-l-bartscher-280016","status":"publish","type":"product","link":"https:\/\/www.multifrigo.pl\/sklep\/produkt\/kociol-warzelny-elektryczny-z-ogrzewaniem-posrednim-145-l-bartscher-280016\/","title":{"rendered":"Kocio\u0142 warzelny elektryczny z ogrzewaniem po\u015brednim 145 l | Bartscher 280016"},"content":{"rendered":"<p><b>Kocio\u0142 warzelny elektryczny z ogrzewaniem po\u015brednim 145 l<\/b><\/p>\n","protected":false},"excerpt":{"rendered":"<p>Kocio\u0142 warzelny elektryczny z ogrzewaniem po\u015brednim 145 l<\/p>\n","protected":false},"featured_media":52698,"template":"","meta":{"_et_pb_use_builder":"","_et_pb_old_content":"","_et_gb_content_width":""},"pwb-brand":[1577],"product_brand":[],"product_cat":[616],"product_tag":[],"class_list":{"0":"post-49317","1":"product","2":"type-product","3":"status-publish","4":"has-post-thumbnail","6":"pwb-brand-bartscher","7":"product_cat-kotly-warzelne","9":"first","10":"instock","11":"taxable","12":"shipping-taxable","13":"purchasable","14":"product-type-simple"},"brands":[{"id":1577,"name":"Bartscher","slug":"bartscher"}],"_links":{"self":[{"href":"https:\/\/www.multifrigo.pl\/sklep\/wp-json\/wp\/v2\/product\/49317","targetHints":{"allow":["GET"]}}],"collection":[{"href":"https:\/\/www.multifrigo.pl\/sklep\/wp-json\/wp\/v2\/product"}],"about":[{"href":"https:\/\/www.multifrigo.pl\/sklep\/wp-json\/wp\/v2\/types\/product"}],"wp:featuredmedia":[{"embeddable":true,"href":"https:\/\/www.multifrigo.pl\/sklep\/wp-json\/wp\/v2\/media\/52698"}],"wp:attachment":[{"href":"https:\/\/www.multifrigo.pl\/sklep\/wp-json\/wp\/v2\/media?parent=49317"}],"wp:term":[{"taxonomy":"pwb-brand","embeddable":true,"href":"https:\/\/www.multifrigo.pl\/sklep\/wp-json\/wp\/v2\/pwb-brand?post=49317"},{"taxonomy":"product_brand","embeddable":true,"href":"https:\/\/www.multifrigo.pl\/sklep\/wp-json\/wp\/v2\/product_brand?post=49317"},{"taxonomy":"product_cat","embeddable":true,"href":"https:\/\/www.multifrigo.pl\/sklep\/wp-json\/wp\/v2\/product_cat?post=49317"},{"taxonomy":"product_tag","embeddable":true,"href":"https:\/\/www.multifrigo.pl\/sklep\/wp-json\/wp\/v2\/product_tag?post=49317"}],"curies":[{"name":"wp","href":"https:\/\/api.w.org\/{rel}","templated":true}]}}